{"id":7139,"date":"2024-03-18T08:17:53","date_gmt":"2024-03-18T16:17:53","guid":{"rendered":"https:\/\/darkslategrey-otter-798920.hostingersite.com\/?page_id=7139"},"modified":"2026-03-20T04:03:56","modified_gmt":"2026-03-20T03:03:56","slug":"forsendelses-og-refusionspolitik","status":"publish","type":"page","link":"https:\/\/onixxx.com\/da\/shipping-and-refund-policy\/","title":{"rendered":"Forsendelses- og refusionspolitik"},"content":{"rendered":"<p><strong>Pr\u00e6ambel<\/strong><\/p>\n\n\n\n<p>Du er ansvarlig for forsendelsesomkostningerne forbundet med returneringen af din vare. Vi er ikke ansvarlige for tab eller skade under transport.<\/p>\n\n\n\n<p>Du skal ogs\u00e5 forudbetale forsendelse og forsikring (hvis relevant) for alle returneringer. Hvis din returnering er berettiget til en refusion, inkluderer den ikke forsendelses- og h\u00e5ndteringsomkostninger, der kan fremg\u00e5 af f\u00f8lgesedlen eller fakturaen.<\/p>\n\n\n\n<p>N\u00e5r vi modtager det returnerede produkt, vil vi unders\u00f8ge det og give dig besked via e-mail inden for en rimelig periode, hvis du er berettiget til refusion eller ombytning. Hvis du er berettiget til ombytning eller tilbagebetaling, erstatter vi produktet eller refunderer k\u00f8bsprisen (afh\u00e6ngigt af den oprindelige betalingsmetode).<\/p>\n\n\n\n<p>Kontaktoplysninger:<\/p>\n\n\n\n<p>Link til hjemmeside: <a href=\"https:\/\/onixxx.com\/da\/\" title=\"Hjem\" data-wpil-monitor-id=\"6\">onixxx.com<\/a><br>Virksomhedens navn: Brand Success <\/p>\n\n\n\n<p>Siret: 83353766500022<br>Postadresse: 78 avenue des champs Elys\u00e9e \u2013 bureau 562 \u2013 75008 PARIS \u2013 FRANKRIG<br>Telefonnummer: 0767010363<br>E-mail-adresse: contact@onixxx.com<\/p>\n\n\n\n<p><strong>Artikel 1 \u2013 Returnering af u\u00e5bnede varer:<\/strong><\/p>\n\n\n\n<p>Vi accepterer kun returnering af varer, der returneres inden for 14 dage efter levering, som angivet af den originale sporingsinformation.<\/p>\n\n\n\n<p><strong>Artikel 2 - Udvekslinger<\/strong><\/p>\n\n\n\n<p>Vi ombytter kun defekte eller beskadigede varer. Hvis du anser et produkt for at v\u00e6re defekt, bedes du kontakte os inden for 14 dage efter dit k\u00f8b p\u00e5 telefonnummeret eller e-mailadressen, der er vist \u00f8verst p\u00e5 siden, og oplyse detaljer om produktet og defekten. Vi vil derefter r\u00e5dgive dig om, hvordan du returnerer produktet.<\/p>\n\n\n\n<p><strong>Artikel 3 \u2013 Forsendelse<\/strong><\/p>\n\n\n\n<p>I tilf\u00e6lde af, at kunden \u00f8nsker at returnere det k\u00f8bte produkt p\u00e5 siden til s\u00e6lgeren af en hvilken som helst \u00e5rsag, skal kunden informere s\u00e6lger p\u00e5 forh\u00e5nd, s\u00e5ledes at denne kan kommunikere instruktionerne vedr\u00f8rende returneringen af produktet. Hvis kunden returnerer produktet til s\u00e6lger p\u00e5 eget initiativ, kan s\u00e6lger afvise pakken og ikke g\u00e5 videre med tilbagebetalingen.<\/p>\n\n\n\n<p>Vi er ikke ansvarlige for tab eller skade under transport. Hvis din returnering er berettiget til en refusion, inkluderer den ikke forsendelses- og h\u00e5ndteringsomkostninger, der kan fremg\u00e5 af f\u00f8lgesedlen eller fakturaen.<\/p>\n\n\n\n<p>For at returnere eller ombytte den vare, du har k\u00f8bt, bedes du sende den, sammen med en kopi af din kvittering og alle andre oplysninger om dit k\u00f8b, til nedenst\u00e5ende adresse:<\/p>\n\n\n\n<p>Brand Success - 78 avenue des champs Elys\u00e9e - bureau 562 - 75008 PARIS - FRANKRIG<\/p>\n\n\n\n<p><strong>Artikel 4 \u2013 Behandling<\/strong><\/p>\n\n\n\n<p>N\u00e5r vi modtager din vare, unders\u00f8ger vi den og giver dig besked via e-mail inden for rimelig tid, om du har ret til refusion eller ombytning.<\/p>\n\n\n\n<p>Hvis du er berettiget til refusion, refunderer vi k\u00f8bsprisen, og der vil blive krediteret den oprindelige betalingsmetode. Forsendelses- og ekspeditionsgebyrer, du allerede har betalt, kan ikke refunderes, og refunderede bel\u00f8b inkluderer ikke forsendelsesomkostninger.<br>Der kan maksimalt g\u00e5 14 hverdage efter modtagelsen af vores e-mail, f\u00f8r refusionen er modtaget.<\/p>\n\n\n\n<p>Hvis du er berettiget til ombytning, sender vi en ny vare til den oprindelige leveringsadresse.<\/p>\n\n\n\n<p><strong>Artikel 5 \u2013 Gaver<\/strong><\/p>\n\n\n\n<p>Hvis den returnerede vare blev identificeret som en gave p\u00e5 k\u00f8bstidspunktet og blev sendt direkte til dig, vil du modtage en gavekredit svarende til v\u00e6rdien af din returnering. Hvis varen ikke blev identificeret som en gave p\u00e5 k\u00f8bstidspunktet, eller hvis gavegiveren foretrak at modtage varen f\u00f8rst og tilbyde den til dig senere, sender vi en refusion til gavegiveren, og han vil vide, at du har returneret varen.<\/p>\n\n\n\n<p><strong>Artikel 6 \u2013 Undtagelse fra fortrydelses- og tilbagebetalingsretten<\/strong><\/p>\n\n\n\n<p>Alle personlige varer lavet p\u00e5 bestilling fra vores produktkatalog er ikke berettiget til returnering eller refusion. Disse varer anses for at v\u00e6re ikke-refunderbare eller en del af et endeligt salg.<\/p>\n\n\n\n<p>Ikke desto mindre nyder personlige produkter godt af retten til overensstemmelse som defineret i vores generelle salgsbetingelser. Virksomheden er ikke forpligtet til at refundere meromkostninger, hvis forbrugeren udtrykkeligt har valgt en leveringsm\u00e5de, der er dyrere end den standardleveringsm\u00e5de, fagmanden foresl\u00e5r.<\/p>","protected":false},"excerpt":{"rendered":"<p>Preamble You will be responsible for the shipping costs associated with the return of your item. We are not responsible for loss or damage in transit. You must also prepay shipping and insurance (if applicable) [&hellip;]<\/p>\n","protected":false},"author":4,"featured_media":0,"parent":0,"menu_order":0,"comment_status":"closed","ping_status":"closed","template":"","meta":{"_seopress_robots_primary_cat":"","_seopress_titles_title":"Shipping and refund policy | Onixxx","_seopress_titles_desc":"Preamble You will be responsible for the shipping costs associated with the return of your item. We are not responsible for loss or damage in transit. Y...","_seopress_robots_index":"","site-sidebar-layout":"default","site-content-layout":"","ast-site-content-layout":"default","site-content-style":"default","site-sidebar-style":"default","ast-global-header-display":"","ast-banner-title-visibility":"","ast-main-header-display":"","ast-hfb-above-header-display":"","ast-hfb-below-header-display":"","ast-hfb-mobile-header-display":"","site-post-title":"","ast-breadcrumbs-content":"","ast-featured-img":"","footer-sml-layout":"","ast-disable-related-posts":"","theme-transparent-header-meta":"","adv-header-id-meta":"","stick-header-meta":"","header-above-stick-meta":"","header-main-stick-meta":"","header-below-stick-meta":"","astra-migrate-meta-layouts":"set","ast-page-background-enabled":"default","ast-page-background-meta":{"desktop":{"background-color":"","background-image":"","background-repeat":"repeat","background-position":"center center","background-size":"auto","background-attachment":"scroll","background-type":"","background-media":"","overlay-type":"","overlay-color":"","overlay-opacity":"","overlay-gradient":""},"tablet":{"background-color":"","background-image":"","background-repeat":"repeat","background-position":"center center","background-size":"auto","background-attachment":"scroll","background-type":"","background-media":"","overlay-type":"","overlay-color":"","overlay-opacity":"","overlay-gradient":""},"mobile":{"background-color":"","background-image":"","background-repeat":"repeat","background-position":"center center","background-size":"auto","background-attachment":"scroll","background-type":"","background-media":"","overlay-type":"","overlay-color":"","overlay-opacity":"","overlay-gradient":""}},"ast-content-background-meta":{"desktop":{"background-color":"var(--ast-global-color-5)","background-image":"","background-repeat":"repeat","background-position":"center center","background-size":"auto","background-attachment":"scroll","background-type":"","background-media":"","overlay-type":"","overlay-color":"","overlay-opacity":"","overlay-gradient":""},"tablet":{"background-color":"var(--ast-global-color-5)","background-image":"","background-repeat":"repeat","background-position":"center center","background-size":"auto","background-attachment":"scroll","background-type":"","background-media":"","overlay-type":"","overlay-color":"","overlay-opacity":"","overlay-gradient":""},"mobile":{"background-color":"var(--ast-global-color-5)","background-image":"","background-repeat":"repeat","background-position":"center center","background-size":"auto","background-attachment":"scroll","background-type":"","background-media":"","overlay-type":"","overlay-color":"","overlay-opacity":"","overlay-gradient":""}},"footnotes":""},"class_list":["post-7139","page","type-page","status-publish","hentry"],"_links":{"self":[{"href":"https:\/\/onixxx.com\/da\/wp-json\/wp\/v2\/pages\/7139","targetHints":{"allow":["GET"]}}],"collection":[{"href":"https:\/\/onixxx.com\/da\/wp-json\/wp\/v2\/pages"}],"about":[{"href":"https:\/\/onixxx.com\/da\/wp-json\/wp\/v2\/types\/page"}],"author":[{"embeddable":true,"href":"https:\/\/onixxx.com\/da\/wp-json\/wp\/v2\/users\/4"}],"replies":[{"embeddable":true,"href":"https:\/\/onixxx.com\/da\/wp-json\/wp\/v2\/comments?post=7139"}],"version-history":[{"count":2,"href":"https:\/\/onixxx.com\/da\/wp-json\/wp\/v2\/pages\/7139\/revisions"}],"predecessor-version":[{"id":15847,"href":"https:\/\/onixxx.com\/da\/wp-json\/wp\/v2\/pages\/7139\/revisions\/15847"}],"wp:attachment":[{"href":"https:\/\/onixxx.com\/da\/wp-json\/wp\/v2\/media?parent=7139"}],"curies":[{"name":"wp","href":"https:\/\/api.w.org\/{rel}","templated":true}]}}