{"id":7126,"date":"2024-03-18T07:55:39","date_gmt":"2024-03-18T15:55:39","guid":{"rendered":"https:\/\/darkslategrey-otter-798920.hostingersite.com\/?page_id=7126"},"modified":"2026-03-20T04:04:18","modified_gmt":"2026-03-20T03:04:18","slug":"nutzungsbedingungen","status":"publish","type":"page","link":"https:\/\/onixxx.com\/de\/terms-of-use\/","title":{"rendered":"Nutzungsbedingungen"},"content":{"rendered":"<p><strong>Artikel 1 \u2013 Rechtliche Informationen<\/strong><\/p>\n\n\n\n<p>1.1 Website (nachfolgend \u201edie Website\u201c): onixxx.com<br>1.2 Herausgeber (nachfolgend \u201cder Herausgeber\u201d):\nDer vorliegende Rechtsvermerk gilt f\u00fcr alle auf der Website https:\/\/onixxx.com abgeschlossenen Verk\u00e4ufe.<br>Die Kontaktdaten des Unternehmens lauten wie folgt:<\/p>\n\n\n\n<p>Website-Link: onixxx.com<br>Firmenname: Brand Success<br>Siret: 83353766500022<br>Postanschrift: 78 avenue des champs Elys\u00e9e \u2013 B\u00fcro 562 \u2013 75008 PARIS<br>Telefonnummer: 0767010363<br>E-Mail-Adresse: contact@onixxx.com<\/p>\n\n\n\n<p>1.3 Der Leiter der Ver\u00f6ffentlichung, Herr Heim, ist unter der gleichen Adresse wie der Herausgeber zu erreichen.<br>1.4 Hosting F\u00fcr das Hosting der Website ist Easyhoster \u2013 Kim Communication \u2013 Unit B, 3\/F, Kai Wan House, 146 Tung Choi Street, Mongkok, Kowloon, 999077, Hong Kong verantwortlich.<\/p>\n\n\n\n<p><strong>Artikel 2 \u2013 Zugang zur Website<\/strong><\/p>\n\n\n\n<p>Der Zugriff auf die Website und ihre Nutzung sind ausschlie\u00dflich f\u00fcr den pers\u00f6nlichen Gebrauch bestimmt. Sie verpflichten sich, diese Website oder die darin enthaltenen Informationen oder Daten nicht f\u00fcr kommerzielle, werbliche, politische oder sonstige Formen kommerzieller Werbung zu verwenden.<\/p>\n\n\n\n<p><strong>Artikel 3 \u2013 Inhalt der Website<\/strong><\/p>\n\n\n\n<p>Alle Marken, Fotos, Texte, Kommentare, Illustrationen, Bilder (animiert oder nicht), Videosequenzen, Sounds sowie alle Computeranwendungen, die zum Betrieb dieser Site verwendet werden k\u00f6nnen, sind durch Gesetze zum Schutz des geistigen Eigentums gesch\u00fctzt.<br>Sie sind das vollst\u00e4ndige Eigentum des Herausgebers oder seiner Partner. Jede Vervielf\u00e4ltigung, Darstellung, Verwendung oder Anpassung aller oder eines Teils dieser Elemente, einschlie\u00dflich Computeranwendungen, in jeglicher Form ohne vorherige schriftliche Zustimmung des Herausgebers ist streng verboten.<\/p>\n\n\n\n<p>Die Tatsache, dass der Herausgeber nicht sofort nach Kenntniserlangung einer solchen unberechtigten Nutzung ein Verfahren einleitet, bedeutet nicht, dass er diese Nutzung akzeptiert und auf eine Strafverfolgung verzichtet.<\/p>\n\n\n\n<p><strong>Artikel 4 \u2013 Site-Management<\/strong><\/p>\n\n\n\n<p>Um eine ordnungsgem\u00e4\u00dfe Verwaltung der Website zu gew\u00e4hrleisten, kann der Herausgeber jederzeit: \u2013 die Website aussetzen, um Aktualisierungen vorzunehmen.<br>den Zugriff auf die gesamte oder Teile der Website aussetzen, unterbrechen oder beschr\u00e4nken oder den Zugriff auf die Website oder bestimmte Teile der Website einer bestimmten Kategorie von Internetnutzern vorbehalten;<br>alle Informationen zu entfernen, die den Betrieb der Website st\u00f6ren oder gegen nationale oder internationale Gesetze versto\u00dfen k\u00f6nnten;<\/p>\n\n\n\n<p><strong>Artikel 5 \u2013 Haftung<\/strong><\/p>\n\n\n\n<p>Der Herausgeber kann nicht f\u00fcr Ausf\u00e4lle, St\u00f6rungen, Schwierigkeiten oder Betriebsunterbrechungen verantwortlich gemacht werden, die den Zugriff auf die Website oder eine ihrer Funktionen verhindern. Sie sind allein verantwortlich f\u00fcr das Tool, das Sie f\u00fcr die Verbindung mit der Website verwenden. Sie m\u00fcssen alle geeigneten Ma\u00dfnahmen ergreifen, um Ihr Tool und Ihre eigenen Daten zu sch\u00fctzen. Sie sind auch allein verantwortlich f\u00fcr die Websites und Daten, die Sie aufrufen.<\/p>\n\n\n\n<p>Der Herausgeber kann nicht haftbar gemacht werden, wenn gegen Sie rechtliche Schritte eingeleitet werden: \u2013 aufgrund der Nutzung der Site oder eines \u00fcber das Internet zug\u00e4nglichen Dienstes; \u2013 aufgrund der Nichteinhaltung dieser Bedingungen durch Sie.<\/p>\n\n\n\n<p>Der Herausgeber ist nicht f\u00fcr Sch\u00e4den verantwortlich, die Ihnen, Dritten und\/oder Ihrer Ausr\u00fcstung durch Ihre Verbindung mit der Site oder deren Nutzung entstehen, und Sie verzichten hiermit auf jegliche Anspr\u00fcche gegen\u00fcber dem Herausgeber in dieser Hinsicht. Sollte der Herausgeber aufgrund Ihrer Nutzung der Site Gegenstand eines au\u00dfergerichtlichen oder gerichtlichen Verfahrens sein, kann er gegen Sie vorgehen, um eine Entsch\u00e4digung f\u00fcr alle Sch\u00e4den, Betr\u00e4ge, Strafen und Kosten zu erhalten, die aus solchen Verfahren entstehen k\u00f6nnen.<\/p>\n\n\n\n<p><strong>Artikel 6 \u2013 Hypertext-Links<\/strong><\/p>\n\n\n\n<p>Die Erstellung von Hypertext-Links durch Benutzer ist ohne vorherige schriftliche Genehmigung des Herausgebers streng untersagt.<br>Dem Herausgeber steht es frei, eine solche Genehmigung zu verweigern, ohne seine Entscheidung in irgendeiner Weise begr\u00fcnden zu m\u00fcssen. Sollte der Herausgeber seine Genehmigung erteilen, ist diese in jedem Fall nur vor\u00fcbergehend und kann jederzeit widerrufen werden, ohne dass der Herausgeber seine Entscheidung begr\u00fcnden muss.<\/p>\n\n\n\n<p>Die \u00fcber einen Link auf andere Seiten erreichbaren Informationen werden vom Herausgeber nicht ver\u00f6ffentlicht. Der Herausgeber hat keinerlei Rechte an den Inhalten dieser Links.<\/p>\n\n\n\n<p><strong>Artikel 7 \u2013 Datenerhebung und Datenschutz<\/strong><\/p>\n\n\n\n<p>Ihre Daten werden vom Unternehmen erhoben.<br>Personenbezogene Daten sind alle Informationen, die sich auf eine identifizierte oder identifizierbare nat\u00fcrliche Person (betroffene Person) beziehen; als identifizierbar wird eine nat\u00fcrliche Person angesehen, die direkt oder indirekt, insbesondere mittels Zuordnung zu einem Namen, zu einer Kennnummer oder zu einem oder mehreren besonderen Merkmalen identifiziert werden kann, die Ausdruck der physischen, physiologischen, genetischen, psychischen, wirtschaftlichen, kulturellen oder sozialen Identit\u00e4t der betroffenen Person sind.<br>Die auf der Website erhobenen personenbezogenen Daten werden vom Herausgeber haupts\u00e4chlich zur Verwaltung der Gesch\u00e4ftsbeziehung mit Ihnen und gegebenenfalls zur Bearbeitung Ihrer Bestellungen verwendet.<\/p>\n\n\n\n<p><br>Es werden folgende personenbezogene Daten erhoben:<br>\u2013 Vorname<br>\u2013 Nachname<br>\u2013 Postanschrift<br>- Adresse<\/p>\n\n\n\n<p>- E-Mail-Adresse<br>- Telefon<br>Finanzdaten: Bei der Bezahlung der auf der Plattform angebotenen Produkte und Dienstleistungen erfasst die Plattform Finanzdaten in Bezug auf die Kreditkarte des Benutzers.<\/p>\n\n\n\n<p><strong>Artikel 8 \u2013 Recht auf Zugriff, Berichtigung und L\u00f6schung Ihrer Daten<\/strong><\/p>\n\n\n\n<p>In Anwendung der geltenden Vorschriften f\u00fcr personenbezogene Daten haben Benutzer folgende Rechte:<br>Auskunftsrecht: Nutzer k\u00f6nnen ihr Auskunftsrecht hinsichtlich ihrer personenbezogenen Daten aus\u00fcben, indem sie sich per E-Mail an die unten angegebene Adresse wenden. <\/p>\n\n\n\n<p>In diesem Fall vor dem Training <\/p>\n\n\n\n<p>\u2013 Zur Aus\u00fcbung dieses Rechts kann die Plattform einen Identit\u00e4tsnachweis des Nutzers verlangen, um dessen Richtigkeit zu \u00fcberpr\u00fcfen;<br>\u2013 das Recht auf Berichtigung: Wenn die von der Plattform gespeicherten personenbezogenen Daten unrichtig sind, k\u00f6nnen Sie eine Aktualisierung dieser Daten verlangen;<br>\u2013 das Recht auf L\u00f6schung von Daten: Benutzer k\u00f6nnen die L\u00f6schung ihrer personenbezogenen Daten gem\u00e4\u00df den geltenden Datenschutzgesetzen verlangen;<br>\u2013 das Recht auf Einschr\u00e4nkung der Verarbeitung: Benutzer k\u00f6nnen die Plattform auffordern, die Verarbeitung personenbezogener Daten gem\u00e4\u00df den in der DSGVO vorgesehenen Annahmen einzuschr\u00e4nken;<br>\u2013 das Widerspruchsrecht gegen die Datenverarbeitung: Benutzer k\u00f6nnen der Verarbeitung ihrer Daten gem\u00e4\u00df den in der DSGVO vorgesehenen Voraussetzungen widersprechen;<br>\u2013 das Recht auf Portabilit\u00e4t: Sie k\u00f6nnen von der Plattform die Herausgabe der von ihnen bereitgestellten personenbezogenen Daten verlangen, um diese an eine neue Plattform zu \u00fcbertragen.<\/p>\n\n\n\n<p>Sie k\u00f6nnen dieses Recht aus\u00fcben, indem Sie uns unter folgender Adresse kontaktieren: Onixxx \u2013 78 avenue des champs Elys\u00e9e \u2013 bureau 562 \u2013 75008 PARIS. oder per E-Mail unter folgender Adresse: contact@onixxx.com<\/p>\n\n\n\n<p>Allen Anfragen muss eine unterzeichnete Fotokopie eines g\u00fcltigen Ausweisdokuments beiliegen und die Adresse enthalten, unter der der Herausgeber den Antragsteller erreichen kann. Eine Antwort wird innerhalb eines Monats nach Eingang der Anfrage gesendet.<\/p>\n\n\n\n<p>Diese einmonatige Frist kann um zwei Monate verl\u00e4ngert werden, wenn die Komplexit\u00e4t der Anfrage und\/oder die Anzahl der Anfragen dies erfordern.<br>Dar\u00fcber hinaus haben Personen, die dies w\u00fcnschen, seit dem Gesetz Nr. 2016-1321 vom 7. Oktober 2016 die M\u00f6glichkeit, das Schicksal ihrer Daten nach ihrem Tod zu regeln. Weitere Informationen zu diesem Thema finden Sie auf der CNIL-Website: https:\/\/www.cnil.fr\/.<\/p>\n\n\n\n<p>Benutzer k\u00f6nnen auch eine Beschwerde bei der CNIL auf der CNIL-Website einreichen: https:\/\/www.cnil.fr.<br>Wir empfehlen Ihnen, sich zun\u00e4chst an uns zu wenden, bevor Sie eine Beschwerde bei der CNIL einreichen, da wir Ihnen bei der L\u00f6sung Ihres Problems voll und ganz zur Verf\u00fcgung stehen.<\/p>","protected":false},"excerpt":{"rendered":"<p>Article 1 &#8211; Legal information 1.1 Site (hereinafter &#8220;the site&#8221;): onixxx.com1.2 Publisher (hereinafter &#8220;the Publisher&#8221;):\u2028The present legal notice applies to all sales concluded on the https:\/\/onixxx.com website.\u2028The company&#8217;s contact details are as follows: Website link: [&hellip;]<\/p>\n","protected":false},"author":4,"featured_media":0,"parent":0,"menu_order":0,"comment_status":"closed","ping_status":"closed","template":"","meta":{"_seopress_robots_primary_cat":"","_seopress_titles_title":"Terms of use | Onixxx","_seopress_titles_desc":"Article 1 &#8211; Legal information 1.1 Site (hereinafter &#8220;the site&#8221;): onixxx.com1.2 Publisher (hereinafter &#8220;the Publisher&#8221;): Th...","_seopress_robots_index":"","site-sidebar-layout":"default","site-content-layout":"","ast-site-content-layout":"default","site-content-style":"default","site-sidebar-style":"default","ast-global-header-display":"","ast-banner-title-visibility":"","ast-main-header-display":"","ast-hfb-above-header-display":"","ast-hfb-below-header-display":"","ast-hfb-mobile-header-display":"","site-post-title":"","ast-breadcrumbs-content":"","ast-featured-img":"","footer-sml-layout":"","ast-disable-related-posts":"","theme-transparent-header-meta":"","adv-header-id-meta":"","stick-header-meta":"","header-above-stick-meta":"","header-main-stick-meta":"","header-below-stick-meta":"","astra-migrate-meta-layouts":"set","ast-page-background-enabled":"default","ast-page-background-meta":{"desktop":{"background-color":"","background-image":"","background-repeat":"repeat","background-position":"center center","background-size":"auto","background-attachment":"scroll","background-type":"","background-media":"","overlay-type":"","overlay-color":"","overlay-opacity":"","overlay-gradient":""},"tablet":{"background-color":"","background-image":"","background-repeat":"repeat","background-position":"center center","background-size":"auto","background-attachment":"scroll","background-type":"","background-media":"","overlay-type":"","overlay-color":"","overlay-opacity":"","overlay-gradient":""},"mobile":{"background-color":"","background-image":"","background-repeat":"repeat","background-position":"center center","background-size":"auto","background-attachment":"scroll","background-type":"","background-media":"","overlay-type":"","overlay-color":"","overlay-opacity":"","overlay-gradient":""}},"ast-content-background-meta":{"desktop":{"background-color":"var(--ast-global-color-5)","background-image":"","background-repeat":"repeat","background-position":"center center","background-size":"auto","background-attachment":"scroll","background-type":"","background-media":"","overlay-type":"","overlay-color":"","overlay-opacity":"","overlay-gradient":""},"tablet":{"background-color":"var(--ast-global-color-5)","background-image":"","background-repeat":"repeat","background-position":"center center","background-size":"auto","background-attachment":"scroll","background-type":"","background-media":"","overlay-type":"","overlay-color":"","overlay-opacity":"","overlay-gradient":""},"mobile":{"background-color":"var(--ast-global-color-5)","background-image":"","background-repeat":"repeat","background-position":"center center","background-size":"auto","background-attachment":"scroll","background-type":"","background-media":"","overlay-type":"","overlay-color":"","overlay-opacity":"","overlay-gradient":""}},"footnotes":""},"class_list":["post-7126","page","type-page","status-publish","hentry"],"_links":{"self":[{"href":"https:\/\/onixxx.com\/de\/wp-json\/wp\/v2\/pages\/7126","targetHints":{"allow":["GET"]}}],"collection":[{"href":"https:\/\/onixxx.com\/de\/wp-json\/wp\/v2\/pages"}],"about":[{"href":"https:\/\/onixxx.com\/de\/wp-json\/wp\/v2\/types\/page"}],"author":[{"embeddable":true,"href":"https:\/\/onixxx.com\/de\/wp-json\/wp\/v2\/users\/4"}],"replies":[{"embeddable":true,"href":"https:\/\/onixxx.com\/de\/wp-json\/wp\/v2\/comments?post=7126"}],"version-history":[{"count":2,"href":"https:\/\/onixxx.com\/de\/wp-json\/wp\/v2\/pages\/7126\/revisions"}],"predecessor-version":[{"id":15850,"href":"https:\/\/onixxx.com\/de\/wp-json\/wp\/v2\/pages\/7126\/revisions\/15850"}],"wp:attachment":[{"href":"https:\/\/onixxx.com\/de\/wp-json\/wp\/v2\/media?parent=7126"}],"curies":[{"name":"wp","href":"https:\/\/api.w.org\/{rel}","templated":true}]}}