{"id":7135,"date":"2024-03-18T08:12:06","date_gmt":"2024-03-18T16:12:06","guid":{"rendered":"https:\/\/darkslategrey-otter-798920.hostingersite.com\/?page_id=7135"},"modified":"2026-03-20T04:04:03","modified_gmt":"2026-03-20T03:04:03","slug":"datenschutzrichtlinie","status":"publish","type":"page","link":"https:\/\/onixxx.com\/de\/privacy-policy\/","title":{"rendered":"Datenschutzrichtlinie"},"content":{"rendered":"<p><strong>Pr\u00e4ambel<\/strong>t&nbsp;<\/p>\n\n\n\n<p>Diese Datenschutzrichtlinie gilt f\u00fcr alle Verk\u00e4ufe, die \u00fcber die Website onixxx.com abgeschlossen werden.<\/p>\n\n\n\n<p>Die Kontaktdaten des Unternehmens lauten wie folgt:&nbsp;<\/p>\n\n\n\n<ul class=\"wp-block-list\">\n<li>Der Link zu unserer Website: <a href=\"https:\/\/onixxx.com\/de\/\" title=\"Heim\" data-wpil-monitor-id=\"7\">onixxx.com<\/a><\/li>\n\n\n\n<li>Firmenname: Brand Success<\/li>\n\n\n\n<li>Siret: 83353766500022<\/li>\n\n\n\n<li>Postanschrift: 78 avenue des champs Elys\u00e9e \u2013 B\u00fcro 562 \u2013 75008 PARIS<\/li>\n\n\n\n<li>Telefonnummer: 0767010363<\/li>\n\n\n\n<li>E-Mail-Adresse: contact@onixxx.com<\/li>\n<\/ul>\n\n\n\n<p><strong>Artikel 1 \u2013 Verwendung der Daten<\/strong><\/p>\n\n\n\n<p>Die von den Benutzern gesammelten personenbezogenen Daten werden verwendet, um die Dienste der Website bereitzustellen und zu verbessern und eine sichere Umgebung aufrechtzuerhalten. Die Rechtsgrundlage f\u00fcr die Verarbeitung ist die Erf\u00fcllung des Vertrags zwischen dem Benutzer und der Website. Genauer gesagt werden die Daten f\u00fcr die folgenden Zwecke verwendet:<\/p>\n\n\n\n<p>\u2013 Implementierung der Benutzerunterst\u00fctzung;<\/p>\n\n\n\n<p>\u2013 Zugriff und Nutzung der Website durch den Benutzer;<\/p>\n\n\n\n<p>\u2013 \u00dcberpr\u00fcfung, Identifizierung und Authentifizierung der vom Benutzer \u00fcbermittelten Daten;<\/p>\n\n\n\n<p>\u2013 Personalisierung der Dienste durch die Anzeige von Werbung auf Grundlage des Browserverlaufs und der Pr\u00e4ferenzen des Benutzers;<\/p>\n\n\n\n<p>\u2013 Betrugspr\u00e4vention und -erkennung, Management von Sicherheitsvorf\u00e4llen und Schadsoftware;<\/p>\n\n\n\n<p>\u2013 Verwaltung eventueller Streitigkeiten mit Benutzern;<\/p>\n\n\n\n<p>\u2013 Verwaltung des Betriebs und der Optimierung der Website;<\/p>\n\n\n\n<p>\u2013 Senden von kommerziellen und Werbeinformationen basierend auf den Pr\u00e4ferenzen des Benutzers;<\/p>\n\n\n\n<p>\u2013 Gestaltung der Nutzungsbedingungen der Zahlungsdienste.<\/p>\n\n\n\n<p><strong>Artikel 2 \u2013 Richtlinie zur Datenaufbewahrung<\/strong><\/p>\n\n\n\n<p>Die Website speichert Ihre Daten so lange, wie es erforderlich ist, um Ihnen ihre Dienste und ihren Support bereitzustellen.&nbsp;<\/p>\n\n\n\n<p>Der Zweck besteht darin, regulatorische und gesetzliche Verpflichtungen zu erf\u00fcllen, Betrug vorzubeugen und Streitigkeiten beizulegen. Wir k\u00f6nnen bei Bedarf auch einige Ihrer Daten behalten, selbst nachdem Sie Ihr Konto geschlossen haben oder wir Ihnen unsere Dienste nicht mehr zur Verf\u00fcgung stellen m\u00fcssen.<\/p>\n\n\n\n<p><strong>Artikel 3 - Weitergabe personenbezogener Daten an Dritte<\/strong><\/p>\n\n\n\n<p>In den folgenden F\u00e4llen k\u00f6nnen personenbezogene Daten an andere Unternehmen in der Europ\u00e4ischen Union weitergegeben werden:<\/p>\n\n\n\n<p>\u2013 wenn der Nutzer in den freien Kommentarbereichen der Website \u00f6ffentlich zug\u00e4ngliche Informationen ver\u00f6ffentlicht;<\/p>\n\n\n\n<p>\u2013 Sobald der Benutzer die Zahlungsdienste nutzt, steht die Website zur Durchf\u00fchrung dieser Dienste in Kontakt mit Finanz- und Bankunternehmen, mit denen sie Vertr\u00e4ge abgeschlossen hat;<\/p>\n\n\n\n<p>\u2013 wenn der Nutzer einer Website Dritter Zugriff auf seine Daten gestattet;<\/p>\n\n\n\n<p>\u2013 Wenn dies gesetzlich vorgeschrieben ist, kann die Website Daten \u00fcbermitteln, um Anspr\u00fcche gegen die Website geltend zu machen und Verwaltungs- und Gerichtsverfahren nachzukommen.<\/p>\n\n\n\n<p><strong>Artikel 4 \u2013 Aus\u00fcbung Ihrer Rechte<\/strong><\/p>\n\n\n\n<p><strong>F\u00fcr Anfragen zur Aus\u00fcbung der oben genannten Rechte oder f\u00fcr weitere Informationen wenden Sie sich bitte unter der folgenden E-Mail-Adresse an das Unternehmen: <\/strong>contact@onixxx.com oder auf dem Postweg an die folgende Adresse am Hauptsitz des Unternehmens: <strong>Erfolg der Marke <\/strong>78 avenue des champs Elys\u00e9e \u2013 B\u00fcro 562 \u2013 75008 PARIS.<\/p>\n\n\n\n<p>Ihnen stehen hinsichtlich Ihrer Daten nach den gesetzlichen Bestimmungen folgende Rechte zu:<\/p>\n\n\n\n<ul class=\"wp-block-list\">\n<li><strong>Recht auf jederzeitigen Widerruf Ihrer Einwilligung <\/strong>(Art. 13-2c DSGVO) f\u00fcr alle Datenverarbeitungen auf der Rechtsgrundlage Ihrer Zustimmung. Dar\u00fcber hinaus haben Sie im Hinblick auf die kommerzielle Prospektion jederzeit die M\u00f6glichkeit, sich von unseren Mailinglisten abzumelden, indem Sie in unseren Mitteilungen auf den Abmeldelink klicken oder uns kontaktieren, um keine Werbenachrichten mehr zu erhalten.<\/li>\n<\/ul>\n\n\n\n<ul class=\"wp-block-list\">\n<li><strong>Auskunftsrecht <\/strong>auf Ihre Daten, einschlie\u00dflich des Rechts, eine Kopie anzufordern, und auf die in dieser Datenschutzrichtlinie enthaltenen Informationen (Art. 15 DSGVO). Sofern die Rechtsgrundlage f\u00fcr die Verarbeitung unserer Daten unsere berechtigten Interessen sind, haben Sie die M\u00f6glichkeit, vor einer solchen Verarbeitung Informationen \u00fcber die Abw\u00e4gung anzufordern, die wir zwischen den Interessen unserer Kunden und denen des Unternehmens vorgenommen haben.<\/li>\n<\/ul>\n\n\n\n<ul class=\"wp-block-list\">\n<li><strong>Recht auf Berichtigung <\/strong>(Art. 16 DSGVO) und aktualisieren Sie Ihre bei uns gespeicherten Daten.<\/li>\n<\/ul>\n\n\n\n<ul class=\"wp-block-list\">\n<li><strong>Recht auf L\u00f6schung von <\/strong>Ihre Daten (Art. 17 DSGVO), wenn wir diese nicht mehr ben\u00f6tigen, Sie Ihre Einwilligung zur Verarbeitung widerrufen (sofern diese auf unserer Einwilligung beruhte) oder Sie Widerspruch gegen eine Verarbeitung einlegen, die auf unserem berechtigten Interesse beruht, oder gegen eine Verarbeitung zu Werbezwecken oder zu Profilingzwecken im Zusammenhang mit der Werbekampagne.<\/li>\n<\/ul>\n\n\n\n<ul class=\"wp-block-list\">\n<li><strong>Recht auf Einschr\u00e4nkung <\/strong>Eine Verarbeitung darf, sofern keine zwingenden Gr\u00fcnde vorliegen, nur mit Ihrer Einwilligung erfolgen (Art. 18 DSGVO), wenn:<\/li>\n\n\n\n<li>Sie bestreiten die Richtigkeit der Daten f\u00fcr die Dauer der \u00dcberpr\u00fcfung<\/li>\n\n\n\n<li>Wenn die Datenverarbeitung unrechtm\u00e4\u00dfig ist, Sie aber eine L\u00f6schung ablehnen und stattdessen eine Einschr\u00e4nkung der Verarbeitung w\u00fcnschen,<\/li>\n\n\n\n<li>wenn wir die Daten nicht mehr ben\u00f6tigen, Sie diese jedoch noch zur Geltendmachung, Aus\u00fcbung oder Verteidigung von Rechtsanspr\u00fcchen ben\u00f6tigen.<\/li>\n\n\n\n<li>Wenn Sie der Verarbeitung auf Grundlage unserer berechtigten Interessen widersprochen haben, f\u00fcr die Dauer, die zur Abw\u00e4gung unserer jeweiligen Interessen erforderlich ist<em>.&nbsp;<\/em><\/li>\n<\/ul>\n\n\n\n<ul class=\"wp-block-list\">\n<li><strong>Recht auf Portabilit\u00e4t <\/strong>von Daten, die direkt von der betroffenen Person bereitgestellt wurden, wenn sie einer automatisierten Verarbeitung auf der Grundlage Ihrer Zustimmung oder eines Vertrags unterliegen (Art. 20 DSGVO). Dieses Recht bedeutet, dass Sie die M\u00f6glichkeit haben, die \u00dcbermittlung dieser Daten in einem strukturierten, allgemein verwendeten und maschinenlesbaren Format anzufordern, damit sie an einen anderen Datenverarbeiter \u00fcbermittelt werden k\u00f6nnen.<\/li>\n<\/ul>\n\n\n\n<ul class=\"wp-block-list\">\n<li><strong>Widerspruchsrecht <\/strong>(Art. 21 DSGVO) der Verarbeitung Ihrer Daten, wenn diese Verarbeitung auf der Grundlage unserer berechtigten Interessen erfolgt.<\/li>\n<\/ul>\n\n\n\n<ul class=\"wp-block-list\">\n<li><strong>Das Recht, zu bestimmen, was mit Ihren Daten nach Ihrem Tod geschieht <\/strong>(Art. 40-1 des Gesetzes 78-17 vom 6. Januar 1978) und eine vertrauensw\u00fcrdige Drittpartei auszuw\u00e4hlen, der das Unternehmen die Abwicklung anvertrauen kann.<\/li>\n<\/ul>\n\n\n\n<p><strong>Artikel 5 \u2013 Adressaten<\/strong><\/p>\n\n\n\n<p>Wir verpflichten uns, sicherzustellen, dass jeder Datenempf\u00e4nger ausreichende und angemessene vertragliche Garantien zur Wahrung Ihrer Rechte bietet, sodass die Verarbeitung den Anforderungen der DSGVO entspricht, sofern diese Verordnung Anwendung findet (insbesondere in Bezug auf die Vergabe von Unterauftr\u00e4gen). Aufgrund unserer gesetzlichen Verpflichtungen k\u00f6nnen Ihre Daten in Anwendung eines Gesetzes, einer Verordnung oder aufgrund einer Entscheidung einer zust\u00e4ndigen Regulierungs- oder Justizbeh\u00f6rde offengelegt werden.<\/p>\n\n\n\n<p>Die Informationen, die Sie uns \u00fcbermitteln, sind streng vertraulich und d\u00fcrfen nicht an Dritte weitergegeben werden, es sei denn, Sie haben ausdr\u00fccklich zugestimmt oder Sie haben sich gem\u00e4\u00df den in der Verordnung vorgesehenen Bedingungen f\u00fcr die Ver\u00f6ffentlichung entschieden.&nbsp;<\/p>\n\n\n\n<p>Im Rahmen der oben beschriebenen Verarbeitung k\u00f6nnen auch unsere externen Dienstleister (z. B. Lieferanten, Transporteure, etc.) personenbezogene Daten erhalten, soweit dies zur Erf\u00fcllung ihrer Aufgaben erforderlich ist.<\/p>\n\n\n\n<p>Wir verpflichten uns, die geltenden Vorschriften f\u00fcr die Daten\u00fcbermittlung in L\u00e4nder au\u00dferhalb der Europ\u00e4ischen Union einzuhalten, insbesondere in folgender Weise:<\/p>\n\n\n\n<ul class=\"wp-block-list\">\n<li>Wir werden die Daten von Besuchern, Interessenten und Kunden in L\u00e4nder \u00fcbermitteln, die ein anerkannt angemessenes Schutzniveau bieten;<\/li>\n\n\n\n<li>Wenn im Zielland kein angemessenes Schutzniveau besteht, verwenden wir \u00dcbermittlungsinstrumente, die den Vorschriften entsprechen (insbesondere den Standardvertragsklauseln der Europ\u00e4ischen Kommission).<\/li>\n<\/ul>\n\n\n\n<p>Wir k\u00f6nnen aggregierte Informationen (Informationen zu Site-Benutzern, Interessenten, Kunden usw.) ver\u00f6ffentlichen, offenlegen und verwenden, die wir so kombinieren, dass keine nat\u00fcrliche Person individuell identifizierbar ist. Diese Verarbeitung erfolgt in \u00dcbereinstimmung mit unserem berechtigten Interesse f\u00fcr statistische Zwecke, Branchen- und Marktanalysen, die Pr\u00e4sentation unserer Aktivit\u00e4ten, Werbe- und Verkaufsf\u00f6rderungszwecke und andere kommerzielle Zwecke.<\/p>\n\n\n\n<p><strong>Artikel 6 \u2013 Kommerzielle Angebote<\/strong><\/p>\n\n\n\n<p>Ihre Daten k\u00f6nnen von den Partnern des Herausgebers f\u00fcr kommerzielle Prospektionszwecke verwendet werden.<\/p>\n\n\n\n<p>Wenn Sie beim Aufrufen der Website auf personenbezogene Daten zugreifen, m\u00fcssen Sie von der Erhebung und unbefugten Nutzung dieser Daten sowie von Handlungen absehen, die einen Angriff auf die Privatsph\u00e4re oder den Ruf von Personen darstellen k\u00f6nnten. Der Herausgeber lehnt diesbez\u00fcglich jede Verantwortung ab.<\/p>\n\n\n\n<p>Die Daten werden im Rahmen der geltenden Gesetzgebung f\u00fcr einen bestimmten Zeitraum gespeichert und genutzt.<\/p>\n\n\n\n<p><br><strong>Artikel 7 \u2013 <\/strong>Dieses Portal verwendet Cookies zur Optimierung der Browserfunktion. Informieren Sie sich, wie wir Cookies verwenden und wie Sie Ihre Einstellungen \u00e4ndern k\u00f6nnen.&nbsp;<\/p>\n\n\n\n<p>Was ist ein Cookie?<\/p>\n\n\n\n<p>Ein \u201eCookie\u201c ist eine elektronische Datei, die auf einem Endger\u00e4t (Computer, Tablet, Smartphone usw.) abgelegt und beispielsweise beim Aufrufen einer Website, Lesen einer E-Mail, Installieren oder Verwenden einer Software oder einer mobilen Anwendung gelesen wird, unabh\u00e4ngig vom Endger\u00e4tetyp.<\/p>\n\n\n\n<p>Gegebenenfalls k\u00f6nnen mit Ihrer Zustimmung Cookies des Site-Herausgebers und\/oder von Drittunternehmen auf Ihrem Endger\u00e4t abgelegt werden. In diesem Fall wird beim ersten Besuch dieser Site ein Banner mit einer Erkl\u00e4rung zur Verwendung von Cookies angezeigt. Bevor der Kunde und\/oder potenzielle Kunde weiter surfen kann, muss er die Verwendung von Cookies akzeptieren oder ablehnen. Die erteilte Zustimmung ist dreizehn (13) Monate lang g\u00fcltig. Der Benutzer kann Cookies jederzeit deaktivieren.<\/p>\n\n\n\n<p>Die folgenden Cookies k\u00f6nnen auf dieser Website vorhanden sein:<\/p>\n\n\n\n<p><strong>Google-Cookies:<\/strong><\/p>\n\n\n\n<p>\u2013 Google Analytics: wird verwendet, um die Besucherzahl der Website zu messen;<\/p>\n\n\n\n<p>\u2013 Google Tag Manager: erleichtert die Implementierung von Tags auf Seiten und die Verwaltung von Google-Tags;<\/p>\n\n\n\n<p>\u2013 Google Adsense: das Werbenetzwerk von Google, das YouTube-Websites oder -Videos als Medium f\u00fcr seine Anzeigen nutzt;&nbsp;<\/p>\n\n\n\n<p>\u2013 Google Dynamic Remarketing: erm\u00f6glicht dynamische Werbung auf Grundlage vorheriger Suchanfragen;&nbsp;<\/p>\n\n\n\n<p>\u2013 Google Adwords Conversion: Tool zur Verfolgung von AdWords-Kampagnen;&nbsp;<\/p>\n\n\n\n<p>\u2013 DoubleClick: Werbe-Cookies von Google zur Anzeige von Bannern.<\/p>\n\n\n\n<p><strong>Meta-Cookies:<\/strong><\/p>\n\n\n\n<p>\u2013 Facebook Connect: erm\u00f6glicht Ihnen, sich mit Ihrem Facebook-Konto anzumelden;<\/p>\n\n\n\n<p>\u2013 Facebook-Social-Plugins: erm\u00f6glichen es Ihnen, Inhalte mit einem Facebook-Konto zu liken, zu teilen und zu kommentieren;<\/p>\n\n\n\n<p>\u2013 Facebook Custom Audience: erm\u00f6glicht Ihnen die Interaktion mit Ihrem Publikum auf Facebook.<\/p>\n\n\n\n<p><strong>Twitter-Cookies:<\/strong><\/p>\n\n\n\n<p>Twitter-Button: erleichtert das Teilen und Anzeigen von Twitter-Inhalten;<\/p>\n\n\n\n<p>\u2013 Twitter-Werbung: erm\u00f6glicht Ihnen die Anzeige und gezielte Werbung \u00fcber das Werbenetzwerk von Twitter.<\/p>\n\n\n\n<p><strong>Linkedin-Cookies:<\/strong><\/p>\n\n\n\n<p>Linkedin lms_analytics: wird verwendet, um LinkedIn-Benutzer au\u00dferhalb der LinkedIn-Site zu Werbezwecken zu identifizieren.<\/p>\n\n\n\n<p>Linkedin lidc: Optimierung der Rechenzentrumsauswahl<\/p>\n\n\n\n<p>\u2013 Linkedin li_sugr: wird verwendet, um eine Wahrscheinlichkeits\u00fcbereinstimmung mit der Identit\u00e4t eines Benutzers au\u00dferhalb der angegebenen L\u00e4nder zu finden.<\/p>\n\n\n\n<p><strong>TikTok-Cookies <\/strong>:&nbsp;<\/p>\n\n\n\n<p>TikTok-Anzeigen: Erm\u00f6glicht das Bewerben von Werbung bei einem Publikum&nbsp;<\/p>\n\n\n\n<p>TikTok-Bibliothek: Suche nach den leistungsst\u00e4rksten Werbekampagnen nach Region<\/p>\n\n\n\n<p><strong>Pinterest Cookies<\/strong>:&nbsp;<\/p>\n\n\n\n<p>\u2013 Pinterest Ads: eine Werbeplattform zur Pr\u00e4sentation von Produkten oder Dienstleistungen<\/p>\n\n\n\n<p>Diese Cookies haben eine Lebensdauer von dreizehn Monaten.<\/p>\n\n\n\n<p><br><strong>Artikel 8 \u2013 Fotos und Darstellung der Produkte<\/strong><\/p>\n\n\n\n<p>Die den Produkten beigef\u00fcgten Fotos und Produktbeschreibungen sind nicht vertraglich bindend und stellen f\u00fcr den Herausgeber keine Verpflichtung dar.<\/p>\n\n\n\n<p><br><strong>Artikel 9 \u2013 Geltendes Recht<\/strong><\/p>\n\n\n\n<p>Die vorliegenden Nutzungsbedingungen der Website unterliegen franz\u00f6sischem Recht und der Zust\u00e4ndigkeit der Gerichte am Gesch\u00e4ftssitz des Herausgebers, vorbehaltlich einer spezifischen Zust\u00e4ndigkeitszuweisung, die sich aus einem bestimmten Gesetzes- oder Verordnungstext ergibt.<\/p>\n\n\n\n<p><br><strong>Artikel 10 \u2013 Kontaktieren Sie uns<\/strong><\/p>\n\n\n\n<p>Wenn Sie Fragen haben oder Informationen \u00fcber die auf der Website vorgestellten Produkte oder \u00fcber die Website selbst ben\u00f6tigen, k\u00f6nnen Sie eine Nachricht an die folgende E-Mail-Adresse senden: contact@onixxx.com &nbsp; &nbsp;<\/p>","protected":false},"excerpt":{"rendered":"<p>Preamble&nbsp; This privacy policy applies to all sales concluded on the website&nbsp;onixxx.com The company&#8217;s contact details are as follows:&nbsp; Article 1 &#8211; Use of data The personal data collected from users is used to provide [&hellip;]<\/p>\n","protected":false},"author":4,"featured_media":0,"parent":0,"menu_order":0,"comment_status":"closed","ping_status":"closed","template":"","meta":{"_seopress_robots_primary_cat":"","_seopress_titles_title":"Privacy policy | Onixxx","_seopress_titles_desc":"Preamble&nbsp; This privacy policy applies to all sales concluded on the website&nbsp;onixxx.com The company&#8217;s contact details are as follows:&nbs...","_seopress_robots_index":"","site-sidebar-layout":"default","site-content-layout":"","ast-site-content-layout":"default","site-content-style":"default","site-sidebar-style":"default","ast-global-header-display":"","ast-banner-title-visibility":"","ast-main-header-display":"","ast-hfb-above-header-display":"","ast-hfb-below-header-display":"","ast-hfb-mobile-header-display":"","site-post-title":"","ast-breadcrumbs-content":"","ast-featured-img":"","footer-sml-layout":"","ast-disable-related-posts":"","theme-transparent-header-meta":"","adv-header-id-meta":"","stick-header-meta":"","header-above-stick-meta":"","header-main-stick-meta":"","header-below-stick-meta":"","astra-migrate-meta-layouts":"set","ast-page-background-enabled":"default","ast-page-background-meta":{"desktop":{"background-color":"","background-image":"","background-repeat":"repeat","background-position":"center center","background-size":"auto","background-attachment":"scroll","background-type":"","background-media":"","overlay-type":"","overlay-color":"","overlay-opacity":"","overlay-gradient":""},"tablet":{"background-color":"","background-image":"","background-repeat":"repeat","background-position":"center center","background-size":"auto","background-attachment":"scroll","background-type":"","background-media":"","overlay-type":"","overlay-color":"","overlay-opacity":"","overlay-gradient":""},"mobile":{"background-color":"","background-image":"","background-repeat":"repeat","background-position":"center center","background-size":"auto","background-attachment":"scroll","background-type":"","background-media":"","overlay-type":"","overlay-color":"","overlay-opacity":"","overlay-gradient":""}},"ast-content-background-meta":{"desktop":{"background-color":"var(--ast-global-color-5)","background-image":"","background-repeat":"repeat","background-position":"center center","background-size":"auto","background-attachment":"scroll","background-type":"","background-media":"","overlay-type":"","overlay-color":"","overlay-opacity":"","overlay-gradient":""},"tablet":{"background-color":"var(--ast-global-color-5)","background-image":"","background-repeat":"repeat","background-position":"center center","background-size":"auto","background-attachment":"scroll","background-type":"","background-media":"","overlay-type":"","overlay-color":"","overlay-opacity":"","overlay-gradient":""},"mobile":{"background-color":"var(--ast-global-color-5)","background-image":"","background-repeat":"repeat","background-position":"center center","background-size":"auto","background-attachment":"scroll","background-type":"","background-media":"","overlay-type":"","overlay-color":"","overlay-opacity":"","overlay-gradient":""}},"footnotes":""},"class_list":["post-7135","page","type-page","status-publish","hentry"],"_links":{"self":[{"href":"https:\/\/onixxx.com\/de\/wp-json\/wp\/v2\/pages\/7135","targetHints":{"allow":["GET"]}}],"collection":[{"href":"https:\/\/onixxx.com\/de\/wp-json\/wp\/v2\/pages"}],"about":[{"href":"https:\/\/onixxx.com\/de\/wp-json\/wp\/v2\/types\/page"}],"author":[{"embeddable":true,"href":"https:\/\/onixxx.com\/de\/wp-json\/wp\/v2\/users\/4"}],"replies":[{"embeddable":true,"href":"https:\/\/onixxx.com\/de\/wp-json\/wp\/v2\/comments?post=7135"}],"version-history":[{"count":2,"href":"https:\/\/onixxx.com\/de\/wp-json\/wp\/v2\/pages\/7135\/revisions"}],"predecessor-version":[{"id":15848,"href":"https:\/\/onixxx.com\/de\/wp-json\/wp\/v2\/pages\/7135\/revisions\/15848"}],"wp:attachment":[{"href":"https:\/\/onixxx.com\/de\/wp-json\/wp\/v2\/media?parent=7135"}],"curies":[{"name":"wp","href":"https:\/\/api.w.org\/{rel}","templated":true}]}}