{"id":7139,"date":"2024-03-18T08:17:53","date_gmt":"2024-03-18T16:17:53","guid":{"rendered":"https:\/\/darkslategrey-otter-798920.hostingersite.com\/?page_id=7139"},"modified":"2026-03-20T04:03:56","modified_gmt":"2026-03-20T03:03:56","slug":"versand-und-ruckerstattungsbedingungen","status":"publish","type":"page","link":"https:\/\/onixxx.com\/de\/shipping-and-refund-policy\/","title":{"rendered":"Versand- und R\u00fcckerstattungsbedingungen"},"content":{"rendered":"<p><strong>Pr\u00e4ambel<\/strong><\/p>\n\n\n\n<p>Sie tragen die Versandkosten f\u00fcr die R\u00fccksendung Ihres Artikels. Wir sind nicht verantwortlich f\u00fcr Verlust oder Transportsch\u00e4den.<\/p>\n\n\n\n<p>Sie m\u00fcssen au\u00dferdem f\u00fcr alle R\u00fccksendungen die Versandkosten und Versicherung (sofern zutreffend) im Voraus bezahlen. Wenn f\u00fcr Ihre R\u00fccksendung eine R\u00fcckerstattung m\u00f6glich ist, sind darin keine Versand- und Bearbeitungsgeb\u00fchren enthalten, die m\u00f6glicherweise auf dem Lieferschein oder der Rechnung aufgef\u00fchrt sind.<\/p>\n\n\n\n<p>Sobald wir das zur\u00fcckgesandte Produkt erhalten haben, pr\u00fcfen wir es und benachrichtigen Sie innerhalb einer angemessenen Frist per E-Mail, ob Sie Anspruch auf eine R\u00fcckerstattung oder einen Umtausch haben. Wenn Sie Anspruch auf einen Umtausch oder eine R\u00fcckerstattung haben, ersetzen wir das Produkt oder erstatten den Kaufpreis (je nach urspr\u00fcnglicher Zahlungsmethode).<\/p>\n\n\n\n<p>Kontaktinformationen:<\/p>\n\n\n\n<p>Website-Link: <a href=\"https:\/\/onixxx.com\/de\/\" title=\"Heim\" data-wpil-monitor-id=\"6\">onixxx.com<\/a><br>Firmenname: Brand Success <\/p>\n\n\n\n<p>Siret: 83353766500022<br>Postanschrift: 78 avenue des champs Elys\u00e9e \u2013 Bureau 562 \u2013 75008 PARIS \u2013 FRANKREICH<br>Telefonnummer: 0767010363<br>E-Mail-Adresse: contact@onixxx.com<\/p>\n\n\n\n<p><strong>Artikel 1 \u2013 R\u00fcckgabe unge\u00f6ffneter Artikel:<\/strong><\/p>\n\n\n\n<p>Wir akzeptieren nur die R\u00fccksendung von Artikeln, die innerhalb von 14 Tagen nach der Lieferung zur\u00fcckgesandt werden, wie in den urspr\u00fcnglichen Tracking-Informationen angegeben.<\/p>\n\n\n\n<p><strong>Artikel 2 \u2013 Umtausch<\/strong><\/p>\n\n\n\n<p>Wir tauschen nur defekte oder besch\u00e4digte Waren um. Wenn Sie der Meinung sind, dass ein Produkt defekt ist, kontaktieren Sie uns bitte innerhalb von 14 Tagen nach Ihrem Kauf unter der oben auf der Seite angegebenen Telefonnummer oder E-Mail-Adresse und geben Sie Einzelheiten zum Produkt und dem Defekt an. Wir werden Sie dann \u00fcber die Vorgehensweise zur R\u00fccksendung des Produkts informieren.<\/p>\n\n\n\n<p><strong>Artikel 3 \u2013 Versand<\/strong><\/p>\n\n\n\n<p>F\u00fcr den Fall, dass der Kunde das auf der Website gekaufte Produkt aus irgendeinem Grund an den Verk\u00e4ufer zur\u00fcckgeben m\u00f6chte, muss der Kunde den Verk\u00e4ufer im Voraus informieren, damit dieser die Anweisungen zur Produktr\u00fcckgabe mitteilen kann. Wenn der Kunde das Produkt aus eigenem Antrieb an den Verk\u00e4ufer zur\u00fccksendet, kann der Verk\u00e4ufer das Paket ablehnen und die R\u00fcckerstattung nicht vornehmen.<\/p>\n\n\n\n<p>Wir sind nicht f\u00fcr Verlust oder Transportsch\u00e4den verantwortlich. Wenn Ihre R\u00fccksendung f\u00fcr eine R\u00fcckerstattung in Frage kommt, sind darin keine Versand- und Bearbeitungsgeb\u00fchren enthalten, die m\u00f6glicherweise auf dem Lieferschein oder der Rechnung aufgef\u00fchrt sind.<\/p>\n\n\n\n<p>Um den gekauften Artikel zur\u00fcckzugeben oder umzutauschen, senden Sie ihn bitte zusammen mit einer Kopie Ihres Belegs und weiteren Informationen zu Ihrem Kauf an die unten aufgef\u00fchrte Adresse:<\/p>\n\n\n\n<p>Brand Success - 78 avenue des champs Elys\u00e9e - bureau 562 - 75008 PARIS - FRANKREICH<\/p>\n\n\n\n<p><strong>Artikel 4 \u2013 Verarbeitung<\/strong><\/p>\n\n\n\n<p>Wenn wir Ihren Artikel erhalten, pr\u00fcfen wir ihn und teilen Ihnen innerhalb einer angemessenen Frist per E-Mail mit, ob Sie Anspruch auf eine R\u00fcckerstattung oder einen Umtausch haben.<\/p>\n\n\n\n<p>Wenn Sie Anspruch auf eine R\u00fcckerstattung haben, erstatten wir Ihnen den Kaufpreis und schreiben den Betrag auf die urspr\u00fcngliche Zahlungsmethode gut. Bereits gezahlte Versand- und Bearbeitungsgeb\u00fchren sind nicht erstattungsf\u00e4hig und die erstatteten Betr\u00e4ge beinhalten nicht die Versandkosten.<br>Bis die R\u00fcckerstattung erfolgt, k\u00f6nnen nach Erhalt unserer E-Mail maximal 14 Werktage vergehen.<\/p>\n\n\n\n<p>Wenn Sie Anspruch auf einen Umtausch haben, senden wir einen neuen Artikel an die urspr\u00fcngliche Lieferadresse.<\/p>\n\n\n\n<p><strong>Artikel 5 \u2013 Geschenke<\/strong><\/p>\n\n\n\n<p>Wenn der zur\u00fcckgesendete Artikel beim Kauf als Geschenk gekennzeichnet und direkt an Sie gesendet wurde, erhalten Sie eine Geschenkgutschrift in H\u00f6he des Wertes Ihrer R\u00fccksendung. Wenn der Artikel beim Kauf nicht als Geschenk gekennzeichnet war oder wenn der Schenkende den Artikel lieber zuerst erhalten und Ihnen sp\u00e4ter anbieten wollte, senden wir dem Schenkenden eine R\u00fcckerstattung und er wird wissen, dass Sie den Artikel zur\u00fcckgegeben haben.<\/p>\n\n\n\n<p><strong>Artikel 6 \u2013 Ausnahme vom Widerrufs- und R\u00fcckerstattungsrecht<\/strong><\/p>\n\n\n\n<p>F\u00fcr alle personalisierten Artikel, die auf Bestellung aus unserem Produktkatalog hergestellt wurden, ist eine R\u00fcckgabe oder R\u00fcckerstattung nicht m\u00f6glich. Diese Artikel gelten als nicht erstattungsf\u00e4hig oder als Teil eines endg\u00fcltigen Verkaufs.<\/p>\n\n\n\n<p>F\u00fcr personalisierte Produkte gilt jedoch das Konformit\u00e4tsrecht gem\u00e4\u00df unseren allgemeinen Verkaufsbedingungen. Das Unternehmen ist nicht verpflichtet, zus\u00e4tzliche Kosten zu erstatten, wenn der Verbraucher ausdr\u00fccklich eine Versandmethode gew\u00e4hlt hat, die teurer ist als die vom Gewerbetreibenden angebotene Standardversandmethode.<\/p>","protected":false},"excerpt":{"rendered":"<p>Preamble You will be responsible for the shipping costs associated with the return of your item. We are not responsible for loss or damage in transit. You must also prepay shipping and insurance (if applicable) [&hellip;]<\/p>\n","protected":false},"author":4,"featured_media":0,"parent":0,"menu_order":0,"comment_status":"closed","ping_status":"closed","template":"","meta":{"_seopress_robots_primary_cat":"","_seopress_titles_title":"Shipping and refund policy | Onixxx","_seopress_titles_desc":"Preamble You will be responsible for the shipping costs associated with the return of your item. We are not responsible for loss or damage in transit. Y...","_seopress_robots_index":"","site-sidebar-layout":"default","site-content-layout":"","ast-site-content-layout":"default","site-content-style":"default","site-sidebar-style":"default","ast-global-header-display":"","ast-banner-title-visibility":"","ast-main-header-display":"","ast-hfb-above-header-display":"","ast-hfb-below-header-display":"","ast-hfb-mobile-header-display":"","site-post-title":"","ast-breadcrumbs-content":"","ast-featured-img":"","footer-sml-layout":"","ast-disable-related-posts":"","theme-transparent-header-meta":"","adv-header-id-meta":"","stick-header-meta":"","header-above-stick-meta":"","header-main-stick-meta":"","header-below-stick-meta":"","astra-migrate-meta-layouts":"set","ast-page-background-enabled":"default","ast-page-background-meta":{"desktop":{"background-color":"","background-image":"","background-repeat":"repeat","background-position":"center center","background-size":"auto","background-attachment":"scroll","background-type":"","background-media":"","overlay-type":"","overlay-color":"","overlay-opacity":"","overlay-gradient":""},"tablet":{"background-color":"","background-image":"","background-repeat":"repeat","background-position":"center center","background-size":"auto","background-attachment":"scroll","background-type":"","background-media":"","overlay-type":"","overlay-color":"","overlay-opacity":"","overlay-gradient":""},"mobile":{"background-color":"","background-image":"","background-repeat":"repeat","background-position":"center center","background-size":"auto","background-attachment":"scroll","background-type":"","background-media":"","overlay-type":"","overlay-color":"","overlay-opacity":"","overlay-gradient":""}},"ast-content-background-meta":{"desktop":{"background-color":"var(--ast-global-color-5)","background-image":"","background-repeat":"repeat","background-position":"center center","background-size":"auto","background-attachment":"scroll","background-type":"","background-media":"","overlay-type":"","overlay-color":"","overlay-opacity":"","overlay-gradient":""},"tablet":{"background-color":"var(--ast-global-color-5)","background-image":"","background-repeat":"repeat","background-position":"center center","background-size":"auto","background-attachment":"scroll","background-type":"","background-media":"","overlay-type":"","overlay-color":"","overlay-opacity":"","overlay-gradient":""},"mobile":{"background-color":"var(--ast-global-color-5)","background-image":"","background-repeat":"repeat","background-position":"center center","background-size":"auto","background-attachment":"scroll","background-type":"","background-media":"","overlay-type":"","overlay-color":"","overlay-opacity":"","overlay-gradient":""}},"footnotes":""},"class_list":["post-7139","page","type-page","status-publish","hentry"],"_links":{"self":[{"href":"https:\/\/onixxx.com\/de\/wp-json\/wp\/v2\/pages\/7139","targetHints":{"allow":["GET"]}}],"collection":[{"href":"https:\/\/onixxx.com\/de\/wp-json\/wp\/v2\/pages"}],"about":[{"href":"https:\/\/onixxx.com\/de\/wp-json\/wp\/v2\/types\/page"}],"author":[{"embeddable":true,"href":"https:\/\/onixxx.com\/de\/wp-json\/wp\/v2\/users\/4"}],"replies":[{"embeddable":true,"href":"https:\/\/onixxx.com\/de\/wp-json\/wp\/v2\/comments?post=7139"}],"version-history":[{"count":2,"href":"https:\/\/onixxx.com\/de\/wp-json\/wp\/v2\/pages\/7139\/revisions"}],"predecessor-version":[{"id":15847,"href":"https:\/\/onixxx.com\/de\/wp-json\/wp\/v2\/pages\/7139\/revisions\/15847"}],"wp:attachment":[{"href":"https:\/\/onixxx.com\/de\/wp-json\/wp\/v2\/media?parent=7139"}],"curies":[{"name":"wp","href":"https:\/\/api.w.org\/{rel}","templated":true}]}}