{"id":7139,"date":"2024-03-18T08:17:53","date_gmt":"2024-03-18T16:17:53","guid":{"rendered":"https:\/\/darkslategrey-otter-798920.hostingersite.com\/?page_id=7139"},"modified":"2026-03-20T04:03:56","modified_gmt":"2026-03-20T03:03:56","slug":"toimitus-ja-palautuskaytanto","status":"publish","type":"page","link":"https:\/\/onixxx.com\/fi\/shipping-and-refund-policy\/","title":{"rendered":"Toimitus- ja palautusk\u00e4yt\u00e4nt\u00f6"},"content":{"rendered":"<p><strong>Johdanto<\/strong><\/p>\n\n\n\n<p>Olet vastuussa tuotteen palauttamiseen liittyvist\u00e4 toimituskuluista. Emme ole vastuussa menetyksist\u00e4 tai vaurioista kuljetuksen aikana.<\/p>\n\n\n\n<p>Sinun on my\u00f6s maksettava etuk\u00e4teen l\u00e4hetys ja vakuutus (jos sovellettavissa) kaikista palautuksista. Jos palautuksesi on oikeutettu hyvitykseen, se ei sis\u00e4ll\u00e4 l\u00e4hetys- ja k\u00e4sittelykuluja, jotka saattavat n\u00e4ky\u00e4 pakkausluettelossa tai laskussa.<\/p>\n\n\n\n<p>Kun olemme vastaanottaneet palautetun tuotteen, tutkimme sen ja ilmoitamme sinulle s\u00e4hk\u00f6postitse kohtuullisen ajan kuluessa, jos sinulla on oikeus hyvitykseen tai vaihtoon. Jos olet oikeutettu vaihtoon tai hyvitykseen, vaihdamme tuotteen tai hyvit\u00e4mme ostohinnan (alkuper\u00e4isest\u00e4 maksutavasta riippuen).<\/p>\n\n\n\n<p>Yhteystiedot:<\/p>\n\n\n\n<p>Verkkosivuston linkki: <a href=\"https:\/\/onixxx.com\/fi\/\" title=\"Kotiin\" data-wpil-monitor-id=\"6\">onixxx.com<\/a><br>Yrityksen nimi: Brand Success <\/p>\n\n\n\n<p>Siret: 83353766500022<br>Postiosoite: 78 avenue des champs Elys\u00e9e \u2013 Bureau 562 \u2013 75008 PARIS \u2013 RANSKA<br>Puhelinnumero: 0767010363<br>S\u00e4hk\u00f6postiosoite: contact@onixxx.com<\/p>\n\n\n\n<p><strong>Artikla 1 \u2013 Avaamattomien tuotteiden palautus:<\/strong><\/p>\n\n\n\n<p>Hyv\u00e4ksymme palautuksen vain 14 p\u00e4iv\u00e4n sis\u00e4ll\u00e4 toimituksesta, kuten alkuper\u00e4isiss\u00e4 seurantatiedoissa on ilmoitettu.<\/p>\n\n\n\n<p><strong>2 artikla \u2013 Vaihto<\/strong><\/p>\n\n\n\n<p>Vaihdamme vain viallisia tai vaurioituneita tuotteita. Jos katsot tuotteen olevan viallinen, ota meihin yhteytt\u00e4 14 p\u00e4iv\u00e4n kuluessa ostosta sivun yl\u00e4reunassa n\u00e4kyv\u00e4\u00e4n puhelinnumeroon tai s\u00e4hk\u00f6postiosoitteeseen ja anna tiedot tuotteesta ja viasta. Sen j\u00e4lkeen neuvomme tuotteen palauttamisessa.<\/p>\n\n\n\n<p><strong>Artikla 3 \u2013 Toimitus<\/strong><\/p>\n\n\n\n<p>Mik\u00e4li asiakas haluaa jostain syyst\u00e4 palauttaa sivustolta ostamansa tuotteen myyj\u00e4lle, tulee asiakkaan ilmoittaa asiasta myyj\u00e4lle etuk\u00e4teen, jotta t\u00e4m\u00e4 voi v\u00e4litt\u00e4\u00e4 tuotteen palautusta koskevat ohjeet. Mik\u00e4li asiakas palauttaa tuotteen myyj\u00e4lle omasta aloitteestaan, myyj\u00e4 voi ev\u00e4t\u00e4 paketin ja olla jatkamatta palautusta.<\/p>\n\n\n\n<p>Emme ole vastuussa menetyksist\u00e4 tai vaurioista kuljetuksen aikana. Jos palautuksesi on oikeutettu hyvitykseen, se ei sis\u00e4ll\u00e4 l\u00e4hetys- ja k\u00e4sittelykuluja, jotka saattavat n\u00e4ky\u00e4 pakkausluettelossa tai laskussa.<\/p>\n\n\n\n<p>Jos haluat palauttaa tai vaihtaa ostamasi tuotteen, l\u00e4het\u00e4 se, kopio kuitista ja muut ostostasi koskevat tiedot, alla olevaan osoitteeseen:<\/p>\n\n\n\n<p>Brand Success - 78 avenue des champs Elys\u00e9e - bureau 562 - 75008 PARIS - RANSKA - PARIS - RANSKA<\/p>\n\n\n\n<p><strong>4 artikla \u2013 K\u00e4sittely<\/strong><\/p>\n\n\n\n<p>Kun saamme tuotteesi, tutkimme sen ja ilmoitamme sinulle s\u00e4hk\u00f6postitse kohtuullisen ajan kuluessa, onko sinulla oikeus hyvitykseen tai vaihtoon.<\/p>\n\n\n\n<p>Jos olet oikeutettu hyvitykseen, hyvit\u00e4mme ostohinnan ja hyvit\u00e4mme alkuper\u00e4isen maksutavan. Jo maksamiasi toimitus- ja k\u00e4sittelykuluja ei palauteta, eiv\u00e4tk\u00e4 palautetut summat sis\u00e4ll\u00e4 toimituskuluja.<br>Enint\u00e4\u00e4n 14 arkip\u00e4iv\u00e4\u00e4 s\u00e4hk\u00f6postin vastaanottamisesta voi kulua ennen kuin hyvitys on vastaanotettu.<\/p>\n\n\n\n<p>Jos olet oikeutettu vaihtoon, l\u00e4het\u00e4mme uuden tuotteen alkuper\u00e4iseen toimitusosoitteeseen.<\/p>\n\n\n\n<p><strong>5 artikla \u2013 Lahjat<\/strong><\/p>\n\n\n\n<p>Jos palautettu tuote tunnistettiin lahjaksi ostohetkell\u00e4 ja l\u00e4hetettiin suoraan sinulle, saat palautuksesi arvon suuruisen lahjahyvityksen. Jos tuotetta ei tunnistettu lahjaksi ostohetkell\u00e4 tai jos lahjan antaja halusi vastaanottaa tuotteen ensin ja tarjota sen sinulle my\u00f6hemmin, l\u00e4het\u00e4mme lahjan antajalle hyvityksen ja h\u00e4n tiet\u00e4\u00e4, ett\u00e4 olet palauttanut esinett\u00e4.<\/p>\n\n\n\n<p><strong>Artikla 6 \u2013 Poikkeus peruutus- ja palautusoikeuteen<\/strong><\/p>\n\n\n\n<p>Kaikki yksil\u00f6lliset tuotteet, jotka on tehty tilauksesta tuoteluettelostamme, eiv\u00e4t ole oikeutettuja palautukseen tai hyvitykseen. N\u00e4it\u00e4 tuotteita ei pidet\u00e4 hyvitett\u00e4vin\u00e4 tai osana lopullista myynti\u00e4.<\/p>\n\n\n\n<p>Siit\u00e4 huolimatta personoiduilla tuotteilla on yleisiss\u00e4 myyntiehdoissamme m\u00e4\u00e4ritelty vaatimustenmukaisuusoikeus. Yritys ei ole velvollinen korvaamaan lis\u00e4kustannuksia, jos kuluttaja on nimenomaisesti valinnut ammattilaisen ehdottamaa vakiotoimitustapaa kalliimman toimitustavan.<\/p>","protected":false},"excerpt":{"rendered":"<p>Preamble You will be responsible for the shipping costs associated with the return of your item. We are not responsible for loss or damage in transit. You must also prepay shipping and insurance (if applicable) [&hellip;]<\/p>\n","protected":false},"author":4,"featured_media":0,"parent":0,"menu_order":0,"comment_status":"closed","ping_status":"closed","template":"","meta":{"_seopress_robots_primary_cat":"","_seopress_titles_title":"Shipping and refund policy | Onixxx","_seopress_titles_desc":"Preamble You will be responsible for the shipping costs associated with the return of your item. We are not responsible for loss or damage in transit. Y...","_seopress_robots_index":"","site-sidebar-layout":"default","site-content-layout":"","ast-site-content-layout":"default","site-content-style":"default","site-sidebar-style":"default","ast-global-header-display":"","ast-banner-title-visibility":"","ast-main-header-display":"","ast-hfb-above-header-display":"","ast-hfb-below-header-display":"","ast-hfb-mobile-header-display":"","site-post-title":"","ast-breadcrumbs-content":"","ast-featured-img":"","footer-sml-layout":"","ast-disable-related-posts":"","theme-transparent-header-meta":"","adv-header-id-meta":"","stick-header-meta":"","header-above-stick-meta":"","header-main-stick-meta":"","header-below-stick-meta":"","astra-migrate-meta-layouts":"set","ast-page-background-enabled":"default","ast-page-background-meta":{"desktop":{"background-color":"","background-image":"","background-repeat":"repeat","background-position":"center center","background-size":"auto","background-attachment":"scroll","background-type":"","background-media":"","overlay-type":"","overlay-color":"","overlay-opacity":"","overlay-gradient":""},"tablet":{"background-color":"","background-image":"","background-repeat":"repeat","background-position":"center center","background-size":"auto","background-attachment":"scroll","background-type":"","background-media":"","overlay-type":"","overlay-color":"","overlay-opacity":"","overlay-gradient":""},"mobile":{"background-color":"","background-image":"","background-repeat":"repeat","background-position":"center center","background-size":"auto","background-attachment":"scroll","background-type":"","background-media":"","overlay-type":"","overlay-color":"","overlay-opacity":"","overlay-gradient":""}},"ast-content-background-meta":{"desktop":{"background-color":"var(--ast-global-color-5)","background-image":"","background-repeat":"repeat","background-position":"center center","background-size":"auto","background-attachment":"scroll","background-type":"","background-media":"","overlay-type":"","overlay-color":"","overlay-opacity":"","overlay-gradient":""},"tablet":{"background-color":"var(--ast-global-color-5)","background-image":"","background-repeat":"repeat","background-position":"center center","background-size":"auto","background-attachment":"scroll","background-type":"","background-media":"","overlay-type":"","overlay-color":"","overlay-opacity":"","overlay-gradient":""},"mobile":{"background-color":"var(--ast-global-color-5)","background-image":"","background-repeat":"repeat","background-position":"center center","background-size":"auto","background-attachment":"scroll","background-type":"","background-media":"","overlay-type":"","overlay-color":"","overlay-opacity":"","overlay-gradient":""}},"footnotes":""},"class_list":["post-7139","page","type-page","status-publish","hentry"],"_links":{"self":[{"href":"https:\/\/onixxx.com\/fi\/wp-json\/wp\/v2\/pages\/7139","targetHints":{"allow":["GET"]}}],"collection":[{"href":"https:\/\/onixxx.com\/fi\/wp-json\/wp\/v2\/pages"}],"about":[{"href":"https:\/\/onixxx.com\/fi\/wp-json\/wp\/v2\/types\/page"}],"author":[{"embeddable":true,"href":"https:\/\/onixxx.com\/fi\/wp-json\/wp\/v2\/users\/4"}],"replies":[{"embeddable":true,"href":"https:\/\/onixxx.com\/fi\/wp-json\/wp\/v2\/comments?post=7139"}],"version-history":[{"count":2,"href":"https:\/\/onixxx.com\/fi\/wp-json\/wp\/v2\/pages\/7139\/revisions"}],"predecessor-version":[{"id":15847,"href":"https:\/\/onixxx.com\/fi\/wp-json\/wp\/v2\/pages\/7139\/revisions\/15847"}],"wp:attachment":[{"href":"https:\/\/onixxx.com\/fi\/wp-json\/wp\/v2\/media?parent=7139"}],"curies":[{"name":"wp","href":"https:\/\/api.w.org\/{rel}","templated":true}]}}