{"id":12714,"date":"2025-05-23T13:15:09","date_gmt":"2025-05-23T11:15:09","guid":{"rendered":"https:\/\/darkslategrey-otter-798920.hostingersite.com\/?post_type=product&#038;p=12714"},"modified":"2026-03-28T04:10:34","modified_gmt":"2026-03-28T03:10:34","slug":"kannettava-proteiinilaatikko","status":"publish","type":"product","link":"https:\/\/onixxx.com\/fi\/product\/portable-protein-box\/","title":{"rendered":"Kannettava proteiinilaatikko"},"content":{"rendered":"<div data-elementor-type=\"product-post\" data-elementor-id=\"12714\" class=\"elementor elementor-12714\" data-elementor-post-type=\"product\">\n\t\t\t\t\t\t<section class=\"elementor-section elementor-top-section elementor-element elementor-element-8f9bd12 elementor-section-boxed elementor-section-height-default elementor-section-height-default\" data-id=\"8f9bd12\" data-element_type=\"section\" data-e-type=\"section\">\n\t\t\t\t\t\t<div class=\"elementor-container elementor-column-gap-default\">\n\t\t\t\t\t<div class=\"elementor-column elementor-col-100 elementor-top-column elementor-element elementor-element-103d711\" data-id=\"103d711\" data-element_type=\"column\" data-e-type=\"column\">\n\t\t\t<div class=\"elementor-widget-wrap elementor-element-populated\">\n\t\t\t\t\t\t<div class=\"elementor-element elementor-element-2060f620 elementor-widget elementor-widget-heading\" data-id=\"2060f620\" data-element_type=\"widget\" data-e-type=\"widget\" data-widget_type=\"heading.default\">\n\t\t\t\t\t<h2 class=\"elementor-heading-title elementor-size-default\">Minikannettava proteiinilaatikkosi pikapirtel\u00f6\u00e4 varten !<\/h2>\t\t\t\t<\/div>\n\t\t\t\t\t<\/div>\n\t\t<\/div>\n\t\t\t\t\t<\/div>\n\t\t<\/section>\n\t\t\t\t<section class=\"elementor-section elementor-top-section elementor-element elementor-element-5f94fdf6 elementor-section-boxed elementor-section-height-default elementor-section-height-default\" data-id=\"5f94fdf6\" data-element_type=\"section\" data-e-type=\"section\">\n\t\t\t\t\t\t<div class=\"elementor-container elementor-column-gap-default\">\n\t\t\t\t\t<div class=\"elementor-column elementor-col-50 elementor-top-column elementor-element elementor-element-1d7ffc04\" data-id=\"1d7ffc04\" data-element_type=\"column\" data-e-type=\"column\">\n\t\t\t<div class=\"elementor-widget-wrap elementor-element-populated\">\n\t\t\t\t\t\t<div class=\"elementor-element elementor-element-8abf1cd elementor-widget elementor-widget-text-editor\" data-id=\"8abf1cd\" data-element_type=\"widget\" data-e-type=\"widget\" data-widget_type=\"text-editor.default\">\n\t\t\t\t\t\t\t\t\t<p>The <strong>Kannettava proteiinilaatikko<\/strong> on v\u00e4ltt\u00e4m\u00e4t\u00f6n lis\u00e4varuste liikkeell\u00e4 oleville urheilijoille.<\/p><p>Kompakti ja kevyt, se kiinnittyy helposti laukkuusi tukevalla karabiinilla, joten voit kuljettaa proteiiniannoksesi mukana minne tahansa.\u00a0<\/p><p>Ei en\u00e4\u00e4 sotkuisia sekoituksia tai tilaa vievi\u00e4 pakkauksia: valmistat pirtel\u00f6n nopeasti heti treenin j\u00e4lkeen, miss\u00e4 ikin\u00e4 oletkin.<\/p><p>K\u00e4yt\u00e4nn\u00f6llinen, hygieeninen ja kest\u00e4v\u00e4 minilaatikko takaa optimaalisen palautumisen mukavuudesta tinkim\u00e4tt\u00e4.<\/p>\t\t\t\t\t\t\t\t<\/div>\n\t\t\t\t\t<\/div>\n\t\t<\/div>\n\t\t\t\t<div class=\"elementor-column elementor-col-50 elementor-top-column elementor-element elementor-element-6def7afd\" data-id=\"6def7afd\" data-element_type=\"column\" data-e-type=\"column\">\n\t\t\t<div class=\"elementor-widget-wrap elementor-element-populated\">\n\t\t\t\t\t\t<div class=\"elementor-element elementor-element-5a20d879 elementor-invisible elementor-widget elementor-widget-image\" data-id=\"5a20d879\" data-element_type=\"widget\" data-e-type=\"widget\" data-settings=\"{&quot;_animation&quot;:&quot;zoomIn&quot;}\" data-widget_type=\"image.default\">\n\t\t\t\t\t\t\t\t\t\t\t\t\t\t\t<img fetchpriority=\"high\" decoding=\"async\" width=\"500\" height=\"457\" src=\"https:\/\/onixxx.com\/wp-content\/uploads\/2025\/05\/onixx-bag.png\" class=\"attachment-full size-full wp-image-12813\" alt=\"onixx-laukku\" srcset=\"https:\/\/onixxx.com\/wp-content\/uploads\/2025\/05\/onixx-bag.png 500w, https:\/\/onixxx.com\/wp-content\/uploads\/2025\/05\/onixx-bag-300x274.png 300w, https:\/\/onixxx.com\/wp-content\/uploads\/2025\/05\/onixx-bag-13x12.png 13w\" sizes=\"(max-width: 500px) 100vw, 500px\" \/>\t\t\t\t\t\t\t\t\t\t\t\t\t\t\t<\/div>\n\t\t\t\t\t<\/div>\n\t\t<\/div>\n\t\t\t\t\t<\/div>\n\t\t<\/section>\n\t\t\t\t<section class=\"elementor-section elementor-top-section elementor-element elementor-element-529c366d elementor-reverse-mobile elementor-section-boxed elementor-section-height-default elementor-section-height-default\" data-id=\"529c366d\" data-element_type=\"section\" data-e-type=\"section\">\n\t\t\t\t\t\t<div class=\"elementor-container elementor-column-gap-default\">\n\t\t\t\t\t<div class=\"elementor-column elementor-col-50 elementor-top-column elementor-element elementor-element-41b535be\" data-id=\"41b535be\" data-element_type=\"column\" data-e-type=\"column\">\n\t\t\t<div class=\"elementor-widget-wrap elementor-element-populated\">\n\t\t\t\t\t\t<div class=\"elementor-element elementor-element-6aec40dd elementor-widget elementor-widget-image\" data-id=\"6aec40dd\" data-element_type=\"widget\" data-e-type=\"widget\" data-widget_type=\"image.default\">\n\t\t\t\t\t\t\t\t\t\t\t\t\t\t\t<img decoding=\"async\" width=\"270\" height=\"270\" src=\"https:\/\/onixxx.com\/wp-content\/uploads\/2025\/05\/mini-box-protein.gif\" class=\"attachment-full size-full wp-image-13005\" alt=\"Kannettava proteiinilaatikko\" \/>\t\t\t\t\t\t\t\t\t\t\t\t\t\t\t<\/div>\n\t\t\t\t\t<\/div>\n\t\t<\/div>\n\t\t\t\t<div class=\"elementor-column elementor-col-50 elementor-top-column elementor-element elementor-element-4557361c\" data-id=\"4557361c\" data-element_type=\"column\" data-e-type=\"column\">\n\t\t\t<div class=\"elementor-widget-wrap elementor-element-populated\">\n\t\t\t\t\t\t<div class=\"elementor-element elementor-element-18239326 elementor-widget elementor-widget-heading\" data-id=\"18239326\" data-element_type=\"widget\" data-e-type=\"widget\" data-widget_type=\"heading.default\">\n\t\t\t\t\t<h2 class=\"elementor-heading-title elementor-size-default\">Kompakti koko k\u00e4tev\u00e4ll\u00e4 karabiinilla<\/h2>\t\t\t\t<\/div>\n\t\t\t\t<div class=\"elementor-element elementor-element-7fe47d9f elementor-widget elementor-widget-text-editor\" data-id=\"7fe47d9f\" data-element_type=\"widget\" data-e-type=\"widget\" data-widget_type=\"text-editor.default\">\n\t\t\t\t\t\t\t\t\t<p>Kevyt minirasia, joka kiinnittyy helposti laukkuun tai vesipulloon ja pit\u00e4\u00e4 proteiinijauheesi aina k\u00e4den ulottuvilla.<\/p>\t\t\t\t\t\t\t\t<\/div>\n\t\t\t\t\t<\/div>\n\t\t<\/div>\n\t\t\t\t\t<\/div>\n\t\t<\/section>\n\t\t\t\t<section class=\"elementor-section elementor-top-section elementor-element elementor-element-acb17fd elementor-section-boxed elementor-section-height-default elementor-section-height-default\" data-id=\"acb17fd\" data-element_type=\"section\" data-e-type=\"section\">\n\t\t\t\t\t\t<div class=\"elementor-container elementor-column-gap-default\">\n\t\t\t\t\t<div class=\"elementor-column elementor-col-50 elementor-top-column elementor-element elementor-element-bde632b\" data-id=\"bde632b\" data-element_type=\"column\" data-e-type=\"column\">\n\t\t\t<div class=\"elementor-widget-wrap elementor-element-populated\">\n\t\t\t\t\t\t<div class=\"elementor-element elementor-element-3e9965d elementor-widget elementor-widget-heading\" data-id=\"3e9965d\" data-element_type=\"widget\" data-e-type=\"widget\" data-widget_type=\"heading.default\">\n\t\t\t\t\t<h2 class=\"elementor-heading-title elementor-size-default\">Turvallinen ja ilmatiivis s\u00e4ilytys<\/h2>\t\t\t\t<\/div>\n\t\t\t\t<div class=\"elementor-element elementor-element-1bc8673 elementor-widget elementor-widget-text-editor\" data-id=\"1bc8673\" data-element_type=\"widget\" data-e-type=\"widget\" data-widget_type=\"text-editor.default\">\n\t\t\t\t\t\t\t\t\t<p>Pit\u00e4\u00e4 proteiinijauheesi puhtaana, kuivana ja kosteudelta suojattuna, mik\u00e4 takaa vuotamattoman ja kontaminaatiovapaan kuljetuksen.<\/p>\t\t\t\t\t\t\t\t<\/div>\n\t\t\t\t\t<\/div>\n\t\t<\/div>\n\t\t\t\t<div class=\"elementor-column elementor-col-50 elementor-top-column elementor-element elementor-element-d1ea56a\" data-id=\"d1ea56a\" data-element_type=\"column\" data-e-type=\"column\">\n\t\t\t<div class=\"elementor-widget-wrap elementor-element-populated\">\n\t\t\t\t\t\t<div class=\"elementor-element elementor-element-6037070 elementor-widget elementor-widget-image\" data-id=\"6037070\" data-element_type=\"widget\" data-e-type=\"widget\" data-widget_type=\"image.default\">\n\t\t\t\t\t\t\t\t\t\t\t\t\t\t\t<img decoding=\"async\" width=\"1040\" height=\"631\" src=\"https:\/\/onixxx.com\/wp-content\/uploads\/2025\/05\/boite-proteine.jpg\" class=\"attachment-full size-full wp-image-13112\" alt=\"proteiinilaatikko\" srcset=\"https:\/\/onixxx.com\/wp-content\/uploads\/2025\/05\/boite-proteine.jpg 1040w, https:\/\/onixxx.com\/wp-content\/uploads\/2025\/05\/boite-proteine-300x182.jpg 300w, https:\/\/onixxx.com\/wp-content\/uploads\/2025\/05\/boite-proteine-1024x621.jpg 1024w, https:\/\/onixxx.com\/wp-content\/uploads\/2025\/05\/boite-proteine-768x466.jpg 768w, https:\/\/onixxx.com\/wp-content\/uploads\/2025\/05\/boite-proteine-18x12.jpg 18w, https:\/\/onixxx.com\/wp-content\/uploads\/2025\/05\/boite-proteine-600x364.jpg 600w\" sizes=\"(max-width: 1040px) 100vw, 1040px\" \/>\t\t\t\t\t\t\t\t\t\t\t\t\t\t\t<\/div>\n\t\t\t\t\t<\/div>\n\t\t<\/div>\n\t\t\t\t\t<\/div>\n\t\t<\/section>\n\t\t\t\t<section class=\"elementor-section elementor-top-section elementor-element elementor-element-4d0b0d74 elementor-reverse-mobile elementor-section-boxed elementor-section-height-default elementor-section-height-default\" data-id=\"4d0b0d74\" data-element_type=\"section\" data-e-type=\"section\">\n\t\t\t\t\t\t<div class=\"elementor-container elementor-column-gap-default\">\n\t\t\t\t\t<div class=\"elementor-column elementor-col-50 elementor-top-column elementor-element elementor-element-118c39b9\" data-id=\"118c39b9\" data-element_type=\"column\" data-e-type=\"column\">\n\t\t\t<div class=\"elementor-widget-wrap elementor-element-populated\">\n\t\t\t\t\t\t<div class=\"elementor-element elementor-element-3f85c1c3 elementor-widget elementor-widget-image\" data-id=\"3f85c1c3\" data-element_type=\"widget\" data-e-type=\"widget\" data-widget_type=\"image.default\">\n\t\t\t\t\t\t\t\t\t\t\t\t\t\t\t<img loading=\"lazy\" decoding=\"async\" width=\"1071\" height=\"1428\" src=\"https:\/\/onixxx.com\/wp-content\/uploads\/2025\/05\/sac-musculation-aimante.png\" class=\"attachment-full size-full wp-image-13046\" alt=\"sac-musculation-aimant\u00e9\" srcset=\"https:\/\/onixxx.com\/wp-content\/uploads\/2025\/05\/sac-musculation-aimante.png 1071w, https:\/\/onixxx.com\/wp-content\/uploads\/2025\/05\/sac-musculation-aimante-225x300.png 225w, https:\/\/onixxx.com\/wp-content\/uploads\/2025\/05\/sac-musculation-aimante-768x1024.png 768w, https:\/\/onixxx.com\/wp-content\/uploads\/2025\/05\/sac-musculation-aimante-9x12.png 9w, https:\/\/onixxx.com\/wp-content\/uploads\/2025\/05\/sac-musculation-aimante-300x400.png 300w, https:\/\/onixxx.com\/wp-content\/uploads\/2025\/05\/sac-musculation-aimante-600x800.png 600w\" sizes=\"(max-width: 1071px) 100vw, 1071px\" \/>\t\t\t\t\t\t\t\t\t\t\t\t\t\t\t<\/div>\n\t\t\t\t\t<\/div>\n\t\t<\/div>\n\t\t\t\t<div class=\"elementor-column elementor-col-50 elementor-top-column elementor-element elementor-element-3304846\" data-id=\"3304846\" data-element_type=\"column\" data-e-type=\"column\">\n\t\t\t<div class=\"elementor-widget-wrap elementor-element-populated\">\n\t\t\t\t\t\t<div class=\"elementor-element elementor-element-59c34f89 elementor-widget elementor-widget-heading\" data-id=\"59c34f89\" data-element_type=\"widget\" data-e-type=\"widget\" data-widget_type=\"heading.default\">\n\t\t\t\t\t<h2 class=\"elementor-heading-title elementor-size-default\">Kest\u00e4v\u00e4t ja helposti puhdistettavat materiaalit<\/h2>\t\t\t\t<\/div>\n\t\t\t\t<div class=\"elementor-element elementor-element-42464b40 elementor-widget elementor-widget-text-editor\" data-id=\"42464b40\" data-element_type=\"widget\" data-e-type=\"widget\" data-widget_type=\"text-editor.default\">\n\t\t\t\t\t\t\t\t\t<p>Valmistettu BPA-vapaasta muovista, kest\u00e4v\u00e4st\u00e4 ja hygieenisest\u00e4, t\u00e4ydellisest\u00e4 p\u00e4ivitt\u00e4iseen k\u00e4ytt\u00f6\u00f6n ja pitk\u00e4aikaiseen toimintaan.<\/p>\t\t\t\t\t\t\t\t<\/div>\n\t\t\t\t\t<\/div>\n\t\t<\/div>\n\t\t\t\t\t<\/div>\n\t\t<\/section>\n\t\t\t\t<section class=\"elementor-section elementor-top-section elementor-element elementor-element-4d8f4be elementor-section-full_width elementor-section-stretched elementor-section-height-default elementor-section-height-default\" data-id=\"4d8f4be\" data-element_type=\"section\" data-e-type=\"section\" data-settings=\"{&quot;stretch_section&quot;:&quot;section-stretched&quot;}\">\n\t\t\t\t\t\t<div class=\"elementor-container elementor-column-gap-default\">\n\t\t\t\t\t<div class=\"elementor-column elementor-col-100 elementor-top-column elementor-element elementor-element-1bd703b\" data-id=\"1bd703b\" data-element_type=\"column\" data-e-type=\"column\">\n\t\t\t<div class=\"elementor-widget-wrap elementor-element-populated\">\n\t\t\t\t\t\t<div class=\"elementor-element elementor-element-a8e2ed4 elementor-widget elementor-widget-image\" data-id=\"a8e2ed4\" data-element_type=\"widget\" data-e-type=\"widget\" data-widget_type=\"image.default\">\n\t\t\t\t\t\t\t\t\t\t\t\t\t\t\t<img loading=\"lazy\" decoding=\"async\" width=\"1332\" height=\"263\" src=\"https:\/\/onixxx.com\/wp-content\/uploads\/2025\/05\/etiquette-whey.jpg\" class=\"attachment-full size-full wp-image-12983\" alt=\"whey-portable-box\" srcset=\"https:\/\/onixxx.com\/wp-content\/uploads\/2025\/05\/etiquette-whey.jpg 1332w, https:\/\/onixxx.com\/wp-content\/uploads\/2025\/05\/etiquette-whey-1080x213.jpg 1080w, https:\/\/onixxx.com\/wp-content\/uploads\/2025\/05\/etiquette-whey-300x59.jpg 300w, https:\/\/onixxx.com\/wp-content\/uploads\/2025\/05\/etiquette-whey-1024x202.jpg 1024w, https:\/\/onixxx.com\/wp-content\/uploads\/2025\/05\/etiquette-whey-768x152.jpg 768w, https:\/\/onixxx.com\/wp-content\/uploads\/2025\/05\/etiquette-whey-18x4.jpg 18w\" sizes=\"(max-width: 1332px) 100vw, 1332px\" \/>\t\t\t\t\t\t\t\t\t\t\t\t\t\t\t<\/div>\n\t\t\t\t\t<\/div>\n\t\t<\/div>\n\t\t\t\t\t<\/div>\n\t\t<\/section>\n\t\t\t\t<section class=\"elementor-section elementor-top-section elementor-element elementor-element-57176ab elementor-section-boxed elementor-section-height-default elementor-section-height-default\" data-id=\"57176ab\" data-element_type=\"section\" data-e-type=\"section\">\n\t\t\t\t\t\t<div class=\"elementor-container elementor-column-gap-default\">\n\t\t\t\t\t<div class=\"elementor-column elementor-col-33 elementor-top-column elementor-element elementor-element-27474e62\" data-id=\"27474e62\" data-element_type=\"column\" data-e-type=\"column\">\n\t\t\t<div class=\"elementor-widget-wrap elementor-element-populated\">\n\t\t\t\t\t\t<div class=\"elementor-element elementor-element-46031373 elementor-view-default elementor-widget elementor-widget-icon\" data-id=\"46031373\" data-element_type=\"widget\" data-e-type=\"widget\" data-widget_type=\"icon.default\">\n\t\t\t\t\t\t\t<div class=\"elementor-icon-wrapper\">\n\t\t\t<div class=\"elementor-icon\">\n\t\t\t<svg aria-hidden=\"true\" class=\"e-font-icon-svg e-fas-truck\" viewbox=\"0 0 640 512\" xmlns=\"http:\/\/www.w3.org\/2000\/svg\"><path d=\"M624 352h-16V243.9c0-12.7-5.1-24.9-14.1-33.9L494 110.1c-9-9-21.2-14.1-33.9-14.1H416V48c0-26.5-21.5-48-48-48H48C21.5 0 0 21.5 0 48v320c0 26.5 21.5 48 48 48h16c0 53 43 96 96 96s96-43 96-96h128c0 53 43 96 96 96s96-43 96-96h48c8.8 0 16-7.2 16-16v-32c0-8.8-7.2-16-16-16zM160 464c-26.5 0-48-21.5-48-48s21.5-48 48-48 48 21.5 48 48-21.5 48-48 48zm320 0c-26.5 0-48-21.5-48-48s21.5-48 48-48 48 21.5 48 48-21.5 48-48 48zm80-208H416V144h44.1l99.9 99.9V256z\"><\/path><\/svg>\t\t\t<\/div>\n\t\t<\/div>\n\t\t\t\t\t\t<\/div>\n\t\t\t\t<div class=\"elementor-element elementor-element-69fb6d75 elementor-widget elementor-widget-text-editor\" data-id=\"69fb6d75\" data-element_type=\"widget\" data-e-type=\"widget\" data-widget_type=\"text-editor.default\">\n\t\t\t\t\t\t\t\t\t<p>Maailmanlaajuinen toimitus<\/p>\t\t\t\t\t\t\t\t<\/div>\n\t\t\t\t\t<\/div>\n\t\t<\/div>\n\t\t\t\t<div class=\"elementor-column elementor-col-33 elementor-top-column elementor-element elementor-element-3928f45c\" data-id=\"3928f45c\" data-element_type=\"column\" data-e-type=\"column\">\n\t\t\t<div class=\"elementor-widget-wrap elementor-element-populated\">\n\t\t\t\t\t\t<div class=\"elementor-element elementor-element-6de216bc elementor-view-default elementor-widget elementor-widget-icon\" data-id=\"6de216bc\" data-element_type=\"widget\" data-e-type=\"widget\" data-widget_type=\"icon.default\">\n\t\t\t\t\t\t\t<div class=\"elementor-icon-wrapper\">\n\t\t\t<div class=\"elementor-icon\">\n\t\t\t<svg aria-hidden=\"true\" class=\"e-font-icon-svg e-far-thumbs-up\" viewbox=\"0 0 512 512\" xmlns=\"http:\/\/www.w3.org\/2000\/svg\"><path d=\"M466.27 286.69C475.04 271.84 480 256 480 236.85c0-44.015-37.218-85.58-85.82-85.58H357.7c4.92-12.81 8.85-28.13 8.85-46.54C366.55 31.936 328.86 0 271.28 0c-61.607 0-58.093 94.933-71.76 108.6-22.747 22.747-49.615 66.447-68.76 83.4H32c-17.673 0-32 14.327-32 32v240c0 17.673 14.327 32 32 32h64c14.893 0 27.408-10.174 30.978-23.95 44.509 1.001 75.06 39.94 177.802 39.94 7.22 0 15.22.01 22.22.01 77.117 0 111.986-39.423 112.94-95.33 13.319-18.425 20.299-43.122 17.34-66.99 9.854-18.452 13.664-40.343 8.99-62.99zm-61.75 53.83c12.56 21.13 1.26 49.41-13.94 57.57 7.7 48.78-17.608 65.9-53.12 65.9h-37.82c-71.639 0-118.029-37.82-171.64-37.82V240h10.92c28.36 0 67.98-70.89 94.54-97.46 28.36-28.36 18.91-75.63 37.82-94.54 47.27 0 47.27 32.98 47.27 56.73 0 39.17-28.36 56.72-28.36 94.54h103.99c21.11 0 37.73 18.91 37.82 37.82.09 18.9-12.82 37.81-22.27 37.81 13.489 14.555 16.371 45.236-5.21 65.62zM88 432c0 13.255-10.745 24-24 24s-24-10.745-24-24 10.745-24 24-24 24 10.745 24 24z\"><\/path><\/svg>\t\t\t<\/div>\n\t\t<\/div>\n\t\t\t\t\t\t<\/div>\n\t\t\t\t<div class=\"elementor-element elementor-element-2c77a8b5 elementor-widget elementor-widget-text-editor\" data-id=\"2c77a8b5\" data-element_type=\"widget\" data-e-type=\"widget\" data-widget_type=\"text-editor.default\">\n\t\t\t\t\t\t\t\t\t<p>1 vuoden takuu kaikille tuotteillemme<\/p>\t\t\t\t\t\t\t\t<\/div>\n\t\t\t\t\t<\/div>\n\t\t<\/div>\n\t\t\t\t<div class=\"elementor-column elementor-col-33 elementor-top-column elementor-element elementor-element-382a0ebd\" data-id=\"382a0ebd\" data-element_type=\"column\" data-e-type=\"column\">\n\t\t\t<div class=\"elementor-widget-wrap elementor-element-populated\">\n\t\t\t\t\t\t<div class=\"elementor-element elementor-element-7e03710b elementor-view-default elementor-widget elementor-widget-icon\" data-id=\"7e03710b\" data-element_type=\"widget\" data-e-type=\"widget\" data-widget_type=\"icon.default\">\n\t\t\t\t\t\t\t<div class=\"elementor-icon-wrapper\">\n\t\t\t<div class=\"elementor-icon\">\n\t\t\t<svg aria-hidden=\"true\" class=\"e-font-icon-svg e-far-comments\" viewbox=\"0 0 576 512\" xmlns=\"http:\/\/www.w3.org\/2000\/svg\"><path d=\"M532 386.2c27.5-27.1 44-61.1 44-98.2 0-80-76.5-146.1-176.2-157.9C368.3 72.5 294.3 32 208 32 93.1 32 0 103.6 0 192c0 37 16.5 71 44 98.2-15.3 30.7-37.3 54.5-37.7 54.9-6.3 6.7-8.1 16.5-4.4 25 3.6 8.5 12 14 21.2 14 53.5 0 96.7-20.2 125.2-38.8 9.2 2.1 18.7 3.7 28.4 4.9C208.1 407.6 281.8 448 368 448c20.8 0 40.8-2.4 59.8-6.8C456.3 459.7 499.4 480 553 480c9.2 0 17.5-5.5 21.2-14 3.6-8.5 1.9-18.3-4.4-25-.4-.3-22.5-24.1-37.8-54.8zm-392.8-92.3L122.1 305c-14.1 9.1-28.5 16.3-43.1 21.4 2.7-4.7 5.4-9.7 8-14.8l15.5-31.1L77.7 256C64.2 242.6 48 220.7 48 192c0-60.7 73.3-112 160-112s160 51.3 160 112-73.3 112-160 112c-16.5 0-33-1.9-49-5.6l-19.8-4.5zM498.3 352l-24.7 24.4 15.5 31.1c2.6 5.1 5.3 10.1 8 14.8-14.6-5.1-29-12.3-43.1-21.4l-17.1-11.1-19.9 4.6c-16 3.7-32.5 5.6-49 5.6-54 0-102.2-20.1-131.3-49.7C338 339.5 416 272.9 416 192c0-3.4-.4-6.7-.7-10C479.7 196.5 528 238.8 528 288c0 28.7-16.2 50.6-29.7 64z\"><\/path><\/svg>\t\t\t<\/div>\n\t\t<\/div>\n\t\t\t\t\t\t<\/div>\n\t\t\t\t<div class=\"elementor-element elementor-element-40331aed elementor-widget elementor-widget-text-editor\" data-id=\"40331aed\" data-element_type=\"widget\" data-e-type=\"widget\" data-widget_type=\"text-editor.default\">\n\t\t\t\t\t\t\t\t\t<p>24\/7 asiakastuki\u00a0<\/p>\t\t\t\t\t\t\t\t<\/div>\n\t\t\t\t\t<\/div>\n\t\t<\/div>\n\t\t\t\t\t<\/div>\n\t\t<\/section>\n\t\t\t\t<\/div>","protected":false},"excerpt":{"rendered":"<p>Ota proteiiniannoksesi mukaan minne tahansa Onixxx Portable Protein Boxin avulla. Pienikokoinen, vedenkest\u00e4v\u00e4 ja tyylik\u00e4s - se on nopea palautumisv\u00e4line jokaisen treenin j\u00e4lkeen.<\/p>","protected":false},"featured_media":12962,"comment_status":"open","ping_status":"closed","template":"","meta":{"_seopress_robots_primary_cat":"none","_seopress_titles_title":"Portable Protein Box \u2013 Gym Supplement Organizer | Onixxx","_seopress_titles_desc":"The Onixxx portable protein box keeps your gym supplements organized. Compact organizer for protein powder and vitamins. Perfect for gym sessions on the go.","_seopress_robots_index":"","site-sidebar-layout":"default","site-content-layout":"page-builder","ast-site-content-layout":"default","site-content-style":"default","site-sidebar-style":"default","ast-global-header-display":"","ast-banner-title-visibility":"","ast-main-header-display":"","ast-hfb-above-header-display":"","ast-hfb-below-header-display":"","ast-hfb-mobile-header-display":"","site-post-title":"","ast-breadcrumbs-content":"","ast-featured-img":"","footer-sml-layout":"","ast-disable-related-posts":"","theme-transparent-header-meta":"default","adv-header-id-meta":"","stick-header-meta":"default","header-above-stick-meta":"","header-main-stick-meta":"","header-below-stick-meta":"","astra-migrate-meta-layouts":"set","ast-page-background-enabled":"default","ast-page-background-meta":{"desktop":{"background-color":"","background-image":"","background-repeat":"repeat","background-position":"center center","background-size":"auto","background-attachment":"scroll","background-type":"","background-media":"","overlay-type":"","overlay-color":"","overlay-opacity":"","overlay-gradient":""},"tablet":{"background-color":"","background-image":"","background-repeat":"repeat","background-position":"center center","background-size":"auto","background-attachment":"scroll","background-type":"","background-media":"","overlay-type":"","overlay-color":"","overlay-opacity":"","overlay-gradient":""},"mobile":{"background-color":"","background-image":"","background-repeat":"repeat","background-position":"center center","background-size":"auto","background-attachment":"scroll","background-type":"","background-media":"","overlay-type":"","overlay-color":"","overlay-opacity":"","overlay-gradient":""}},"ast-content-background-meta":{"desktop":{"background-color":"var(--ast-global-color-5)","background-image":"","background-repeat":"repeat","background-position":"center center","background-size":"auto","background-attachment":"scroll","background-type":"","background-media":"","overlay-type":"","overlay-color":"","overlay-opacity":"","overlay-gradient":""},"tablet":{"background-color":"var(--ast-global-color-5)","background-image":"","background-repeat":"repeat","background-position":"center center","background-size":"auto","background-attachment":"scroll","background-type":"","background-media":"","overlay-type":"","overlay-color":"","overlay-opacity":"","overlay-gradient":""},"mobile":{"background-color":"var(--ast-global-color-5)","background-image":"","background-repeat":"repeat","background-position":"center center","background-size":"auto","background-attachment":"scroll","background-type":"","background-media":"","overlay-type":"","overlay-color":"","overlay-opacity":"","overlay-gradient":""}}},"product_brand":[85],"product_cat":[81],"product_tag":[83,84,82],"class_list":{"0":"post-12714","1":"product","2":"type-product","3":"status-publish","4":"has-post-thumbnail","6":"product_brand-onixxx","7":"product_cat-box","8":"product_tag-box","9":"product_tag-protein","10":"product_tag-protein-box","11":"desktop-align-center","12":"tablet-align-left","13":"mobile-align-left","14":"ast-product-gallery-layout-horizontal-slider","15":"ast-magnify-disabled","16":"ast-product-tabs-layout-horizontal","18":"first","19":"instock","20":"sale","21":"purchasable","22":"product-type-simple"},"bundled_by":["13017"],"bundle_stock_status":"instock","bundle_stock_quantity":null,"bundle_virtual":false,"bundle_layout":"","bundle_add_to_cart_form_location":"","bundle_editable_in_cart":false,"bundle_sold_individually_context":"","bundle_item_grouping":"","bundle_min_size":"","bundle_max_size":"","bundle_price":[],"bundled_items":[],"bundle_sell_ids":[5398],"_links":{"self":[{"href":"https:\/\/onixxx.com\/fi\/wp-json\/wp\/v2\/product\/12714","targetHints":{"allow":["GET"]}}],"collection":[{"href":"https:\/\/onixxx.com\/fi\/wp-json\/wp\/v2\/product"}],"about":[{"href":"https:\/\/onixxx.com\/fi\/wp-json\/wp\/v2\/types\/product"}],"replies":[{"embeddable":true,"href":"https:\/\/onixxx.com\/fi\/wp-json\/wp\/v2\/comments?post=12714"}],"version-history":[{"count":24,"href":"https:\/\/onixxx.com\/fi\/wp-json\/wp\/v2\/product\/12714\/revisions"}],"predecessor-version":[{"id":15435,"href":"https:\/\/onixxx.com\/fi\/wp-json\/wp\/v2\/product\/12714\/revisions\/15435"}],"wp:featuredmedia":[{"embeddable":true,"href":"https:\/\/onixxx.com\/fi\/wp-json\/wp\/v2\/media\/12962"}],"wp:attachment":[{"href":"https:\/\/onixxx.com\/fi\/wp-json\/wp\/v2\/media?parent=12714"}],"wp:term":[{"taxonomy":"product_brand","embeddable":true,"href":"https:\/\/onixxx.com\/fi\/wp-json\/wp\/v2\/product_brand?post=12714"},{"taxonomy":"product_cat","embeddable":true,"href":"https:\/\/onixxx.com\/fi\/wp-json\/wp\/v2\/product_cat?post=12714"},{"taxonomy":"product_tag","embeddable":true,"href":"https:\/\/onixxx.com\/fi\/wp-json\/wp\/v2\/product_tag?post=12714"}],"curies":[{"name":"wp","href":"https:\/\/api.w.org\/{rel}","templated":true}]}}