{"id":11195,"date":"2025-04-03T21:34:08","date_gmt":"2025-04-03T19:34:08","guid":{"rendered":"https:\/\/darkslategrey-otter-798920.hostingersite.com\/inscription-daffilie\/"},"modified":"2026-03-28T04:09:25","modified_gmt":"2026-03-28T03:09:25","slug":"inscription-daffilie","status":"publish","type":"page","link":"https:\/\/onixxx.com\/fr\/inscription-daffilie\/","title":{"rendered":"Inscription des ambassadeurs"},"content":{"rendered":"<div data-elementor-type=\"wp-page\" data-elementor-id=\"11195\" class=\"elementor elementor-11195\" data-elementor-post-type=\"page\">\n\t\t\t\t\t\t<section class=\"elementor-section elementor-top-section elementor-element elementor-element-4af9930 elementor-section-boxed elementor-section-height-default elementor-section-height-default\" data-id=\"4af9930\" data-element_type=\"section\" data-e-type=\"section\">\n\t\t\t\t\t\t<div class=\"elementor-container elementor-column-gap-default\">\n\t\t\t\t\t<div class=\"elementor-column elementor-col-100 elementor-top-column elementor-element elementor-element-533a6cd\" data-id=\"533a6cd\" data-element_type=\"column\" data-e-type=\"column\">\n\t\t\t<div class=\"elementor-widget-wrap elementor-element-populated\">\n\t\t\t\t\t\t<div class=\"elementor-element elementor-element-8855613 elementor-widget elementor-widget-heading\" data-id=\"8855613\" data-element_type=\"widget\" data-e-type=\"widget\" data-widget_type=\"heading.default\">\n\t\t\t\t\t<h1 class=\"elementor-heading-title elementor-size-default\">Devenez un ambassadeur Onixxx !<\/h1>\t\t\t\t<\/div>\n\t\t\t\t<div class=\"elementor-element elementor-element-380ef7a elementor-widget elementor-widget-image\" data-id=\"380ef7a\" data-element_type=\"widget\" data-e-type=\"widget\" data-widget_type=\"image.default\">\n\t\t\t\t\t\t\t\t\t\t\t\t\t\t\t<img fetchpriority=\"high\" decoding=\"async\" width=\"640\" height=\"427\" src=\"https:\/\/onixxx.com\/wp-content\/uploads\/2025\/04\/pexels-fauxels-3184422.jpg\" class=\"attachment-large size-large wp-image-12037\" alt=\"pexels fauxels 3184422\" srcset=\"https:\/\/onixxx.com\/wp-content\/uploads\/2025\/04\/pexels-fauxels-3184422.jpg 640w, https:\/\/onixxx.com\/wp-content\/uploads\/2025\/04\/pexels-fauxels-3184422-300x200.jpg 300w, https:\/\/onixxx.com\/wp-content\/uploads\/2025\/04\/pexels-fauxels-3184422-18x12.jpg 18w, https:\/\/onixxx.com\/wp-content\/uploads\/2025\/04\/pexels-fauxels-3184422-600x400.jpg 600w\" sizes=\"(max-width: 640px) 100vw, 640px\" \/>\t\t\t\t\t\t\t\t\t\t\t\t\t\t\t<\/div>\n\t\t\t\t\t<\/div>\n\t\t<\/div>\n\t\t\t\t\t<\/div>\n\t\t<\/section>\n\t\t\t\t<section class=\"elementor-section elementor-top-section elementor-element elementor-element-506801e elementor-section-boxed elementor-section-height-default elementor-section-height-default\" data-id=\"506801e\" data-element_type=\"section\" data-e-type=\"section\">\n\t\t\t\t\t\t<div class=\"elementor-container elementor-column-gap-default\">\n\t\t\t\t\t<div class=\"elementor-column elementor-col-33 elementor-top-column elementor-element elementor-element-11ae535\" data-id=\"11ae535\" data-element_type=\"column\" data-e-type=\"column\">\n\t\t\t<div class=\"elementor-widget-wrap elementor-element-populated\">\n\t\t\t\t\t\t<div class=\"elementor-element elementor-element-5466232 elementor-view-default elementor-widget elementor-widget-icon\" data-id=\"5466232\" data-element_type=\"widget\" data-e-type=\"widget\" data-widget_type=\"icon.default\">\n\t\t\t\t\t\t\t<div class=\"elementor-icon-wrapper\">\n\t\t\t<div class=\"elementor-icon\">\n\t\t\t<svg aria-hidden=\"true\" class=\"e-font-icon-svg e-fas-dollar-sign\" viewbox=\"0 0 288 512\" xmlns=\"http:\/\/www.w3.org\/2000\/svg\"><path d=\"M209.2 233.4l-108-31.6C88.7 198.2 80 186.5 80 173.5c0-16.3 13.2-29.5 29.5-29.5h66.3c12.2 0 24.2 3.7 34.2 10.5 6.1 4.1 14.3 3.1 19.5-2l34.8-34c7.1-6.9 6.1-18.4-1.8-24.5C238 74.8 207.4 64.1 176 64V16c0-8.8-7.2-16-16-16h-32c-8.8 0-16 7.2-16 16v48h-2.5C45.8 64-5.4 118.7.5 183.6c4.2 46.1 39.4 83.6 83.8 96.6l102.5 30c12.5 3.7 21.2 15.3 21.2 28.3 0 16.3-13.2 29.5-29.5 29.5h-66.3C100 368 88 364.3 78 357.5c-6.1-4.1-14.3-3.1-19.5 2l-34.8 34c-7.1 6.9-6.1 18.4 1.8 24.5 24.5 19.2 55.1 29.9 86.5 30v48c0 8.8 7.2 16 16 16h32c8.8 0 16-7.2 16-16v-48.2c46.6-.9 90.3-28.6 105.7-72.7 21.5-61.6-14.6-124.8-72.5-141.7z\"><\/path><\/svg>\t\t\t<\/div>\n\t\t<\/div>\n\t\t\t\t\t\t<\/div>\n\t\t\t\t<div class=\"elementor-element elementor-element-9563247 elementor-widget elementor-widget-heading\" data-id=\"9563247\" data-element_type=\"widget\" data-e-type=\"widget\" data-widget_type=\"heading.default\">\n\t\t\t\t\t<h3 class=\"elementor-heading-title elementor-size-default\">Gagnez de l'argent sur chaque vente que vous g\u00e9n\u00e9rez<\/h3>\t\t\t\t<\/div>\n\t\t\t\t<div class=\"elementor-element elementor-element-2e51210 elementor-widget elementor-widget-text-editor\" data-id=\"2e51210\" data-element_type=\"widget\" data-e-type=\"widget\" data-widget_type=\"text-editor.default\">\n\t\t\t\t\t\t\t\t\t<p>En tant qu'ambassadeur Onixxx, vous recevrez <strong data-start=\"252\" data-end=\"273\">15% de chaque vente<\/strong> par le biais de votre lien de r\u00e9f\u00e9rence unique.<\/p>\n<p>C'est un moyen efficace de construire <strong data-start=\"343\" data-end=\"361\">revenus passifs<\/strong> en partageant un produit que vous aimez !<\/p>\t\t\t\t\t\t\t\t<\/div>\n\t\t\t\t\t<\/div>\n\t\t<\/div>\n\t\t\t\t<div class=\"elementor-column elementor-col-33 elementor-top-column elementor-element elementor-element-43990f4\" data-id=\"43990f4\" data-element_type=\"column\" data-e-type=\"column\">\n\t\t\t<div class=\"elementor-widget-wrap elementor-element-populated\">\n\t\t\t\t\t\t<div class=\"elementor-element elementor-element-dd10b8d elementor-view-default elementor-widget elementor-widget-icon\" data-id=\"dd10b8d\" data-element_type=\"widget\" data-e-type=\"widget\" data-widget_type=\"icon.default\">\n\t\t\t\t\t\t\t<div class=\"elementor-icon-wrapper\">\n\t\t\t<div class=\"elementor-icon\">\n\t\t\t<svg aria-hidden=\"true\" class=\"e-font-icon-svg e-fas-gift\" viewbox=\"0 0 512 512\" xmlns=\"http:\/\/www.w3.org\/2000\/svg\"><path d=\"M32 448c0 17.7 14.3 32 32 32h160V320H32v128zm256 32h160c17.7 0 32-14.3 32-32V320H288v160zm192-320h-42.1c6.2-12.1 10.1-25.5 10.1-40 0-48.5-39.5-88-88-88-41.6 0-68.5 21.3-103 68.3-34.5-47-61.4-68.3-103-68.3-48.5 0-88 39.5-88 88 0 14.5 3.8 27.9 10.1 40H32c-17.7 0-32 14.3-32 32v80c0 8.8 7.2 16 16 16h480c8.8 0 16-7.2 16-16v-80c0-17.7-14.3-32-32-32zm-326.1 0c-22.1 0-40-17.9-40-40s17.9-40 40-40c19.9 0 34.6 3.3 86.1 80h-86.1zm206.1 0h-86.1c51.4-76.5 65.7-80 86.1-80 22.1 0 40 17.9 40 40s-17.9 40-40 40z\"><\/path><\/svg>\t\t\t<\/div>\n\t\t<\/div>\n\t\t\t\t\t\t<\/div>\n\t\t\t\t<div class=\"elementor-element elementor-element-7a2fc70 elementor-widget elementor-widget-heading\" data-id=\"7a2fc70\" data-element_type=\"widget\" data-e-type=\"widget\" data-widget_type=\"heading.default\">\n\t\t\t\t\t<h3 class=\"elementor-heading-title elementor-size-default\">Recevez des cadeaux exclusifs et un acc\u00e8s anticip\u00e9<\/h3>\t\t\t\t<\/div>\n\t\t\t\t<div class=\"elementor-element elementor-element-d9fecc1 elementor-widget elementor-widget-text-editor\" data-id=\"d9fecc1\" data-element_type=\"widget\" data-e-type=\"widget\" data-widget_type=\"text-editor.default\">\n\t\t\t\t\t\t\t\t\t<p>Nous r\u00e9compensons nos ambassadeurs par <strong data-start=\"480\" data-end=\"499\">cadeaux exclusifs<\/strong>des articles en \u00e9dition limit\u00e9e, et <strong data-start=\"528\" data-end=\"544\">acc\u00e8s anticip\u00e9<\/strong> \u00e0 nos derniers produits.<\/p>\n<p>Vous ne faites pas que promouvoir Onixxx, vous faites partie du cercle restreint.<\/p>\t\t\t\t\t\t\t\t<\/div>\n\t\t\t\t\t<\/div>\n\t\t<\/div>\n\t\t\t\t<div class=\"elementor-column elementor-col-33 elementor-top-column elementor-element elementor-element-6423f98\" data-id=\"6423f98\" data-element_type=\"column\" data-e-type=\"column\">\n\t\t\t<div class=\"elementor-widget-wrap elementor-element-populated\">\n\t\t\t\t\t\t<div class=\"elementor-element elementor-element-9fd282a elementor-view-default elementor-widget elementor-widget-icon\" data-id=\"9fd282a\" data-element_type=\"widget\" data-e-type=\"widget\" data-widget_type=\"icon.default\">\n\t\t\t\t\t\t\t<div class=\"elementor-icon-wrapper\">\n\t\t\t<div class=\"elementor-icon\">\n\t\t\t<svg aria-hidden=\"true\" class=\"e-font-icon-svg e-fas-bullhorn\" viewbox=\"0 0 576 512\" xmlns=\"http:\/\/www.w3.org\/2000\/svg\"><path d=\"M576 240c0-23.63-12.95-44.04-32-55.12V32.01C544 23.26 537.02 0 512 0c-7.12 0-14.19 2.38-19.98 7.02l-85.03 68.03C364.28 109.19 310.66 128 256 128H64c-35.35 0-64 28.65-64 64v96c0 35.35 28.65 64 64 64h33.7c-1.39 10.48-2.18 21.14-2.18 32 0 39.77 9.26 77.35 25.56 110.94 5.19 10.69 16.52 17.06 28.4 17.06h74.28c26.05 0 41.69-29.84 25.9-50.56-16.4-21.52-26.15-48.36-26.15-77.44 0-11.11 1.62-21.79 4.41-32H256c54.66 0 108.28 18.81 150.98 52.95l85.03 68.03a32.023 32.023 0 0 0 19.98 7.02c24.92 0 32-22.78 32-32V295.13C563.05 284.04 576 263.63 576 240zm-96 141.42l-33.05-26.44C392.95 311.78 325.12 288 256 288v-96c69.12 0 136.95-23.78 190.95-66.98L480 98.58v282.84z\"><\/path><\/svg>\t\t\t<\/div>\n\t\t<\/div>\n\t\t\t\t\t\t<\/div>\n\t\t\t\t<div class=\"elementor-element elementor-element-f7b120b elementor-widget elementor-widget-heading\" data-id=\"f7b120b\" data-element_type=\"widget\" data-e-type=\"widget\" data-widget_type=\"heading.default\">\n\t\t\t\t\t<h3 class=\"elementor-heading-title elementor-size-default\">Accro\u00eetre votre visibilit\u00e9 et votre image de marque<\/h3>\t\t\t\t<\/div>\n\t\t\t\t<div class=\"elementor-element elementor-element-0380239 elementor-widget elementor-widget-text-editor\" data-id=\"0380239\" data-element_type=\"widget\" data-e-type=\"widget\" data-widget_type=\"text-editor.default\">\n\t\t\t\t\t\t\t\t\t<p>En tant qu'ambassadeur Onixxx, vous obtiendrez <strong data-start=\"167\" data-end=\"185\">exposition suppl\u00e9mentaire<\/strong> par le biais de nos actions, de nos collaborations et de nos campagnes.<\/p>\n<p>C'est l'occasion r\u00eav\u00e9e de <strong data-start=\"269\" data-end=\"291\">D\u00e9veloppez votre audience<\/strong> et renforcer votre <strong data-start=\"312\" data-end=\"330\" data-is-only-node=\"\">marque personnelle<\/strong> tout en repr\u00e9sentant une entreprise innovante et tourn\u00e9e vers l'avenir.<\/p>\t\t\t\t\t\t\t\t<\/div>\n\t\t\t\t\t<\/div>\n\t\t<\/div>\n\t\t\t\t\t<\/div>\n\t\t<\/section>\n\t\t\t\t<section class=\"elementor-section elementor-top-section elementor-element elementor-element-d1e5718 elementor-section-boxed elementor-section-height-default elementor-section-height-default\" data-id=\"d1e5718\" data-element_type=\"section\" data-e-type=\"section\">\n\t\t\t\t\t\t<div class=\"elementor-container elementor-column-gap-default\">\n\t\t\t\t\t<div class=\"elementor-column elementor-col-100 elementor-top-column elementor-element elementor-element-6032a06\" data-id=\"6032a06\" data-element_type=\"column\" data-e-type=\"column\">\n\t\t\t<div class=\"elementor-widget-wrap elementor-element-populated\">\n\t\t\t\t\t\t<div class=\"elementor-element elementor-element-dee0d58 elementor-widget elementor-widget-text-editor\" data-id=\"dee0d58\" data-element_type=\"widget\" data-e-type=\"widget\" data-widget_type=\"text-editor.default\">\n\t\t\t\t\t\t\t\t\t<p class=\"\" data-start=\"39\" data-end=\"97\"><strong data-start=\"39\" data-end=\"97\">Pr\u00eat \u00e0 augmenter vos revenus et votre visibilit\u00e9 avec Onixxx ?<\/strong><\/p>\n<p class=\"\" data-start=\"99\" data-end=\"310\">Rejoindre notre programme d'affiliation est plus qu'une simple opportunit\u00e9 de gagner de l'argent. C'est une chance de <strong data-start=\"194\" data-end=\"222\">D\u00e9veloppez votre marque personnelle<\/strong>, recevoir <strong data-start=\"232\" data-end=\"251\">cadeaux exclusifs<\/strong>et gagner <strong data-start=\"262\" data-end=\"280\">revenus passifs<\/strong> de chaque vente que vous r\u00e9alisez.<\/p>\n<p class=\"\" data-start=\"312\" data-end=\"476\"><strong data-start=\"312\" data-end=\"346\">Ne ratez pas cette occasion !<\/strong><br data-start=\"346\" data-end=\"349\" \/>Vous avez tout ce qu'il faut pour r\u00e9ussir, et nous serons l\u00e0 pour vous soutenir \u00e0 chaque \u00e9tape. Alors, qu'attendez-vous ?<\/p>\n<p class=\"\" data-start=\"478\" data-end=\"601\"><strong data-start=\"478\" data-end=\"526\">Inscrivez-vous maintenant et devenez un ambassadeur Onixxx !<\/strong><br data-start=\"526\" data-end=\"529\" \/>Le formulaire se trouve juste en dessous - faites le premier pas vers votre succ\u00e8s d\u00e8s aujourd'hui !<\/p>\t\t\t\t\t\t\t\t<\/div>\n\t\t\t\t\t<\/div>\n\t\t<\/div>\n\t\t\t\t\t<\/div>\n\t\t<\/section>\n\t\t\t\t<section class=\"elementor-section elementor-top-section elementor-element elementor-element-777eb22e elementor-section-boxed elementor-section-height-default elementor-section-height-default\" data-id=\"777eb22e\" data-element_type=\"section\" data-e-type=\"section\">\n\t\t\t\t\t\t<div class=\"elementor-container elementor-column-gap-default\">\n\t\t\t\t\t<div class=\"elementor-column elementor-col-100 elementor-top-column elementor-element elementor-element-3e0c2bad\" data-id=\"3e0c2bad\" data-element_type=\"column\" data-e-type=\"column\">\n\t\t\t<div class=\"elementor-widget-wrap elementor-element-populated\">\n\t\t\t\t\t\t<div class=\"elementor-element elementor-element-1d0813c4 elementor-widget elementor-widget-text-editor\" data-id=\"1d0813c4\" data-element_type=\"widget\" data-e-type=\"widget\" data-widget_type=\"text-editor.default\">\n\t\t\t\t\t\t\t\t\t<p><\/p>\n\n<div class=\"wp-block-spacer\" style=\"height: 60px;\" aria-hidden=\"true\">\u00a0<\/div>\n\n<h2 class=\"wp-block-heading\">D\u00e9j\u00e0 inscrit ?<\/h2>\n\n<p>Se connecter \u00e0 <a href=\"https:\/\/onixxx.com\/fr\/compte-affilie\/\">votre espace ici<\/a><\/p>\n\t\t\t\t\t\t\t\t<\/div>\n\t\t\t\t\t<\/div>\n\t\t<\/div>\n\t\t\t\t\t<\/div>\n\t\t<\/section>\n\t\t\t\t<\/div>","protected":false},"excerpt":{"rendered":"<p>Become an Onixxx Ambassador! Earn money from every sale you generate As an Onixxx Ambassador, you&#8217;ll receive 15% of every sale made through your unique referral link. It\u2019s a powerful way to build passive income [&hellip;]<\/p>\n","protected":false},"author":4,"featured_media":0,"parent":0,"menu_order":0,"comment_status":"closed","ping_status":"closed","template":"elementor_header_footer","meta":{"_seopress_robots_primary_cat":"","_seopress_titles_title":"Ambassador registration | Onixxx","_seopress_titles_desc":"Become an Onixxx Ambassador! Earn money from every sale you generate As an Onixxx Ambassador, you&#8217;ll receive 15% of every sale made through your u...","_seopress_robots_index":"yes","site-sidebar-layout":"default","site-content-layout":"","ast-site-content-layout":"default","site-content-style":"default","site-sidebar-style":"default","ast-global-header-display":"","ast-banner-title-visibility":"","ast-main-header-display":"","ast-hfb-above-header-display":"","ast-hfb-below-header-display":"","ast-hfb-mobile-header-display":"","site-post-title":"","ast-breadcrumbs-content":"","ast-featured-img":"","footer-sml-layout":"","ast-disable-related-posts":"","theme-transparent-header-meta":"","adv-header-id-meta":"","stick-header-meta":"","header-above-stick-meta":"","header-main-stick-meta":"","header-below-stick-meta":"","astra-migrate-meta-layouts":"set","ast-page-background-enabled":"default","ast-page-background-meta":{"desktop":{"background-color":"","background-image":"","background-repeat":"repeat","background-position":"center center","background-size":"auto","background-attachment":"scroll","background-type":"","background-media":"","overlay-type":"","overlay-color":"","overlay-opacity":"","overlay-gradient":""},"tablet":{"background-color":"","background-image":"","background-repeat":"repeat","background-position":"center center","background-size":"auto","background-attachment":"scroll","background-type":"","background-media":"","overlay-type":"","overlay-color":"","overlay-opacity":"","overlay-gradient":""},"mobile":{"background-color":"","background-image":"","background-repeat":"repeat","background-position":"center center","background-size":"auto","background-attachment":"scroll","background-type":"","background-media":"","overlay-type":"","overlay-color":"","overlay-opacity":"","overlay-gradient":""}},"ast-content-background-meta":{"desktop":{"background-color":"var(--ast-global-color-5)","background-image":"","background-repeat":"repeat","background-position":"center center","background-size":"auto","background-attachment":"scroll","background-type":"","background-media":"","overlay-type":"","overlay-color":"","overlay-opacity":"","overlay-gradient":""},"tablet":{"background-color":"var(--ast-global-color-5)","background-image":"","background-repeat":"repeat","background-position":"center center","background-size":"auto","background-attachment":"scroll","background-type":"","background-media":"","overlay-type":"","overlay-color":"","overlay-opacity":"","overlay-gradient":""},"mobile":{"background-color":"var(--ast-global-color-5)","background-image":"","background-repeat":"repeat","background-position":"center center","background-size":"auto","background-attachment":"scroll","background-type":"","background-media":"","overlay-type":"","overlay-color":"","overlay-opacity":"","overlay-gradient":""}},"footnotes":""},"class_list":["post-11195","page","type-page","status-publish","hentry"],"_links":{"self":[{"href":"https:\/\/onixxx.com\/fr\/wp-json\/wp\/v2\/pages\/11195","targetHints":{"allow":["GET"]}}],"collection":[{"href":"https:\/\/onixxx.com\/fr\/wp-json\/wp\/v2\/pages"}],"about":[{"href":"https:\/\/onixxx.com\/fr\/wp-json\/wp\/v2\/types\/page"}],"author":[{"embeddable":true,"href":"https:\/\/onixxx.com\/fr\/wp-json\/wp\/v2\/users\/4"}],"replies":[{"embeddable":true,"href":"https:\/\/onixxx.com\/fr\/wp-json\/wp\/v2\/comments?post=11195"}],"version-history":[{"count":4,"href":"https:\/\/onixxx.com\/fr\/wp-json\/wp\/v2\/pages\/11195\/revisions"}],"predecessor-version":[{"id":14718,"href":"https:\/\/onixxx.com\/fr\/wp-json\/wp\/v2\/pages\/11195\/revisions\/14718"}],"wp:attachment":[{"href":"https:\/\/onixxx.com\/fr\/wp-json\/wp\/v2\/media?parent=11195"}],"curies":[{"name":"wp","href":"https:\/\/api.w.org\/{rel}","templated":true}]}}