{"id":7135,"date":"2024-03-18T08:12:06","date_gmt":"2024-03-18T16:12:06","guid":{"rendered":"https:\/\/darkslategrey-otter-798920.hostingersite.com\/?page_id=7135"},"modified":"2026-03-20T04:04:03","modified_gmt":"2026-03-20T03:04:03","slug":"politique-de-confidentialite","status":"publish","type":"page","link":"https:\/\/onixxx.com\/fr\/privacy-policy\/","title":{"rendered":"Politique de confidentialit\u00e9"},"content":{"rendered":"<p><strong>Pr\u00e9ambule<\/strong>et&nbsp;<\/p>\n\n\n\n<p>Cette politique de confidentialit\u00e9 s&#039;applique \u00e0 toutes les ventes conclues sur le site onixxx.com<\/p>\n\n\n\n<p>Les coordonn\u00e9es de la soci\u00e9t\u00e9 sont les suivantes :&nbsp;<\/p>\n\n\n\n<ul class=\"wp-block-list\">\n<li>Le lien vers notre site web : <a href=\"https:\/\/onixxx.com\/fr\/\" title=\"Accueil\" data-wpil-monitor-id=\"7\">onixxx.com<\/a><\/li>\n\n\n\n<li>Nom de l'entreprise : Brand Success<\/li>\n\n\n\n<li>Siret : 83353766500022<\/li>\n\n\n\n<li>Adresse postale : 78 avenue des champs Elys\u00e9e \u2013 bureau 562 \u2013 75008 PARIS<\/li>\n\n\n\n<li>Num\u00e9ro de t\u00e9l\u00e9phone : 0767010363<\/li>\n\n\n\n<li>Adresse \u00e9lectronique : contact@onixxx.com<\/li>\n<\/ul>\n\n\n\n<p><strong>Article 1 \u2013 Utilisation des donn\u00e9es<\/strong><\/p>\n\n\n\n<p>Les donn\u00e9es personnelles collect\u00e9es aupr\u00e8s des utilisateurs sont utilis\u00e9es pour fournir et am\u00e9liorer les services du site Web et pour maintenir un environnement s\u00e9curis\u00e9. La base juridique du traitement est l&#039;ex\u00e9cution du contrat entre l&#039;utilisateur et le site Web. Plus pr\u00e9cis\u00e9ment, les donn\u00e9es sont utilis\u00e9es aux fins suivantes<\/p>\n\n\n\n<p>\u2013 mise en place d\u2019une assistance aux utilisateurs ;<\/p>\n\n\n\n<p>\u2013 l\u2019acc\u00e8s et l\u2019utilisation du site par l\u2019utilisateur ;<\/p>\n\n\n\n<p>\u2013 v\u00e9rification, identification et authentification des donn\u00e9es transmises par l\u2019utilisateur ;<\/p>\n\n\n\n<p>\u2013 personnaliser les services en affichant des publicit\u00e9s en fonction de l\u2019historique de navigation et des pr\u00e9f\u00e9rences de l\u2019utilisateur ;<\/p>\n\n\n\n<p>\u2013 pr\u00e9vention et d\u00e9tection des fraudes, gestion des incidents de s\u00e9curit\u00e9 et des malwares ;<\/p>\n\n\n\n<p>\u2013 g\u00e9rer les \u00e9ventuels litiges avec les utilisateurs ;<\/p>\n\n\n\n<p>\u2013 g\u00e9rer le fonctionnement et l\u2019optimisation du site Internet ;<\/p>\n\n\n\n<p>\u2013 envoyer des informations commerciales et publicitaires en fonction des pr\u00e9f\u00e9rences de l\u2019utilisateur ;<\/p>\n\n\n\n<p>\u2013 organisation des conditions d\u2019utilisation des Services de Paiement.<\/p>\n\n\n\n<p><strong>Article 2 \u2013 Politique de conservation des donn\u00e9es<\/strong><\/p>\n\n\n\n<p>Le site Web conserve vos donn\u00e9es aussi longtemps que n\u00e9cessaire pour vous fournir ses services et son assistance.&nbsp;<\/p>\n\n\n\n<p>L&#039;objectif est de r\u00e9pondre aux obligations r\u00e9glementaires et l\u00e9gales, de pr\u00e9venir la fraude et de r\u00e9gler les litiges. Nous pouvons \u00e9galement conserver certaines de vos informations si n\u00e9cessaire, m\u00eame apr\u00e8s la fermeture de votre compte ou lorsque nous n&#039;avons plus besoin de vous fournir nos services.<\/p>\n\n\n\n<p><strong>Article 3- Partage des donn\u00e9es personnelles avec des tiers<\/strong><\/p>\n\n\n\n<p>Les donn\u00e9es personnelles peuvent \u00eatre partag\u00e9es avec d\u2019autres soci\u00e9t\u00e9s de l\u2019Union europ\u00e9enne dans les cas suivants :<\/p>\n\n\n\n<p>\u2013 lorsque l\u2019utilisateur publie des informations accessibles au public dans les espaces de commentaires libres du site ;<\/p>\n\n\n\n<p>\u2013 D\u00e8s que l\u2019utilisateur utilise les services de paiement, pour la mise en \u0153uvre de ces services, le site est en contact avec des soci\u00e9t\u00e9s financi\u00e8res et bancaires avec lesquelles il a sign\u00e9 des contrats ;<\/p>\n\n\n\n<p>\u2013 lorsque l\u2019utilisateur autorise le site Internet d\u2019un tiers \u00e0 acc\u00e9der \u00e0 ses donn\u00e9es ;<\/p>\n\n\n\n<p>\u2013 si la loi l\u2019exige, le site Web peut transmettre des donn\u00e9es afin de faire valoir des r\u00e9clamations contre le site Web et de se conformer aux proc\u00e9dures administratives et judiciaires.<\/p>\n\n\n\n<p><strong>Article 4 \u2013 Exercice de vos droits<\/strong><\/p>\n\n\n\n<p><strong>Pour toute demande d&#039;exercice des droits susmentionn\u00e9s ou pour toute information compl\u00e9mentaire, veuillez contacter la soci\u00e9t\u00e9 \u00e0 l&#039;adresse e-mail suivante : <\/strong>contact@onixxx.com ou par courrier \u00e0 l'adresse suivante au si\u00e8ge de l'entreprise : <strong>Succ\u00e8s de la marque <\/strong>78 avenue des champs Elys\u00e9e \u2013 bureau 562 \u2013 75008 PARIS.<\/p>\n\n\n\n<p>Vous disposez des droits suivants sur vos donn\u00e9es, conform\u00e9ment \u00e0 la r\u00e9glementation :<\/p>\n\n\n\n<ul class=\"wp-block-list\">\n<li><strong>Droit de retirer votre consentement \u00e0 tout moment <\/strong>(art. 13-2c RGPD) pour tous les traitements de donn\u00e9es ayant pour base juridique votre consentement. Par ailleurs, s\u2019agissant de la prospection commerciale, vous avez la possibilit\u00e9 de vous d\u00e9sinscrire \u00e0 tout moment de nos listes de diffusion en cliquant sur le lien de d\u00e9sinscription figurant dans nos communications ou en nous contactant pour ne plus recevoir de messages de sollicitation.<\/li>\n<\/ul>\n\n\n\n<ul class=\"wp-block-list\">\n<li><strong>Droit d&#039;acc\u00e8s <\/strong>\u00e0 vos Donn\u00e9es, y compris le droit d&#039;en demander une copie, et aux informations fournies dans la pr\u00e9sente politique de confidentialit\u00e9 (art. 15 RGPD). Lorsque la base l\u00e9gale du traitement des donn\u00e9es est notre int\u00e9r\u00eat l\u00e9gitime, vous avez la possibilit\u00e9 de demander des informations sur la mise en balance que nous avons effectu\u00e9e entre les int\u00e9r\u00eats de nos clients et ceux de la Soci\u00e9t\u00e9 avant un tel traitement.<\/li>\n<\/ul>\n\n\n\n<ul class=\"wp-block-list\">\n<li><strong>Droit de rectification <\/strong>(art. 16 RGPD) et de mettre \u00e0 jour vos donn\u00e9es d\u00e9tenues par nous.<\/li>\n<\/ul>\n\n\n\n<ul class=\"wp-block-list\">\n<li><strong>Droit \u00e0 l&#039;effacement des <\/strong>vos Donn\u00e9es (art. 17 RGPD) lorsque les donn\u00e9es ne nous sont plus n\u00e9cessaires, que vous avez retir\u00e9 votre consentement \u00e0 leur Traitement (s\u2019il \u00e9tait fond\u00e9 sur notre consentement) ou que vous vous opposez au Traitement fond\u00e9 sur notre int\u00e9r\u00eat l\u00e9gitime ou au Traitement effectu\u00e9 \u00e0 des fins de prospection ou \u00e0 des fins de profilage li\u00e9es \u00e0 la prospection.<\/li>\n<\/ul>\n\n\n\n<ul class=\"wp-block-list\">\n<li><strong>Droit de limitation <\/strong>Traitement qui, sauf motifs imp\u00e9rieux, ne peut \u00eatre mis en \u0153uvre qu&#039;avec votre consentement (art.18 RGPD) lorsque :<\/li>\n\n\n\n<li>Vous contestez l&#039;exactitude des donn\u00e9es pendant le temps n\u00e9cessaire \u00e0 leur v\u00e9rification<\/li>\n\n\n\n<li>Si le traitement des donn\u00e9es est illicite, mais que vous vous opposez \u00e0 la suppression des donn\u00e9es et optez plut\u00f4t pour la limitation du traitement,<\/li>\n\n\n\n<li>lorsque nous n\u2019avons plus besoin des donn\u00e9es, mais qu\u2019elles sont encore n\u00e9cessaires pour que vous puissiez \u00e9tablir, exercer ou d\u00e9fendre vos droits l\u00e9gaux.<\/li>\n\n\n\n<li>Lorsque vous vous \u00eates oppos\u00e9 au traitement fond\u00e9 sur nos int\u00e9r\u00eats l\u00e9gitimes, pendant le temps n\u00e9cessaire pour \u00e9quilibrer nos int\u00e9r\u00eats respectifs<em>.&nbsp;<\/em><\/li>\n<\/ul>\n\n\n\n<ul class=\"wp-block-list\">\n<li><strong>Droit \u00e0 la portabilit\u00e9 <\/strong>des Donn\u00e9es directement fournies par la personne concern\u00e9e lorsqu\u2019elles font l\u2019objet d\u2019un traitement automatis\u00e9 fond\u00e9 sur votre consentement ou sur un contrat (art. 20 RGPD). Ce droit signifie que vous avez la possibilit\u00e9 de demander la communication de ces donn\u00e9es dans un format structur\u00e9, couramment utilis\u00e9 et lisible par machine afin qu\u2019elles puissent \u00eatre communiqu\u00e9es \u00e0 un autre responsable du traitement.<\/li>\n<\/ul>\n\n\n\n<ul class=\"wp-block-list\">\n<li><strong>Droit d&#039;opposition <\/strong>(art. 21 RGPD) au traitement de vos donn\u00e9es lorsque ce traitement est l\u00e9galement fond\u00e9 sur nos int\u00e9r\u00eats l\u00e9gitimes.<\/li>\n<\/ul>\n\n\n\n<ul class=\"wp-block-list\">\n<li><strong>Le droit de d\u00e9finir ce qu&#039;il advient de vos Donn\u00e9es apr\u00e8s votre d\u00e9c\u00e8s <\/strong>(art. 40-1 de la loi 78-17 du 6 janvier 1978) et de choisir un tiers de confiance \u00e0 qui la Soci\u00e9t\u00e9 devra la confier.<\/li>\n<\/ul>\n\n\n\n<p><strong>Article 5 \u2013 Destinataires<\/strong><\/p>\n\n\n\n<p>Nous nous engageons \u00e0 ce que tout Destinataire de Donn\u00e9es fournisse des garanties contractuelles suffisantes et appropri\u00e9es pour respecter vos droits, afin que le traitement r\u00e9ponde aux exigences du RGPD lorsque ce r\u00e8glement s\u2019applique (notamment en mati\u00e8re de sous-traitance). Sur la base de nos obligations l\u00e9gales, vos Donn\u00e9es peuvent \u00eatre divulgu\u00e9es en application d\u2019une loi, d\u2019un r\u00e8glement ou en vertu d\u2019une d\u00e9cision d\u2019une autorit\u00e9 r\u00e9glementaire ou judiciaire comp\u00e9tente.<\/p>\n\n\n\n<p>Les informations que vous nous communiquez sont strictement confidentielles et ne peuvent \u00eatre divulgu\u00e9es \u00e0 des tiers, sauf avec votre accord expr\u00e8s ou si vous avez d\u00e9cid\u00e9 de les rendre publiques dans les conditions pr\u00e9vues par le R\u00e8glement.&nbsp;<\/p>\n\n\n\n<p>Nos prestataires externes (par exemple fournisseurs, transporteurs, etc.) peuvent, dans le cadre du traitement d\u00e9crit ci-dessus, recevoir des donn\u00e9es personnelles lorsque cela est n\u00e9cessaire \u00e0 l&#039;ex\u00e9cution de leurs t\u00e2ches.<\/p>\n\n\n\n<p>Nous nous engageons \u00e0 assurer le respect de la r\u00e9glementation applicable en mati\u00e8re de transfert de donn\u00e9es vers des pays situ\u00e9s hors de l&#039;Union europ\u00e9enne, notamment de la mani\u00e8re suivante :<\/p>\n\n\n\n<ul class=\"wp-block-list\">\n<li>Nous transf\u00e9rerons les donn\u00e9es des visiteurs, prospects et clients vers des pays reconnus comme offrant un niveau de protection ad\u00e9quat ;<\/li>\n\n\n\n<li>Lorsque le pays de destination ne dispose pas d&#039;un niveau de protection ad\u00e9quat, nous utilisons des outils de transfert conformes \u00e0 la r\u00e9glementation (notamment les clauses contractuelles types de la Commission europ\u00e9enne).<\/li>\n<\/ul>\n\n\n\n<p>Nous pouvons publier, divulguer et utiliser des informations agr\u00e9g\u00e9es (informations relatives aux utilisateurs du site, aux prospects, aux clients, etc.) que nous combinons de telle mani\u00e8re qu&#039;aucune personne physique ne soit identifiable individuellement. Ce traitement est effectu\u00e9 conform\u00e9ment \u00e0 notre int\u00e9r\u00eat l\u00e9gitime \u00e0 des fins statistiques, d&#039;analyse sectorielle et de march\u00e9, de pr\u00e9sentation de nos activit\u00e9s, \u00e0 des fins promotionnelles et publicitaires et \u00e0 d&#039;autres fins commerciales.<\/p>\n\n\n\n<p><strong>Article 6 \u2013 Offres commerciales<\/strong><\/p>\n\n\n\n<p>Vos donn\u00e9es pourront \u00eatre utilis\u00e9es par les partenaires de l&#039;\u00e9diteur \u00e0 des fins de prospection commerciale.<\/p>\n\n\n\n<p>Si, lors de la consultation du site, vous acc\u00e9dez \u00e0 des donn\u00e9es \u00e0 caract\u00e8re personnel, vous devez vous abstenir de toute collecte, de toute utilisation non autoris\u00e9e et de tout acte pouvant constituer une atteinte \u00e0 la vie priv\u00e9e ou \u00e0 la r\u00e9putation des personnes. L&#039;\u00e9diteur d\u00e9cline toute responsabilit\u00e9 \u00e0 cet \u00e9gard.<\/p>\n\n\n\n<p>Les donn\u00e9es sont conserv\u00e9es et utilis\u00e9es pendant une dur\u00e9e conforme \u00e0 la l\u00e9gislation en vigueur.<\/p>\n\n\n\n<p><br><strong>Article 7 \u2013 <\/strong>Cookies&nbsp;<\/p>\n\n\n\n<p>Qu&#039;est-ce qu&#039;un cookie ?<\/p>\n\n\n\n<p>Un \u00ab Cookie \u00bb est un fichier \u00e9lectronique d\u00e9pos\u00e9 sur un terminal (ordinateur, tablette, smartphone, etc.) et lu, par exemple, lors de la consultation d&#039;un site internet, de la lecture d&#039;un courrier \u00e9lectronique, de l&#039;installation ou de l&#039;utilisation d&#039;un logiciel ou d&#039;une application mobile, quel que soit le type de terminal.<\/p>\n\n\n\n<p>Le cas \u00e9ch\u00e9ant, des cookies \u00e9mis par l&#039;\u00e9diteur du site et\/ou des soci\u00e9t\u00e9s tierces pourront \u00eatre d\u00e9pos\u00e9s sur votre terminal avec votre consentement. Dans ce cas, lors de votre premi\u00e8re navigation sur ce site, une banni\u00e8re explicative sur l&#039;utilisation des cookies appara\u00eetra. Avant de poursuivre sa navigation, le client et\/ou prospect devra accepter ou refuser l&#039;utilisation des cookies. Le consentement donn\u00e9 sera valable pour une dur\u00e9e de treize (13) mois. L&#039;utilisateur peut d\u00e9sactiver les cookies \u00e0 tout moment.<\/p>\n\n\n\n<p>Les cookies suivants peuvent \u00eatre pr\u00e9sents sur ce site :<\/p>\n\n\n\n<p><strong>Cookies Google :<\/strong><\/p>\n\n\n\n<p>\u2013 Google Analytics : utilis\u00e9 pour mesurer l\u2019audience du site ;<\/p>\n\n\n\n<p>\u2013 Google tag manager : facilite l\u2019impl\u00e9mentation des balises sur les pages et la gestion des balises Google ;<\/p>\n\n\n\n<p>\u2013 Google Adsense : r\u00e9seau publicitaire de Google qui utilise les sites Web ou les vid\u00e9os YouTube comme support pour ses publicit\u00e9s ;&nbsp;<\/p>\n\n\n\n<p>\u2013 Google Dynamic Remarketing : permet la publicit\u00e9 dynamique en fonction des recherches pr\u00e9c\u00e9dentes ;&nbsp;<\/p>\n\n\n\n<p>\u2013 Conversion Google Adwords : outil de suivi des campagnes Adwords ;&nbsp;<\/p>\n\n\n\n<p>\u2013 DoubleClick : cookies publicitaires de Google pour afficher des banni\u00e8res.<\/p>\n\n\n\n<p><strong>M\u00e9ta cookies :<\/strong><\/p>\n\n\n\n<p>\u2013 Facebook connect : permet de vous connecter en utilisant votre compte Facebook ;<\/p>\n\n\n\n<p>\u2013 Plugins sociaux Facebook : permettent d\u2019aimer, de partager et de commenter du contenu avec un compte Facebook ;<\/p>\n\n\n\n<p>\u2013 Facebook Custom Audience : vous permet d\u2019interagir avec votre audience sur Facebook.<\/p>\n\n\n\n<p><strong>Cookies Twitter :<\/strong><\/p>\n\n\n\n<p>Bouton Twitter : facilite le partage et l\u2019affichage du contenu Twitter ;<\/p>\n\n\n\n<p>\u2013 Publicit\u00e9 Twitter : permet d&#039;afficher et de cibler des publicit\u00e9s via le r\u00e9seau publicitaire de Twitter.<\/p>\n\n\n\n<p><strong>Cookies Linkedin :<\/strong><\/p>\n\n\n\n<p>Linkedin lms_analytics : utilis\u00e9 pour identifier les utilisateurs de LinkedIn en dehors du site LinkedIn \u00e0 des fins publicitaires.<\/p>\n\n\n\n<p>Linkedin lidc : optimiser le choix du datacenter<\/p>\n\n\n\n<p>\u2013 Linkedin li_sugr : permet de trouver une correspondance probable avec l\u2019identit\u00e9 d\u2019un utilisateur en dehors des pays d\u00e9sign\u00e9s.<\/p>\n\n\n\n<p><strong>Biscuits TikTok <\/strong>:&nbsp;<\/p>\n\n\n\n<p>Publicit\u00e9s TikTok : permet de promouvoir la publicit\u00e9 aupr\u00e8s d&#039;un public&nbsp;<\/p>\n\n\n\n<p>Biblioth\u00e8que TikTok : recherchez les campagnes publicitaires les plus performantes par r\u00e9gion<\/p>\n\n\n\n<p><strong>Biscuits Pinterest<\/strong>:&nbsp;<\/p>\n\n\n\n<p>\u2013 Pinterest Ads : une plateforme publicitaire permettant de pr\u00e9senter des produits ou des services<\/p>\n\n\n\n<p>Ces cookies ont une dur\u00e9e de vie de treize mois.<\/p>\n\n\n\n<p><br><strong>Article 8 \u2013 Photographies et repr\u00e9sentation des produits<\/strong><\/p>\n\n\n\n<p>Les photographies des produits, accompagnant leur description, ne sont pas contractuelles et n&#039;engagent pas l&#039;\u00e9diteur.<\/p>\n\n\n\n<p><br><strong>Article 9 \u2013 Loi applicable<\/strong><\/p>\n\n\n\n<p>Les pr\u00e9sentes conditions d&#039;utilisation du site sont r\u00e9gies par la loi fran\u00e7aise et soumises \u00e0 la comp\u00e9tence des tribunaux du si\u00e8ge social de l&#039;\u00e9diteur, sous r\u00e9serve d&#039;une attribution de comp\u00e9tence sp\u00e9cifique d\u00e9coulant d&#039;un texte de loi ou r\u00e9glementaire particulier.<\/p>\n\n\n\n<p><br><strong>Article 10 \u2013 Nous contacter<\/strong><\/p>\n\n\n\n<p>Si vous avez des questions ou souhaitez obtenir des informations sur les produits pr\u00e9sent\u00e9s sur le site, ou sur le site lui-m\u00eame, vous pouvez laisser un message \u00e0 l'adresse \u00e9lectronique suivante : contact@onixxx.com. &nbsp; &nbsp;<\/p>","protected":false},"excerpt":{"rendered":"<p>Preamble&nbsp; This privacy policy applies to all sales concluded on the website&nbsp;onixxx.com The company&#8217;s contact details are as follows:&nbsp; Article 1 &#8211; Use of data The personal data collected from users is used to provide [&hellip;]<\/p>\n","protected":false},"author":4,"featured_media":0,"parent":0,"menu_order":0,"comment_status":"closed","ping_status":"closed","template":"","meta":{"_seopress_robots_primary_cat":"","_seopress_titles_title":"Privacy policy | Onixxx","_seopress_titles_desc":"Preamble&nbsp; This privacy policy applies to all sales concluded on the website&nbsp;onixxx.com The company&#8217;s contact details are as follows:&nbs...","_seopress_robots_index":"","site-sidebar-layout":"default","site-content-layout":"","ast-site-content-layout":"default","site-content-style":"default","site-sidebar-style":"default","ast-global-header-display":"","ast-banner-title-visibility":"","ast-main-header-display":"","ast-hfb-above-header-display":"","ast-hfb-below-header-display":"","ast-hfb-mobile-header-display":"","site-post-title":"","ast-breadcrumbs-content":"","ast-featured-img":"","footer-sml-layout":"","ast-disable-related-posts":"","theme-transparent-header-meta":"","adv-header-id-meta":"","stick-header-meta":"","header-above-stick-meta":"","header-main-stick-meta":"","header-below-stick-meta":"","astra-migrate-meta-layouts":"set","ast-page-background-enabled":"default","ast-page-background-meta":{"desktop":{"background-color":"","background-image":"","background-repeat":"repeat","background-position":"center center","background-size":"auto","background-attachment":"scroll","background-type":"","background-media":"","overlay-type":"","overlay-color":"","overlay-opacity":"","overlay-gradient":""},"tablet":{"background-color":"","background-image":"","background-repeat":"repeat","background-position":"center center","background-size":"auto","background-attachment":"scroll","background-type":"","background-media":"","overlay-type":"","overlay-color":"","overlay-opacity":"","overlay-gradient":""},"mobile":{"background-color":"","background-image":"","background-repeat":"repeat","background-position":"center center","background-size":"auto","background-attachment":"scroll","background-type":"","background-media":"","overlay-type":"","overlay-color":"","overlay-opacity":"","overlay-gradient":""}},"ast-content-background-meta":{"desktop":{"background-color":"var(--ast-global-color-5)","background-image":"","background-repeat":"repeat","background-position":"center center","background-size":"auto","background-attachment":"scroll","background-type":"","background-media":"","overlay-type":"","overlay-color":"","overlay-opacity":"","overlay-gradient":""},"tablet":{"background-color":"var(--ast-global-color-5)","background-image":"","background-repeat":"repeat","background-position":"center center","background-size":"auto","background-attachment":"scroll","background-type":"","background-media":"","overlay-type":"","overlay-color":"","overlay-opacity":"","overlay-gradient":""},"mobile":{"background-color":"var(--ast-global-color-5)","background-image":"","background-repeat":"repeat","background-position":"center center","background-size":"auto","background-attachment":"scroll","background-type":"","background-media":"","overlay-type":"","overlay-color":"","overlay-opacity":"","overlay-gradient":""}},"footnotes":""},"class_list":["post-7135","page","type-page","status-publish","hentry"],"_links":{"self":[{"href":"https:\/\/onixxx.com\/fr\/wp-json\/wp\/v2\/pages\/7135","targetHints":{"allow":["GET"]}}],"collection":[{"href":"https:\/\/onixxx.com\/fr\/wp-json\/wp\/v2\/pages"}],"about":[{"href":"https:\/\/onixxx.com\/fr\/wp-json\/wp\/v2\/types\/page"}],"author":[{"embeddable":true,"href":"https:\/\/onixxx.com\/fr\/wp-json\/wp\/v2\/users\/4"}],"replies":[{"embeddable":true,"href":"https:\/\/onixxx.com\/fr\/wp-json\/wp\/v2\/comments?post=7135"}],"version-history":[{"count":2,"href":"https:\/\/onixxx.com\/fr\/wp-json\/wp\/v2\/pages\/7135\/revisions"}],"predecessor-version":[{"id":15848,"href":"https:\/\/onixxx.com\/fr\/wp-json\/wp\/v2\/pages\/7135\/revisions\/15848"}],"wp:attachment":[{"href":"https:\/\/onixxx.com\/fr\/wp-json\/wp\/v2\/media?parent=7135"}],"curies":[{"name":"wp","href":"https:\/\/api.w.org\/{rel}","templated":true}]}}