{"id":7139,"date":"2024-03-18T08:17:53","date_gmt":"2024-03-18T16:17:53","guid":{"rendered":"https:\/\/darkslategrey-otter-798920.hostingersite.com\/?page_id=7139"},"modified":"2026-03-20T04:03:56","modified_gmt":"2026-03-20T03:03:56","slug":"politica-di-spedizione-e-rimborso","status":"publish","type":"page","link":"https:\/\/onixxx.com\/it\/shipping-and-refund-policy\/","title":{"rendered":"Politica di spedizione e rimborso"},"content":{"rendered":"<p><strong>Preambolo<\/strong><\/p>\n\n\n\n<p>Sarai responsabile delle spese di spedizione associate alla restituzione del tuo articolo. Non siamo responsabili per perdite o danni durante il trasporto.<\/p>\n\n\n\n<p>Devi anche pagare in anticipo la spedizione e l&#039;assicurazione (se applicabile) per tutti i resi. Se il tuo reso \u00e8 idoneo per un rimborso, non includer\u00e0 le spese di spedizione e gestione che potrebbero apparire sulla bolla di accompagnamento o sulla fattura.<\/p>\n\n\n\n<p>Una volta ricevuto il prodotto restituito, lo esamineremo e ti informeremo via e-mail, entro un periodo di tempo ragionevole, se hai diritto a un rimborso o a uno scambio. Se hai diritto a uno scambio o a un rimborso, sostituiremo il prodotto o rimborseremo il prezzo di acquisto (a seconda del metodo di pagamento originale).<\/p>\n\n\n\n<p>Dettagli di contatto:<\/p>\n\n\n\n<p>Link al sito web: <a href=\"https:\/\/onixxx.com\/it\/\" title=\"Casa\" data-wpil-monitor-id=\"6\">onixxx.com<\/a><br>Nome dell'azienda: Brand Success <\/p>\n\n\n\n<p>Siret: 83353766500022<br>Indirizzo postale: 78 avenue des champs Elys\u00e9e \u2013 Bureau 562 \u2013 75008 PARIGI \u2013 FRANCIA<br>Numero di telefono: 0767010363<br>Indirizzo e-mail: contact@onixxx.com<\/p>\n\n\n\n<p><strong>Articolo 1 \u2013 Restituzione degli articoli non aperti:<\/strong><\/p>\n\n\n\n<p>Accettiamo solo la restituzione di articoli restituiti entro 14 giorni dalla consegna, come indicato nelle informazioni di tracciamento originali.<\/p>\n\n\n\n<p><strong>Articolo 2 \u2013 Scambi<\/strong><\/p>\n\n\n\n<p>Sostituiremo solo prodotti difettosi o danneggiati. Se ritieni che un prodotto sia difettoso, ti preghiamo di contattarci entro 14 giorni dall&#039;acquisto al numero di telefono o all&#039;indirizzo e-mail indicati in cima alla pagina e di fornire i dettagli del prodotto e del difetto. Ti consiglieremo quindi su come restituire il prodotto.<\/p>\n\n\n\n<p><strong>Articolo 3 \u2013 Spedizione<\/strong><\/p>\n\n\n\n<p>Nel caso in cui il cliente desideri restituire al venditore il prodotto acquistato sul sito per qualsiasi motivo, il cliente deve informare preventivamente il venditore, affinch\u00e9 quest&#039;ultimo possa comunicare le istruzioni relative alla restituzione del prodotto. Se il cliente restituisce il prodotto al venditore di propria iniziativa, il venditore pu\u00f2 rifiutare il pacco e non procedere al rimborso.<\/p>\n\n\n\n<p>Non siamo responsabili per perdite o danni durante il trasporto. Se il tuo reso \u00e8 idoneo per un rimborso, non includer\u00e0 le spese di spedizione e gestione che potrebbero apparire sulla bolla di accompagnamento o sulla fattura.<\/p>\n\n\n\n<p>Per restituire o cambiare l&#039;articolo acquistato, invialo per posta, insieme a una copia della ricevuta e a qualsiasi altra informazione relativa all&#039;acquisto, all&#039;indirizzo indicato di seguito:<\/p>\n\n\n\n<p>Brand Success - 78 avenue des champs Elys\u00e9e - bureau 562 - 75008 PARIGI - FRANCIA<\/p>\n\n\n\n<p><strong>Articolo 4 \u2013 Trattamento<\/strong><\/p>\n\n\n\n<p>Una volta ricevuto il tuo articolo, lo esamineremo e ti faremo sapere via e-mail, entro un periodo di tempo ragionevole, se hai diritto a un rimborso o a una sostituzione.<\/p>\n\n\n\n<p>Se hai diritto a un rimborso, ti rimborseremo il prezzo di acquisto e verr\u00e0 applicato un accredito al metodo di pagamento originale. Le spese di spedizione e gestione che hai gi\u00e0 pagato non sono rimborsabili e gli importi rimborsati non includono il costo della spedizione.<br>Possono trascorrere al massimo 14 giorni lavorativi dal ricevimento della nostra e-mail prima che il rimborso venga ricevuto.<\/p>\n\n\n\n<p>Se hai diritto a una sostituzione, ti invieremo un nuovo articolo all&#039;indirizzo di spedizione originale.<\/p>\n\n\n\n<p><strong>Articolo 5 \u2013 Regali<\/strong><\/p>\n\n\n\n<p>Se l&#039;articolo restituito \u00e8 stato identificato come regalo al momento dell&#039;acquisto ed \u00e8 stato inviato direttamente a te, riceverai un buono regalo pari al valore del tuo reso. Se l&#039;articolo non \u00e8 stato identificato come regalo al momento dell&#039;acquisto, o se il donatore ha preferito ricevere l&#039;articolo prima e offrirtelo in seguito, invieremo un rimborso al donatore e lui sapr\u00e0 che hai restituito l&#039;articolo.<\/p>\n\n\n\n<p><strong>Articolo 6 \u2013 Eccezione al diritto di recesso e rimborso<\/strong><\/p>\n\n\n\n<p>Tutti gli articoli personalizzati realizzati su ordinazione dal nostro catalogo prodotti non sono idonei per reso o rimborso. Questi articoli sono considerati non rimborsabili o parte di una vendita finale.<\/p>\n\n\n\n<p>Tuttavia, i prodotti personalizzati beneficiano del diritto di conformit\u00e0 come definito nelle nostre condizioni generali di vendita. La societ\u00e0 non \u00e8 tenuta a rimborsare costi aggiuntivi se il consumatore ha scelto espressamente una modalit\u00e0 di consegna pi\u00f9 costosa rispetto alla modalit\u00e0 di consegna standard proposta dal professionista.<\/p>","protected":false},"excerpt":{"rendered":"<p>Preamble You will be responsible for the shipping costs associated with the return of your item. We are not responsible for loss or damage in transit. You must also prepay shipping and insurance (if applicable) [&hellip;]<\/p>\n","protected":false},"author":4,"featured_media":0,"parent":0,"menu_order":0,"comment_status":"closed","ping_status":"closed","template":"","meta":{"_seopress_robots_primary_cat":"","_seopress_titles_title":"Shipping and refund policy | Onixxx","_seopress_titles_desc":"Preamble You will be responsible for the shipping costs associated with the return of your item. We are not responsible for loss or damage in transit. Y...","_seopress_robots_index":"","site-sidebar-layout":"default","site-content-layout":"","ast-site-content-layout":"default","site-content-style":"default","site-sidebar-style":"default","ast-global-header-display":"","ast-banner-title-visibility":"","ast-main-header-display":"","ast-hfb-above-header-display":"","ast-hfb-below-header-display":"","ast-hfb-mobile-header-display":"","site-post-title":"","ast-breadcrumbs-content":"","ast-featured-img":"","footer-sml-layout":"","ast-disable-related-posts":"","theme-transparent-header-meta":"","adv-header-id-meta":"","stick-header-meta":"","header-above-stick-meta":"","header-main-stick-meta":"","header-below-stick-meta":"","astra-migrate-meta-layouts":"set","ast-page-background-enabled":"default","ast-page-background-meta":{"desktop":{"background-color":"","background-image":"","background-repeat":"repeat","background-position":"center center","background-size":"auto","background-attachment":"scroll","background-type":"","background-media":"","overlay-type":"","overlay-color":"","overlay-opacity":"","overlay-gradient":""},"tablet":{"background-color":"","background-image":"","background-repeat":"repeat","background-position":"center center","background-size":"auto","background-attachment":"scroll","background-type":"","background-media":"","overlay-type":"","overlay-color":"","overlay-opacity":"","overlay-gradient":""},"mobile":{"background-color":"","background-image":"","background-repeat":"repeat","background-position":"center center","background-size":"auto","background-attachment":"scroll","background-type":"","background-media":"","overlay-type":"","overlay-color":"","overlay-opacity":"","overlay-gradient":""}},"ast-content-background-meta":{"desktop":{"background-color":"var(--ast-global-color-5)","background-image":"","background-repeat":"repeat","background-position":"center center","background-size":"auto","background-attachment":"scroll","background-type":"","background-media":"","overlay-type":"","overlay-color":"","overlay-opacity":"","overlay-gradient":""},"tablet":{"background-color":"var(--ast-global-color-5)","background-image":"","background-repeat":"repeat","background-position":"center center","background-size":"auto","background-attachment":"scroll","background-type":"","background-media":"","overlay-type":"","overlay-color":"","overlay-opacity":"","overlay-gradient":""},"mobile":{"background-color":"var(--ast-global-color-5)","background-image":"","background-repeat":"repeat","background-position":"center center","background-size":"auto","background-attachment":"scroll","background-type":"","background-media":"","overlay-type":"","overlay-color":"","overlay-opacity":"","overlay-gradient":""}},"footnotes":""},"class_list":["post-7139","page","type-page","status-publish","hentry"],"_links":{"self":[{"href":"https:\/\/onixxx.com\/it\/wp-json\/wp\/v2\/pages\/7139","targetHints":{"allow":["GET"]}}],"collection":[{"href":"https:\/\/onixxx.com\/it\/wp-json\/wp\/v2\/pages"}],"about":[{"href":"https:\/\/onixxx.com\/it\/wp-json\/wp\/v2\/types\/page"}],"author":[{"embeddable":true,"href":"https:\/\/onixxx.com\/it\/wp-json\/wp\/v2\/users\/4"}],"replies":[{"embeddable":true,"href":"https:\/\/onixxx.com\/it\/wp-json\/wp\/v2\/comments?post=7139"}],"version-history":[{"count":2,"href":"https:\/\/onixxx.com\/it\/wp-json\/wp\/v2\/pages\/7139\/revisions"}],"predecessor-version":[{"id":15847,"href":"https:\/\/onixxx.com\/it\/wp-json\/wp\/v2\/pages\/7139\/revisions\/15847"}],"wp:attachment":[{"href":"https:\/\/onixxx.com\/it\/wp-json\/wp\/v2\/media?parent=7139"}],"curies":[{"name":"scrivere","href":"https:\/\/api.w.org\/{rel}","templated":true}]}}