{"id":7126,"date":"2024-03-18T07:55:39","date_gmt":"2024-03-18T15:55:39","guid":{"rendered":"https:\/\/darkslategrey-otter-798920.hostingersite.com\/?page_id=7126"},"modified":"2026-03-20T04:04:18","modified_gmt":"2026-03-20T03:04:18","slug":"termos-de-uso","status":"publish","type":"page","link":"https:\/\/onixxx.com\/pt\/terms-of-use\/","title":{"rendered":"Termos de uso"},"content":{"rendered":"<p><strong>Artigo 1 \u2013 Informa\u00e7\u00e3o legal<\/strong><\/p>\n\n\n\n<p>1.1 Site (doravante \u201co site\u201d): onixxx.com<br>1.2 Editor (doravante \u201co Editor\u201d):O presente aviso legal aplica-se a todas as vendas conclu\u00eddas no s\u00edtio Web https:\/\/onixxx.com.<br>Os detalhes de contato da empresa s\u00e3o os seguintes:<\/p>\n\n\n\n<p>Link do site: onixxx.com<br>Nome da empresa: Brand Success<br>Siret: 83353766500022<br>Endere\u00e7o postal: 78 avenue des champs Elys\u00e9e \u2013 bureau 562 \u2013 75008 PARIS<br>N\u00famero de telefone: 0767010363<br>Endere\u00e7o de correio eletr\u00f3nico: contact@onixxx.com<\/p>\n\n\n\n<p>1.3 O respons\u00e1vel pela publica\u00e7\u00e3o, Sr. Heim, pode ser contactado no mesmo endere\u00e7o que o editor.<br>1.4 Hospedagem Easyhoster \u2013 Kim Communication \u2013 Unidade B, 3\/F, Kai Wan House, 146 Tung Choi Street, Mongkok, Kowloon, 999077, Hong Kong \u00e9 respons\u00e1vel pela hospedagem do site.<\/p>\n\n\n\n<p><strong>Artigo 2 \u2013 Acesso ao site<\/strong><\/p>\n\n\n\n<p>O acesso e o uso do site s\u00e3o estritamente para uso pessoal. Voc\u00ea se compromete a n\u00e3o usar este site ou as informa\u00e7\u00f5es ou dados nele contidos para fins comerciais, publicit\u00e1rios, pol\u00edticos ou qualquer outra forma de solicita\u00e7\u00e3o comercial.<\/p>\n\n\n\n<p><strong>Artigo 3 \u2013 Conte\u00fado do site<\/strong><\/p>\n\n\n\n<p>Todas as marcas registradas, fotografias, textos, coment\u00e1rios, ilustra\u00e7\u00f5es, imagens (animadas ou n\u00e3o), sequ\u00eancias de v\u00eddeo, sons, bem como todos os aplicativos de computador que podem ser usados para operar este site, s\u00e3o protegidos por leis de propriedade intelectual.<br>Eles s\u00e3o propriedade total e completa do editor ou de seus parceiros. Qualquer reprodu\u00e7\u00e3o, representa\u00e7\u00e3o, uso ou adapta\u00e7\u00e3o, em qualquer forma que seja, de todo ou parte desses elementos, incluindo aplicativos de computador, sem o consentimento pr\u00e9vio por escrito do editor, \u00e9 estritamente proibida.<\/p>\n\n\n\n<p>O fato de o editor n\u00e3o iniciar um processo t\u00e3o logo tome conhecimento de tal uso n\u00e3o autorizado n\u00e3o implica aceita\u00e7\u00e3o de tal uso e ren\u00fancia \u00e0 a\u00e7\u00e3o penal.<\/p>\n\n\n\n<p><strong>Artigo 4 \u2013 Gest\u00e3o do s\u00edtio<\/strong><\/p>\n\n\n\n<p>Para a boa gest\u00e3o do site, o editor pode a qualquer momento: \u2013 suspender o site para efetuar atualiza\u00e7\u00f5es.<br>suspender, interromper ou limitar o acesso a todo ou parte do site, reservar o acesso ao site, ou a certas partes do site, a uma categoria espec\u00edfica de usu\u00e1rios da Internet;<br>remover qualquer informa\u00e7\u00e3o que possa atrapalhar a opera\u00e7\u00e3o do site ou infringir leis nacionais ou internacionais;<\/p>\n\n\n\n<p><strong>Artigo 5 \u2013 Responsabilidade<\/strong><\/p>\n\n\n\n<p>O editor n\u00e3o pode ser responsabilizado por qualquer falha, avaria, dificuldade ou interrup\u00e7\u00e3o na opera\u00e7\u00e3o, impedindo o acesso ao site ou a qualquer uma de suas fun\u00e7\u00f5es. Voc\u00ea \u00e9 inteiramente respons\u00e1vel pela ferramenta que usa para se conectar ao site. Voc\u00ea deve tomar todas as medidas apropriadas para proteger sua ferramenta e seus pr\u00f3prios dados. Voc\u00ea tamb\u00e9m \u00e9 o \u00fanico respons\u00e1vel pelos sites e dados que consulta.<\/p>\n\n\n\n<p>O editor n\u00e3o poder\u00e1 ser responsabilizado em caso de a\u00e7\u00e3o legal movida contra voc\u00ea: \u2013 devido ao uso do site ou de qualquer servi\u00e7o acess\u00edvel pela Internet; \u2013 devido ao seu descumprimento destes termos e condi\u00e7\u00f5es.<\/p>\n\n\n\n<p>O editor n\u00e3o \u00e9 respons\u00e1vel por nenhum dano causado a voc\u00ea, a terceiros e\/ou ao seu equipamento como resultado de sua conex\u00e3o ou uso do site, e voc\u00ea renuncia a qualquer reivindica\u00e7\u00e3o contra o editor a esse respeito. Caso o editor seja objeto de procedimentos amig\u00e1veis ou legais como resultado de seu uso do site, ele pode tomar medidas contra voc\u00ea para obter compensa\u00e7\u00e3o por todos os danos, somas, senten\u00e7as e custos que possam surgir de tais procedimentos.<\/p>\n\n\n\n<p><strong>Artigo 6 \u2013 Links de hipertexto<\/strong><\/p>\n\n\n\n<p>\u00c9 estritamente proibida a cria\u00e7\u00e3o de links de hipertexto pelos usu\u00e1rios sem autoriza\u00e7\u00e3o pr\u00e9via por escrito do editor.<br>O editor \u00e9 livre para recusar tal autoriza\u00e7\u00e3o sem ter que justificar sua decis\u00e3o de forma alguma. Caso o editor conceda sua autoriza\u00e7\u00e3o, ela \u00e9 em qualquer caso apenas tempor\u00e1ria e pode ser retirada a qualquer momento, sem qualquer obriga\u00e7\u00e3o por parte do editor de justificar sua decis\u00e3o.<\/p>\n\n\n\n<p>Qualquer informa\u00e7\u00e3o acess\u00edvel por meio de um link para outros sites n\u00e3o \u00e9 publicada pelo editor. O editor n\u00e3o tem direitos sobre o conte\u00fado de tais links.<\/p>\n\n\n\n<p><strong>Artigo 7 \u2013 Recolha e protec\u00e7\u00e3o de dados<\/strong><\/p>\n\n\n\n<p>Seus dados s\u00e3o coletados pela empresa.<br>Dados pessoais significam qualquer informa\u00e7\u00e3o relativa a uma pessoa f\u00edsica identificada ou identific\u00e1vel (titular dos dados); uma pessoa identific\u00e1vel \u00e9 aquela que pode ser identificada, direta ou indiretamente, em particular por refer\u00eancia a um nome, um n\u00famero de identifica\u00e7\u00e3o ou a um ou mais fatores espec\u00edficos da sua identidade f\u00edsica, fisiol\u00f3gica, gen\u00e9tica, mental, econ\u00f4mica, cultural ou social.<br>Todas as informa\u00e7\u00f5es pessoais coletadas no site s\u00e3o usadas principalmente pelo editor para gerenciar as rela\u00e7\u00f5es com voc\u00ea e, quando aplic\u00e1vel, para processar seus pedidos.<\/p>\n\n\n\n<p><br>Os dados pessoais coletados s\u00e3o os seguintes:<br>- Primeiro nome<br>- Sobrenome<br>\u2013 Endere\u00e7o postal<br>- Endere\u00e7o<\/p>\n\n\n\n<p>- Endere\u00e7o de email<br>- Telefone<br>Dados financeiros: ao pagar pelos produtos e servi\u00e7os oferecidos na plataforma, a plataforma registra dados financeiros relativos ao cart\u00e3o de cr\u00e9dito do usu\u00e1rio.<\/p>\n\n\n\n<p><strong>Artigo 8 \u2013 Direito de acesso, retifica\u00e7\u00e3o e elimina\u00e7\u00e3o dos seus dados<\/strong><\/p>\n\n\n\n<p>Na aplica\u00e7\u00e3o da regulamenta\u00e7\u00e3o aplic\u00e1vel aos dados pessoais, os utilizadores t\u00eam os seguintes direitos:<br>direito de acesso: os usu\u00e1rios podem exercer seu direito de acesso aos seus dados pessoais escrevendo para o endere\u00e7o de e-mail fornecido abaixo. <\/p>\n\n\n\n<p>Neste caso, antes do exerc\u00edcio <\/p>\n\n\n\n<p>\u2013 este direito, a Plataforma poder\u00e1 solicitar prova da identidade do usu\u00e1rio para verificar sua veracidade;<br>\u2013 o direito de retifica\u00e7\u00e3o: se os dados pessoais mantidos pela Plataforma forem inexatos, poder\u00e3o solicitar que as informa\u00e7\u00f5es sejam atualizadas;<br>\u2013 o direito \u00e0 elimina\u00e7\u00e3o de dados: os usu\u00e1rios podem solicitar a elimina\u00e7\u00e3o de seus dados pessoais, de acordo com as leis de prote\u00e7\u00e3o de dados aplic\u00e1veis;<br>\u2013 o direito \u00e0 limita\u00e7\u00e3o do tratamento: os utilizadores podem solicitar \u00e0 Plataforma a limita\u00e7\u00e3o do tratamento dos seus dados pessoais de acordo com os pressupostos previstos no RGPD;<br>\u2013 o direito de se opor ao tratamento de dados: os utilizadores podem opor-se ao tratamento dos seus dados de acordo com os pressupostos previstos no RGPD;<br>\u2013 o direito \u00e0 portabilidade: podem solicitar que a Plataforma lhes forne\u00e7a os dados pessoais que forneceram para os transmitir a uma nova Plataforma.<\/p>\n\n\n\n<p>Pode exercer este direito contactando-nos para o seguinte endere\u00e7o: Onixxx - 78 avenue des champs Elys\u00e9e - bureau 562 - 75008 PARIS. ou por correio eletr\u00f3nico, no seguinte endere\u00e7o: contact@onixxx.com<\/p>\n\n\n\n<p>Todos os pedidos devem ser acompanhados de uma fotoc\u00f3pia assinada de um documento de identidade v\u00e1lido e devem indicar o endere\u00e7o no qual a editora pode entrar em contato com o solicitante. Uma resposta ser\u00e1 enviada dentro de um m\u00eas do recebimento do pedido.<\/p>\n\n\n\n<p>Este prazo de um m\u00eas poder\u00e1 ser prorrogado por dois meses se a complexidade do pedido e\/ou o n\u00famero de pedidos assim o exigir.<br>Al\u00e9m disso, e desde a lei n\u00b02016-1321 de 7 de outubro de 2016, as pessoas que assim o desejarem, t\u00eam a possibilidade de organizar o destino dos seus dados ap\u00f3s a sua morte. Para mais informa\u00e7\u00f5es sobre o assunto, pode consultar o site da CNIL: https:\/\/www.cnil.fr\/.<\/p>\n\n\n\n<p>Os usu\u00e1rios tamb\u00e9m podem registrar uma reclama\u00e7\u00e3o junto \u00e0 CNIL no site da CNIL: https:\/\/www.cnil.fr.<br>Recomendamos que voc\u00ea entre em contato conosco antes de registrar uma reclama\u00e7\u00e3o na CNIL, pois estamos inteiramente \u00e0 sua disposi\u00e7\u00e3o para resolver seu problema.<\/p>","protected":false},"excerpt":{"rendered":"<p>Article 1 &#8211; Legal information 1.1 Site (hereinafter &#8220;the site&#8221;): onixxx.com1.2 Publisher (hereinafter &#8220;the Publisher&#8221;):\u2028The present legal notice applies to all sales concluded on the https:\/\/onixxx.com website.\u2028The company&#8217;s contact details are as follows: Website link: [&hellip;]<\/p>\n","protected":false},"author":4,"featured_media":0,"parent":0,"menu_order":0,"comment_status":"closed","ping_status":"closed","template":"","meta":{"_seopress_robots_primary_cat":"","_seopress_titles_title":"Terms of use | Onixxx","_seopress_titles_desc":"Article 1 &#8211; Legal information 1.1 Site (hereinafter &#8220;the site&#8221;): onixxx.com1.2 Publisher (hereinafter &#8220;the Publisher&#8221;): Th...","_seopress_robots_index":"","site-sidebar-layout":"default","site-content-layout":"","ast-site-content-layout":"default","site-content-style":"default","site-sidebar-style":"default","ast-global-header-display":"","ast-banner-title-visibility":"","ast-main-header-display":"","ast-hfb-above-header-display":"","ast-hfb-below-header-display":"","ast-hfb-mobile-header-display":"","site-post-title":"","ast-breadcrumbs-content":"","ast-featured-img":"","footer-sml-layout":"","ast-disable-related-posts":"","theme-transparent-header-meta":"","adv-header-id-meta":"","stick-header-meta":"","header-above-stick-meta":"","header-main-stick-meta":"","header-below-stick-meta":"","astra-migrate-meta-layouts":"set","ast-page-background-enabled":"default","ast-page-background-meta":{"desktop":{"background-color":"","background-image":"","background-repeat":"repeat","background-position":"center center","background-size":"auto","background-attachment":"scroll","background-type":"","background-media":"","overlay-type":"","overlay-color":"","overlay-opacity":"","overlay-gradient":""},"tablet":{"background-color":"","background-image":"","background-repeat":"repeat","background-position":"center center","background-size":"auto","background-attachment":"scroll","background-type":"","background-media":"","overlay-type":"","overlay-color":"","overlay-opacity":"","overlay-gradient":""},"mobile":{"background-color":"","background-image":"","background-repeat":"repeat","background-position":"center center","background-size":"auto","background-attachment":"scroll","background-type":"","background-media":"","overlay-type":"","overlay-color":"","overlay-opacity":"","overlay-gradient":""}},"ast-content-background-meta":{"desktop":{"background-color":"var(--ast-global-color-5)","background-image":"","background-repeat":"repeat","background-position":"center center","background-size":"auto","background-attachment":"scroll","background-type":"","background-media":"","overlay-type":"","overlay-color":"","overlay-opacity":"","overlay-gradient":""},"tablet":{"background-color":"var(--ast-global-color-5)","background-image":"","background-repeat":"repeat","background-position":"center center","background-size":"auto","background-attachment":"scroll","background-type":"","background-media":"","overlay-type":"","overlay-color":"","overlay-opacity":"","overlay-gradient":""},"mobile":{"background-color":"var(--ast-global-color-5)","background-image":"","background-repeat":"repeat","background-position":"center center","background-size":"auto","background-attachment":"scroll","background-type":"","background-media":"","overlay-type":"","overlay-color":"","overlay-opacity":"","overlay-gradient":""}},"footnotes":""},"class_list":["post-7126","page","type-page","status-publish","hentry"],"_links":{"self":[{"href":"https:\/\/onixxx.com\/pt\/wp-json\/wp\/v2\/pages\/7126","targetHints":{"allow":["GET"]}}],"collection":[{"href":"https:\/\/onixxx.com\/pt\/wp-json\/wp\/v2\/pages"}],"about":[{"href":"https:\/\/onixxx.com\/pt\/wp-json\/wp\/v2\/types\/page"}],"author":[{"embeddable":true,"href":"https:\/\/onixxx.com\/pt\/wp-json\/wp\/v2\/users\/4"}],"replies":[{"embeddable":true,"href":"https:\/\/onixxx.com\/pt\/wp-json\/wp\/v2\/comments?post=7126"}],"version-history":[{"count":2,"href":"https:\/\/onixxx.com\/pt\/wp-json\/wp\/v2\/pages\/7126\/revisions"}],"predecessor-version":[{"id":15850,"href":"https:\/\/onixxx.com\/pt\/wp-json\/wp\/v2\/pages\/7126\/revisions\/15850"}],"wp:attachment":[{"href":"https:\/\/onixxx.com\/pt\/wp-json\/wp\/v2\/media?parent=7126"}],"curies":[{"name":"wp","href":"https:\/\/api.w.org\/{rel}","templated":true}]}}