{"id":7535,"date":"2024-07-08T06:11:35","date_gmt":"2024-07-08T14:11:35","guid":{"rendered":"https:\/\/darkslategrey-otter-798920.hostingersite.com\/?page_id=7535"},"modified":"2026-03-28T04:09:55","modified_gmt":"2026-03-28T03:09:55","slug":"sobre-nos","status":"publish","type":"page","link":"https:\/\/onixxx.com\/pt\/about-us\/","title":{"rendered":"Sobre n\u00f3s"},"content":{"rendered":"<div data-elementor-type=\"wp-page\" data-elementor-id=\"7535\" class=\"elementor elementor-7535\" data-elementor-post-type=\"page\">\n\t\t\t\t\t\t<section class=\"elementor-section elementor-top-section elementor-element elementor-element-6623818 elementor-section-boxed elementor-section-height-default elementor-section-height-default\" data-id=\"6623818\" data-element_type=\"section\" data-e-type=\"section\">\n\t\t\t\t\t\t<div class=\"elementor-container elementor-column-gap-default\">\n\t\t\t\t\t<div class=\"elementor-column elementor-col-100 elementor-top-column elementor-element elementor-element-4a9327c\" data-id=\"4a9327c\" data-element_type=\"column\" data-e-type=\"column\">\n\t\t\t<div class=\"elementor-widget-wrap elementor-element-populated\">\n\t\t\t\t\t\t<div class=\"elementor-element elementor-element-f1cbf8d elementor-widget elementor-widget-heading\" data-id=\"f1cbf8d\" data-element_type=\"widget\" data-e-type=\"widget\" data-widget_type=\"heading.default\">\n\t\t\t\t\t<h1 class=\"elementor-heading-title elementor-size-default\">Sobre n\u00f3s<\/h1>\t\t\t\t<\/div>\n\t\t\t\t<div class=\"elementor-element elementor-element-aae6999 elementor-widget elementor-widget-text-editor\" data-id=\"aae6999\" data-element_type=\"widget\" data-e-type=\"widget\" data-settings=\"{&quot;_animation&quot;:&quot;none&quot;}\" data-widget_type=\"text-editor.default\">\n\t\t\t\t\t\t\t\t\t<p>No <strong>Onixxx<\/strong>, tudo come\u00e7ou com uma simples frustra\u00e7\u00e3o: o caos de pertences pessoais na academia. Voc\u00ea conhece aquela sensa\u00e7\u00e3o irritante de passar de uma m\u00e1quina para outra enquanto faz malabarismos com suas chaves, telefone, toalha e garrafa de \u00e1gua. Tudo acaba espalhado, ou pior, perdido.<\/p><p>Foi exatamente isso que nosso fundador, um entusiasta do fitness, vivenciou. Cansado de perder tempo procurando suas coisas ou vendo-as cair, ele come\u00e7ou a sonhar com uma solu\u00e7\u00e3o simples, mas engenhosa, para organizar e proteger seus itens pessoais enquanto se mantinha focado em seu treino. Foi assim que surgiu a ideia do <strong>Bolsa de gin\u00e1stica magn\u00e9tica Onixxx<\/strong> nasceu.<\/p>\t\t\t\t\t\t\t\t<\/div>\n\t\t\t\t<div class=\"elementor-element elementor-element-5db3d4a elementor-widget elementor-widget-image\" data-id=\"5db3d4a\" data-element_type=\"widget\" data-e-type=\"widget\" data-widget_type=\"image.default\">\n\t\t\t\t\t\t\t\t\t\t\t\t\t\t\t<img fetchpriority=\"high\" decoding=\"async\" width=\"1024\" height=\"573\" src=\"https:\/\/onixxx.com\/wp-content\/uploads\/2022\/03\/magnetic-bag-onixxx-1024x573.jpg\" class=\"attachment-large size-large wp-image-7806\" alt=\"saco magn\u00e9tico-onixxx\" srcset=\"https:\/\/onixxx.com\/wp-content\/uploads\/2022\/03\/magnetic-bag-onixxx-1024x573.jpg 1024w, https:\/\/onixxx.com\/wp-content\/uploads\/2022\/03\/magnetic-bag-onixxx-1080x604.jpg 1080w, https:\/\/onixxx.com\/wp-content\/uploads\/2022\/03\/magnetic-bag-onixxx-300x168.jpg 300w, https:\/\/onixxx.com\/wp-content\/uploads\/2022\/03\/magnetic-bag-onixxx-768x429.jpg 768w, https:\/\/onixxx.com\/wp-content\/uploads\/2022\/03\/magnetic-bag-onixxx-1536x859.jpg 1536w, https:\/\/onixxx.com\/wp-content\/uploads\/2022\/03\/magnetic-bag-onixxx.jpg 1581w\" sizes=\"(max-width: 1024px) 100vw, 1024px\" \/>\t\t\t\t\t\t\t\t\t\t\t\t\t\t\t<\/div>\n\t\t\t\t\t<\/div>\n\t\t<\/div>\n\t\t\t\t\t<\/div>\n\t\t<\/section>\n\t\t\t\t<section class=\"elementor-section elementor-top-section elementor-element elementor-element-b3dc4f7 elementor-section-boxed elementor-section-height-default elementor-section-height-default\" data-id=\"b3dc4f7\" data-element_type=\"section\" data-e-type=\"section\">\n\t\t\t\t\t\t<div class=\"elementor-container elementor-column-gap-default\">\n\t\t\t\t\t<div class=\"elementor-column elementor-col-50 elementor-top-column elementor-element elementor-element-4bea3b3\" data-id=\"4bea3b3\" data-element_type=\"column\" data-e-type=\"column\">\n\t\t\t<div class=\"elementor-widget-wrap elementor-element-populated\">\n\t\t\t\t\t\t<div class=\"elementor-element elementor-element-8e048ab elementor-widget elementor-widget-heading\" data-id=\"8e048ab\" data-element_type=\"widget\" data-e-type=\"widget\" data-widget_type=\"heading.default\">\n\t\t\t\t\t<h2 class=\"elementor-heading-title elementor-size-default\">Da ideia \u00e0 realidade<\/h2>\t\t\t\t<\/div>\n\t\t\t\t<div class=\"elementor-element elementor-element-9a768d2 elementor-widget elementor-widget-text-editor\" data-id=\"9a768d2\" data-element_type=\"widget\" data-e-type=\"widget\" data-widget_type=\"text-editor.default\">\n\t\t\t\t\t\t\t\t\t<p>Longe de ser apenas mais uma bolsa de gin\u00e1stica, <strong>Onixxx<\/strong> \u00e9 um conceito criado para facilitar a vida dos entusiastas do fitness. Ap\u00f3s meses de experimenta\u00e7\u00e3o, testes e ajustes, esta bolsa foi trazida \u00e0 vida na Fran\u00e7a, combinando inova\u00e7\u00e3o, durabilidade e estilo.<\/p><p>O objetivo era claro: oferecer uma solu\u00e7\u00e3o pr\u00e1tica que se adaptasse a qualquer ambiente de academia, mas permanecesse elegante e duradoura.<\/p>\t\t\t\t\t\t\t\t<\/div>\n\t\t\t\t\t<\/div>\n\t\t<\/div>\n\t\t\t\t<div class=\"elementor-column elementor-col-50 elementor-top-column elementor-element elementor-element-5e65277\" data-id=\"5e65277\" data-element_type=\"column\" data-e-type=\"column\">\n\t\t\t<div class=\"elementor-widget-wrap elementor-element-populated\">\n\t\t\t\t\t\t<div class=\"elementor-element elementor-element-5cc0e2a elementor-widget elementor-widget-image\" data-id=\"5cc0e2a\" data-element_type=\"widget\" data-e-type=\"widget\" data-widget_type=\"image.default\">\n\t\t\t\t\t\t\t\t\t\t\t\t\t\t\t<img decoding=\"async\" width=\"1024\" height=\"281\" src=\"https:\/\/onixxx.com\/wp-content\/uploads\/2025\/02\/idea-1024x281.jpg\" class=\"attachment-large size-large wp-image-10545\" alt=\"ideia\" srcset=\"https:\/\/onixxx.com\/wp-content\/uploads\/2025\/02\/idea-1024x281.jpg 1024w, https:\/\/onixxx.com\/wp-content\/uploads\/2025\/02\/idea-1080x297.jpg 1080w, https:\/\/onixxx.com\/wp-content\/uploads\/2025\/02\/idea-300x82.jpg 300w, https:\/\/onixxx.com\/wp-content\/uploads\/2025\/02\/idea-768x211.jpg 768w, https:\/\/onixxx.com\/wp-content\/uploads\/2025\/02\/idea-1536x422.jpg 1536w, https:\/\/onixxx.com\/wp-content\/uploads\/2025\/02\/idea-2048x563.jpg 2048w, https:\/\/onixxx.com\/wp-content\/uploads\/2025\/02\/idea-18x5.jpg 18w\" sizes=\"(max-width: 1024px) 100vw, 1024px\" \/>\t\t\t\t\t\t\t\t\t\t\t\t\t\t\t<\/div>\n\t\t\t\t<div class=\"elementor-element elementor-element-9070634 elementor-widget elementor-widget-image\" data-id=\"9070634\" data-element_type=\"widget\" data-e-type=\"widget\" data-widget_type=\"image.default\">\n\t\t\t\t\t\t\t\t\t\t\t\t\t\t\t<img decoding=\"async\" width=\"1024\" height=\"699\" src=\"https:\/\/onixxx.com\/wp-content\/uploads\/2022\/03\/sacoche-magnetique-1024x699.jpg\" class=\"attachment-large size-large wp-image-10255\" alt=\"bolsa esportiva magn\u00e9tica onixxx\" srcset=\"https:\/\/onixxx.com\/wp-content\/uploads\/2022\/03\/sacoche-magnetique-1024x699.jpg 1024w, https:\/\/onixxx.com\/wp-content\/uploads\/2022\/03\/sacoche-magnetique-1080x738.jpg 1080w, https:\/\/onixxx.com\/wp-content\/uploads\/2022\/03\/sacoche-magnetique-300x205.jpg 300w, https:\/\/onixxx.com\/wp-content\/uploads\/2022\/03\/sacoche-magnetique-768x525.jpg 768w, https:\/\/onixxx.com\/wp-content\/uploads\/2022\/03\/sacoche-magnetique-18x12.jpg 18w, https:\/\/onixxx.com\/wp-content\/uploads\/2022\/03\/sacoche-magnetique.jpg 1464w\" sizes=\"(max-width: 1024px) 100vw, 1024px\" \/>\t\t\t\t\t\t\t\t\t\t\t\t\t\t\t<\/div>\n\t\t\t\t\t<\/div>\n\t\t<\/div>\n\t\t\t\t\t<\/div>\n\t\t<\/section>\n\t\t\t\t<section class=\"elementor-section elementor-top-section elementor-element elementor-element-e5a81b6 elementor-reverse-mobile elementor-section-boxed elementor-section-height-default elementor-section-height-default\" data-id=\"e5a81b6\" data-element_type=\"section\" data-e-type=\"section\">\n\t\t\t\t\t\t<div class=\"elementor-container elementor-column-gap-default\">\n\t\t\t\t\t<div class=\"elementor-column elementor-col-50 elementor-top-column elementor-element elementor-element-fe778aa\" data-id=\"fe778aa\" data-element_type=\"column\" data-e-type=\"column\">\n\t\t\t<div class=\"elementor-widget-wrap elementor-element-populated\">\n\t\t\t\t\t\t<div class=\"elementor-element elementor-element-72e7eb4 elementor-widget elementor-widget-image\" data-id=\"72e7eb4\" data-element_type=\"widget\" data-e-type=\"widget\" data-widget_type=\"image.default\">\n\t\t\t\t\t\t\t\t\t\t\t\t\t\t\t<img loading=\"lazy\" decoding=\"async\" width=\"391\" height=\"463\" src=\"https:\/\/onixxx.com\/wp-content\/uploads\/2024\/10\/team-member.jpg\" class=\"attachment-large size-large wp-image-8570\" alt=\"membro da equipe\" srcset=\"https:\/\/onixxx.com\/wp-content\/uploads\/2024\/10\/team-member.jpg 391w, https:\/\/onixxx.com\/wp-content\/uploads\/2024\/10\/team-member-253x300.jpg 253w, https:\/\/onixxx.com\/wp-content\/uploads\/2024\/10\/team-member-300x355.jpg 300w\" sizes=\"(max-width: 391px) 100vw, 391px\" \/>\t\t\t\t\t\t\t\t\t\t\t\t\t\t\t<\/div>\n\t\t\t\t\t<\/div>\n\t\t<\/div>\n\t\t\t\t<div class=\"elementor-column elementor-col-50 elementor-top-column elementor-element elementor-element-0ab5ada\" data-id=\"0ab5ada\" data-element_type=\"column\" data-e-type=\"column\">\n\t\t\t<div class=\"elementor-widget-wrap elementor-element-populated\">\n\t\t\t\t\t\t<div class=\"elementor-element elementor-element-d73ab75 elementor-widget elementor-widget-heading\" data-id=\"d73ab75\" data-element_type=\"widget\" data-e-type=\"widget\" data-widget_type=\"heading.default\">\n\t\t\t\t\t<h2 class=\"elementor-heading-title elementor-size-default\">Uma aventura coletiva<\/h2>\t\t\t\t<\/div>\n\t\t\t\t<div class=\"elementor-element elementor-element-5eb2afc elementor-widget elementor-widget-text-editor\" data-id=\"5eb2afc\" data-element_type=\"widget\" data-e-type=\"widget\" data-widget_type=\"text-editor.default\">\n\t\t\t\t\t\t\t\t\t<p>Atr\u00e1s <strong>Onixxx<\/strong>, h\u00e1 uma equipe apaixonada e dedicada. Cada um de n\u00f3s, seja no desenvolvimento de produtos, design ou produ\u00e7\u00e3o, compartilha a mesma ambi\u00e7\u00e3o: oferecer a voc\u00ea um acess\u00f3rio que revolucionar\u00e1 sua experi\u00eancia na academia.<\/p><p>Acreditamos firmemente que a simplicidade pode tornar a experi\u00eancia de fitness mais agrad\u00e1vel e colocamos toda a nossa energia para torn\u00e1-la <strong>Onixxx <\/strong>um produto que realmente atende \u00e0s necessidades dos entusiastas do fitness moderno.<\/p>\t\t\t\t\t\t\t\t<\/div>\n\t\t\t\t\t<\/div>\n\t\t<\/div>\n\t\t\t\t\t<\/div>\n\t\t<\/section>\n\t\t\t\t<section class=\"elementor-section elementor-top-section elementor-element elementor-element-deb8430 elementor-section-boxed elementor-section-height-default elementor-section-height-default\" data-id=\"deb8430\" data-element_type=\"section\" data-e-type=\"section\">\n\t\t\t\t\t\t<div class=\"elementor-container elementor-column-gap-default\">\n\t\t\t\t\t<div class=\"elementor-column elementor-col-50 elementor-top-column elementor-element elementor-element-067e1ca\" data-id=\"067e1ca\" data-element_type=\"column\" data-e-type=\"column\">\n\t\t\t<div class=\"elementor-widget-wrap elementor-element-populated\">\n\t\t\t\t\t\t<div class=\"elementor-element elementor-element-a35e707 elementor-widget elementor-widget-heading\" data-id=\"a35e707\" data-element_type=\"widget\" data-e-type=\"widget\" data-widget_type=\"heading.default\">\n\t\t\t\t\t<h2 class=\"elementor-heading-title elementor-size-default\">Evolu\u00e7\u00e3o Cont\u00ednua<\/h2>\t\t\t\t<\/div>\n\t\t\t\t<div class=\"elementor-element elementor-element-b89e428 elementor-widget elementor-widget-text-editor\" data-id=\"b89e428\" data-element_type=\"widget\" data-e-type=\"widget\" data-widget_type=\"text-editor.default\">\n\t\t\t\t\t\t\t\t\t<p>A jornada at\u00e9 o produto final n\u00e3o foi direta. Cada est\u00e1gio do design trouxe seus pr\u00f3prios desafios. No come\u00e7o, a bolsa era muito pequena, e os anexos iniciais n\u00e3o eram fortes o suficiente para suportar as mudan\u00e7as da m\u00e1quina.<\/p><p>Mas com cada obst\u00e1culo, aprendemos e refinamos nosso produto. Testamos, ajustamos, adicionamos \u00edm\u00e3s, retrabalhamos a costura e, ap\u00f3s v\u00e1rios prot\u00f3tipos, chegamos a um modelo que combina funcionalidade e qualidade.<\/p><p>Hoje, <strong>Onixxx<\/strong> \u00e9 mais do que apenas um acess\u00f3rio; \u00e9 um reflexo do nosso compromisso em simplificar sua experi\u00eancia na academia e livr\u00e1-lo dos aborrecimentos do dia a dia.<\/p>\t\t\t\t\t\t\t\t<\/div>\n\t\t\t\t\t<\/div>\n\t\t<\/div>\n\t\t\t\t<div class=\"elementor-column elementor-col-50 elementor-top-column elementor-element elementor-element-54f228f\" data-id=\"54f228f\" data-element_type=\"column\" data-e-type=\"column\">\n\t\t\t<div class=\"elementor-widget-wrap elementor-element-populated\">\n\t\t\t\t\t\t<div class=\"elementor-element elementor-element-0479ad2 elementor-widget elementor-widget-image\" data-id=\"0479ad2\" data-element_type=\"widget\" data-e-type=\"widget\" data-widget_type=\"image.default\">\n\t\t\t\t\t\t\t\t\t\t\t\t\t\t\t<img loading=\"lazy\" decoding=\"async\" width=\"661\" height=\"549\" src=\"https:\/\/onixxx.com\/wp-content\/uploads\/2024\/10\/gym-convention.jpg\" class=\"attachment-large size-large wp-image-8575\" alt=\"conven\u00e7\u00e3o de gin\u00e1stica\" srcset=\"https:\/\/onixxx.com\/wp-content\/uploads\/2024\/10\/gym-convention.jpg 661w, https:\/\/onixxx.com\/wp-content\/uploads\/2024\/10\/gym-convention-300x249.jpg 300w, https:\/\/onixxx.com\/wp-content\/uploads\/2024\/10\/gym-convention-600x498.jpg 600w\" sizes=\"(max-width: 661px) 100vw, 661px\" \/>\t\t\t\t\t\t\t\t\t\t\t\t\t\t\t<\/div>\n\t\t\t\t\t<\/div>\n\t\t<\/div>\n\t\t\t\t\t<\/div>\n\t\t<\/section>\n\t\t\t\t<section class=\"elementor-section elementor-top-section elementor-element elementor-element-19ab86cb elementor-section-boxed elementor-section-height-default elementor-section-height-default\" data-id=\"19ab86cb\" data-element_type=\"section\" data-e-type=\"section\" data-settings=\"{&quot;background_background&quot;:&quot;classic&quot;}\">\n\t\t\t\t\t\t<div class=\"elementor-container elementor-column-gap-default\">\n\t\t\t\t\t<div class=\"elementor-column elementor-col-33 elementor-top-column elementor-element elementor-element-30b42683\" data-id=\"30b42683\" data-element_type=\"column\" data-e-type=\"column\">\n\t\t\t<div class=\"elementor-widget-wrap elementor-element-populated\">\n\t\t\t\t\t\t<div class=\"elementor-element elementor-element-4cadc1b1 elementor-view-default elementor-position-block-start elementor-mobile-position-block-start elementor-widget elementor-widget-icon-box\" data-id=\"4cadc1b1\" data-element_type=\"widget\" data-e-type=\"widget\" data-widget_type=\"icon-box.default\">\n\t\t\t\t\t\t\t<div class=\"elementor-icon-box-wrapper\">\n\n\t\t\t\t\t\t<div class=\"elementor-icon-box-icon\">\n\t\t\t\t<a href=\"#\" class=\"elementor-icon\" tabindex=\"-1\" aria-label=\"Frete gr\u00e1tis\">\n\t\t\t\t<svg aria-hidden=\"true\" class=\"e-font-icon-svg e-fas-truck\" viewbox=\"0 0 640 512\" xmlns=\"http:\/\/www.w3.org\/2000\/svg\"><path d=\"M624 352h-16V243.9c0-12.7-5.1-24.9-14.1-33.9L494 110.1c-9-9-21.2-14.1-33.9-14.1H416V48c0-26.5-21.5-48-48-48H48C21.5 0 0 21.5 0 48v320c0 26.5 21.5 48 48 48h16c0 53 43 96 96 96s96-43 96-96h128c0 53 43 96 96 96s96-43 96-96h48c8.8 0 16-7.2 16-16v-32c0-8.8-7.2-16-16-16zM160 464c-26.5 0-48-21.5-48-48s21.5-48 48-48 48 21.5 48 48-21.5 48-48 48zm320 0c-26.5 0-48-21.5-48-48s21.5-48 48-48 48 21.5 48 48-21.5 48-48 48zm80-208H416V144h44.1l99.9 99.9V256z\"><\/path><\/svg>\t\t\t\t<\/a>\n\t\t\t<\/div>\n\t\t\t\n\t\t\t\t\t\t<div class=\"elementor-icon-box-content\">\n\n\t\t\t\t\t\t\t\t\t<h4 class=\"elementor-icon-box-title\">\n\t\t\t\t\t\t<a href=\"#\" >\n\t\t\t\t\t\t\tFrete gr\u00e1tis\t\t\t\t\t\t<\/a>\n\t\t\t\t\t<\/h4>\n\t\t\t\t\n\t\t\t\t\n\t\t\t<\/div>\n\t\t\t\n\t\t<\/div>\n\t\t\t\t\t\t<\/div>\n\t\t\t\t\t<\/div>\n\t\t<\/div>\n\t\t\t\t<div class=\"elementor-column elementor-col-33 elementor-top-column elementor-element elementor-element-7f8c59db\" data-id=\"7f8c59db\" data-element_type=\"column\" data-e-type=\"column\">\n\t\t\t<div class=\"elementor-widget-wrap elementor-element-populated\">\n\t\t\t\t\t\t<div class=\"elementor-element elementor-element-4b6dc1ec elementor-view-default elementor-position-block-start elementor-mobile-position-block-start elementor-widget elementor-widget-icon-box\" data-id=\"4b6dc1ec\" data-element_type=\"widget\" data-e-type=\"widget\" data-widget_type=\"icon-box.default\">\n\t\t\t\t\t\t\t<div class=\"elementor-icon-box-wrapper\">\n\n\t\t\t\t\t\t<div class=\"elementor-icon-box-icon\">\n\t\t\t\t<a href=\"#\" class=\"elementor-icon\" tabindex=\"-1\" aria-label=\"Devolu\u00e7\u00f5es f\u00e1ceis\">\n\t\t\t\t<svg aria-hidden=\"true\" class=\"e-font-icon-svg e-fas-recycle\" viewbox=\"0 0 512 512\" xmlns=\"http:\/\/www.w3.org\/2000\/svg\"><path d=\"M184.561 261.903c3.232 13.997-12.123 24.635-24.068 17.168l-40.736-25.455-50.867 81.402C55.606 356.273 70.96 384 96.012 384H148c6.627 0 12 5.373 12 12v40c0 6.627-5.373 12-12 12H96.115c-75.334 0-121.302-83.048-81.408-146.88l50.822-81.388-40.725-25.448c-12.081-7.547-8.966-25.961 4.879-29.158l110.237-25.45c8.611-1.988 17.201 3.381 19.189 11.99l25.452 110.237zm98.561-182.915l41.289 66.076-40.74 25.457c-12.051 7.528-9 25.953 4.879 29.158l110.237 25.45c8.672 1.999 17.215-3.438 19.189-11.99l25.45-110.237c3.197-13.844-11.99-24.719-24.068-17.168l-40.687 25.424-41.263-66.082c-37.521-60.033-125.209-60.171-162.816 0l-17.963 28.766c-3.51 5.62-1.8 13.021 3.82 16.533l33.919 21.195c5.62 3.512 13.024 1.803 16.536-3.817l17.961-28.743c12.712-20.341 41.973-19.676 54.257-.022zM497.288 301.12l-27.515-44.065c-3.511-5.623-10.916-7.334-16.538-3.821l-33.861 21.159c-5.62 3.512-7.33 10.915-3.818 16.536l27.564 44.112c13.257 21.211-2.057 48.96-27.136 48.96H320V336.02c0-14.213-17.242-21.383-27.313-11.313l-80 79.981c-6.249 6.248-6.249 16.379 0 22.627l80 79.989C302.689 517.308 320 510.3 320 495.989V448h95.88c75.274 0 121.335-82.997 81.408-146.88z\"><\/path><\/svg>\t\t\t\t<\/a>\n\t\t\t<\/div>\n\t\t\t\n\t\t\t\t\t\t<div class=\"elementor-icon-box-content\">\n\n\t\t\t\t\t\t\t\t\t<h4 class=\"elementor-icon-box-title\">\n\t\t\t\t\t\t<a href=\"#\" >\n\t\t\t\t\t\t\tDevolu\u00e7\u00f5es f\u00e1ceis\t\t\t\t\t\t<\/a>\n\t\t\t\t\t<\/h4>\n\t\t\t\t\n\t\t\t\t\n\t\t\t<\/div>\n\t\t\t\n\t\t<\/div>\n\t\t\t\t\t\t<\/div>\n\t\t\t\t\t<\/div>\n\t\t<\/div>\n\t\t\t\t<div class=\"elementor-column elementor-col-33 elementor-top-column elementor-element elementor-element-14d2b47\" data-id=\"14d2b47\" data-element_type=\"column\" data-e-type=\"column\">\n\t\t\t<div class=\"elementor-widget-wrap elementor-element-populated\">\n\t\t\t\t\t\t<div class=\"elementor-element elementor-element-17502666 elementor-view-default elementor-position-block-start elementor-mobile-position-block-start elementor-widget elementor-widget-icon-box\" data-id=\"17502666\" data-element_type=\"widget\" data-e-type=\"widget\" data-widget_type=\"icon-box.default\">\n\t\t\t\t\t\t\t<div class=\"elementor-icon-box-wrapper\">\n\n\t\t\t\t\t\t<div class=\"elementor-icon-box-icon\">\n\t\t\t\t<a href=\"#\" class=\"elementor-icon\" tabindex=\"-1\" aria-label=\"Melhor qualidade\">\n\t\t\t\t<svg aria-hidden=\"true\" class=\"e-font-icon-svg e-far-star\" viewbox=\"0 0 576 512\" xmlns=\"http:\/\/www.w3.org\/2000\/svg\"><path d=\"M528.1 171.5L382 150.2 316.7 17.8c-11.7-23.6-45.6-23.9-57.4 0L194 150.2 47.9 171.5c-26.2 3.8-36.7 36.1-17.7 54.6l105.7 103-25 145.5c-4.5 26.3 23.2 46 46.4 33.7L288 439.6l130.7 68.7c23.2 12.2 50.9-7.4 46.4-33.7l-25-145.5 105.7-103c19-18.5 8.5-50.8-17.7-54.6zM388.6 312.3l23.7 138.4L288 385.4l-124.3 65.3 23.7-138.4-100.6-98 139-20.2 62.2-126 62.2 126 139 20.2-100.6 98z\"><\/path><\/svg>\t\t\t\t<\/a>\n\t\t\t<\/div>\n\t\t\t\n\t\t\t\t\t\t<div class=\"elementor-icon-box-content\">\n\n\t\t\t\t\t\t\t\t\t<h4 class=\"elementor-icon-box-title\">\n\t\t\t\t\t\t<a href=\"#\" >\n\t\t\t\t\t\t\tMelhor qualidade\t\t\t\t\t\t<\/a>\n\t\t\t\t\t<\/h4>\n\t\t\t\t\n\t\t\t\t\n\t\t\t<\/div>\n\t\t\t\n\t\t<\/div>\n\t\t\t\t\t\t<\/div>\n\t\t\t\t\t<\/div>\n\t\t<\/div>\n\t\t\t\t\t<\/div>\n\t\t<\/section>\n\t\t\t\t<\/div>","protected":false},"excerpt":{"rendered":"<p>About us At Onixxx, it all started with a simple frustration: the chaos of personal belongings at the gym. You know that annoying feeling of moving from one machine to another while juggling your keys, [&hellip;]<\/p>\n","protected":false},"author":4,"featured_media":0,"parent":0,"menu_order":0,"comment_status":"closed","ping_status":"closed","template":"","meta":{"_seopress_robots_primary_cat":"","_seopress_titles_title":"About Us | Onixxx","_seopress_titles_desc":"Onixxx was born from a simple frustration: gym clutter. We created the first magnetic gym bag that attaches directly to any fitness machine. Discover our story.","_seopress_robots_index":"","site-sidebar-layout":"no-sidebar","site-content-layout":"page-builder","ast-site-content-layout":"full-width-container","site-content-style":"default","site-sidebar-style":"default","ast-global-header-display":"","ast-banner-title-visibility":"","ast-main-header-display":"","ast-hfb-above-header-display":"","ast-hfb-below-header-display":"","ast-hfb-mobile-header-display":"","site-post-title":"disabled","ast-breadcrumbs-content":"","ast-featured-img":"disabled","footer-sml-layout":"","ast-disable-related-posts":"","theme-transparent-header-meta":"","adv-header-id-meta":"","stick-header-meta":"","header-above-stick-meta":"","header-main-stick-meta":"","header-below-stick-meta":"","astra-migrate-meta-layouts":"set","ast-page-background-enabled":"default","ast-page-background-meta":{"desktop":{"background-color":"","background-image":"","background-repeat":"repeat","background-position":"center center","background-size":"auto","background-attachment":"scroll","background-type":"","background-media":"","overlay-type":"","overlay-color":"","overlay-opacity":"","overlay-gradient":""},"tablet":{"background-color":"","background-image":"","background-repeat":"repeat","background-position":"center center","background-size":"auto","background-attachment":"scroll","background-type":"","background-media":"","overlay-type":"","overlay-color":"","overlay-opacity":"","overlay-gradient":""},"mobile":{"background-color":"","background-image":"","background-repeat":"repeat","background-position":"center center","background-size":"auto","background-attachment":"scroll","background-type":"","background-media":"","overlay-type":"","overlay-color":"","overlay-opacity":"","overlay-gradient":""}},"ast-content-background-meta":{"desktop":{"background-color":"var(--ast-global-color-5)","background-image":"","background-repeat":"repeat","background-position":"center center","background-size":"auto","background-attachment":"scroll","background-type":"","background-media":"","overlay-type":"","overlay-color":"","overlay-opacity":"","overlay-gradient":""},"tablet":{"background-color":"var(--ast-global-color-5)","background-image":"","background-repeat":"repeat","background-position":"center center","background-size":"auto","background-attachment":"scroll","background-type":"","background-media":"","overlay-type":"","overlay-color":"","overlay-opacity":"","overlay-gradient":""},"mobile":{"background-color":"var(--ast-global-color-5)","background-image":"","background-repeat":"repeat","background-position":"center center","background-size":"auto","background-attachment":"scroll","background-type":"","background-media":"","overlay-type":"","overlay-color":"","overlay-opacity":"","overlay-gradient":""}},"footnotes":""},"class_list":["post-7535","page","type-page","status-publish","hentry"],"_links":{"self":[{"href":"https:\/\/onixxx.com\/pt\/wp-json\/wp\/v2\/pages\/7535","targetHints":{"allow":["GET"]}}],"collection":[{"href":"https:\/\/onixxx.com\/pt\/wp-json\/wp\/v2\/pages"}],"about":[{"href":"https:\/\/onixxx.com\/pt\/wp-json\/wp\/v2\/types\/page"}],"author":[{"embeddable":true,"href":"https:\/\/onixxx.com\/pt\/wp-json\/wp\/v2\/users\/4"}],"replies":[{"embeddable":true,"href":"https:\/\/onixxx.com\/pt\/wp-json\/wp\/v2\/comments?post=7535"}],"version-history":[{"count":2,"href":"https:\/\/onixxx.com\/pt\/wp-json\/wp\/v2\/pages\/7535\/revisions"}],"predecessor-version":[{"id":15842,"href":"https:\/\/onixxx.com\/pt\/wp-json\/wp\/v2\/pages\/7535\/revisions\/15842"}],"wp:attachment":[{"href":"https:\/\/onixxx.com\/pt\/wp-json\/wp\/v2\/media?parent=7535"}],"curies":[{"name":"wp","href":"https:\/\/api.w.org\/{rel}","templated":true}]}}