{"id":7126,"date":"2024-03-18T07:55:39","date_gmt":"2024-03-18T15:55:39","guid":{"rendered":"https:\/\/darkslategrey-otter-798920.hostingersite.com\/?page_id=7126"},"modified":"2026-03-20T04:04:18","modified_gmt":"2026-03-20T03:04:18","slug":"anvandarvillkor","status":"publish","type":"page","link":"https:\/\/onixxx.com\/sv\/terms-of-use\/","title":{"rendered":"Anv\u00e4ndarvillkor"},"content":{"rendered":"<p><strong>Artikel 1 \u2013 R\u00e4ttslig information<\/strong><\/p>\n\n\n\n<p>1.1 Webbplats (h\u00e4danefter &quot;webbplatsen&quot;): onixxx.com<br>1.2 Utgivare (nedan kallad \u201cUtgivaren\u201d):Detta juridiska meddelande g\u00e4ller f\u00f6r all f\u00f6rs\u00e4ljning som sker p\u00e5 webbplatsen https:\/\/onixxx.com.<br>F\u00f6retagets kontaktuppgifter \u00e4r f\u00f6ljande:<\/p>\n\n\n\n<p>Webbplatsl\u00e4nk: onixxx.com<br>F\u00f6retagets namn: Brand Success<br>Siret: 83353766500022<br>Postadress: 78 avenue des champs Elys\u00e9e \u2013 bureau 562 \u2013 75008 PARIS<br>Telefonnummer: 0767010363<br>E-postadress: contact@onixxx.com<\/p>\n\n\n\n<p>1.3 Publikationsansvarig Herr Heim kan kontaktas p\u00e5 samma adress som utgivaren.<br>1.4 Hosting Easyhoster \u2013 Kim Communication \u2013 Enhet B, 3\/F, Kai Wan House, 146 Tung Choi Street, Mongkok, Kowloon, 999077, Hong Kong ansvarar f\u00f6r att vara v\u00e4rd f\u00f6r webbplatsen.<\/p>\n\n\n\n<p><strong>Artikel 2 \u2013 Tillg\u00e5ng till webbplatsen<\/strong><\/p>\n\n\n\n<p>Tillg\u00e5ng till och anv\u00e4ndning av webbplatsen \u00e4r endast f\u00f6r personligt bruk. Du f\u00f6rbinder dig att inte anv\u00e4nda denna webbplats eller informationen eller data som finns d\u00e4ri f\u00f6r kommersiella, reklam-, politiska eller n\u00e5gon annan form av kommersiell uppmaning.<\/p>\n\n\n\n<p><strong>Artikel 3 \u2013 Webbplatsens inneh\u00e5ll<\/strong><\/p>\n\n\n\n<p>Alla varum\u00e4rken, fotografier, texter, kommentarer, illustrationer, bilder (animerade eller inte), videosekvenser, ljud, s\u00e5v\u00e4l som alla datorapplikationer som kan anv\u00e4ndas f\u00f6r att driva denna webbplats, \u00e4r skyddade av immateriella lagar.<br>De \u00e4r utgivarens eller dess partners fullst\u00e4ndiga och fullst\u00e4ndiga egendom. All reproduktion, representation, anv\u00e4ndning eller anpassning, i vilken form som helst, av alla eller delar av dessa element, inklusive datorapplikationer, utan f\u00f6reg\u00e5ende skriftligt medgivande fr\u00e5n utgivaren, \u00e4r str\u00e4ngt f\u00f6rbjuden.<\/p>\n\n\n\n<p>Det faktum att utgivaren inte inleder f\u00f6rfaranden s\u00e5 snart den f\u00e5r k\u00e4nnedom om s\u00e5dan obeh\u00f6rig anv\u00e4ndning inneb\u00e4r inte att man accepterar n\u00e4mnda anv\u00e4ndning och \u00e5talsunderl\u00e5telse.<\/p>\n\n\n\n<p><strong>Artikel 4 \u2013 Webbplatshantering<\/strong><\/p>\n\n\n\n<p>F\u00f6r korrekt hantering av webbplatsen kan utgivaren n\u00e4r som helst: \u2013 st\u00e4nga av webbplatsen f\u00f6r att utf\u00f6ra uppdateringar.<br>avbryta, avbryta eller begr\u00e4nsa \u00e5tkomst till hela eller delar av webbplatsen, reservera \u00e5tkomst till webbplatsen eller till vissa delar av webbplatsen f\u00f6r en specifik kategori av Internetanv\u00e4ndare;<br>ta bort all information som kan st\u00f6ra driften av webbplatsen eller strida mot nationella eller internationella lagar;<\/p>\n\n\n\n<p><strong>Artikel 5 \u2013 Ansvar<\/strong><\/p>\n\n\n\n<p>Redakt\u00f6ren kan inte h\u00e5llas ansvarig f\u00f6r eventuella fel, haverier, sv\u00e5righeter eller avbrott i driften, f\u00f6rhindrande av \u00e5tkomst till webbplatsen eller n\u00e5gon av dess funktioner. Du \u00e4r helt ansvarig f\u00f6r det verktyg du anv\u00e4nder f\u00f6r att ansluta till webbplatsen. Du m\u00e5ste vidta alla l\u00e4mpliga \u00e5tg\u00e4rder f\u00f6r att skydda ditt verktyg och dina egna data. Du \u00e4r ocks\u00e5 ensam ansvarig f\u00f6r de webbplatser och data du konsulterar.<\/p>\n\n\n\n<p>Utgivaren kan inte h\u00e5llas ansvarig i h\u00e4ndelse av att r\u00e4ttsliga \u00e5tg\u00e4rder vidtas mot dig: \u2013 p\u00e5 grund av anv\u00e4ndningen av webbplatsen eller n\u00e5gon tj\u00e4nst som \u00e4r tillg\u00e4nglig via Internet; \u2013 p\u00e5 grund av din underl\u00e5tenhet att f\u00f6lja dessa villkor.<\/p>\n\n\n\n<p>Utgivaren ansvarar inte f\u00f6r n\u00e5gon skada som orsakas dig, tredje part och\/eller din utrustning till f\u00f6ljd av din anslutning till eller anv\u00e4ndning av webbplatsen, och du avs\u00e4ger dig h\u00e4rmed alla anspr\u00e5k mot utgivaren i detta avseende. Skulle utgivaren bli f\u00f6rem\u00e5l f\u00f6r uppenbara eller r\u00e4ttsliga f\u00f6rfaranden som ett resultat av din anv\u00e4ndning av webbplatsen, kan den vidta \u00e5tg\u00e4rder mot dig f\u00f6r att f\u00e5 ers\u00e4ttning f\u00f6r alla skador, summor, straff och kostnader som kan uppst\u00e5 fr\u00e5n s\u00e5dana f\u00f6rfaranden.<\/p>\n\n\n\n<p><strong>Artikel 6 \u2013 Hypertextl\u00e4nkar<\/strong><\/p>\n\n\n\n<p>Skapandet av hypertextl\u00e4nkar av anv\u00e4ndare \u00e4r str\u00e4ngt f\u00f6rbjudet utan f\u00f6reg\u00e5ende skriftligt tillst\u00e5nd fr\u00e5n utgivaren.<br>Det st\u00e5r utgivaren fritt att v\u00e4gra s\u00e5dan auktorisation utan att beh\u00f6va motivera sitt beslut p\u00e5 n\u00e5got som helst s\u00e4tt. Skulle f\u00f6rlaget bevilja sitt tillst\u00e5nd \u00e4r det i alla fall endast tillf\u00e4lligt och kan n\u00e4r som helst dras tillbaka, utan n\u00e5gon skyldighet f\u00f6r utgivaren att motivera sitt beslut.<\/p>\n\n\n\n<p>All information som \u00e4r tillg\u00e4nglig via en l\u00e4nk till andra webbplatser publiceras inte av utgivaren. Utgivaren har inga som helst r\u00e4ttigheter \u00f6ver inneh\u00e5llet i s\u00e5dana l\u00e4nkar.<\/p>\n\n\n\n<p><strong>Artikel 7 \u2013 Datainsamling och skydd<\/strong><\/p>\n\n\n\n<p>Dina uppgifter samlas in av f\u00f6retaget.<br>Personuppgifter betyder all information som r\u00f6r en identifierad eller identifierbar fysisk person (den registrerade); en identifierbar person \u00e4r en person som kan identifieras, direkt eller indirekt, s\u00e4rskilt genom h\u00e4nvisning till ett namn, ett identifikationsnummer eller en eller flera faktorer som \u00e4r specifika f\u00f6r hans eller hennes fysiska, fysiologiska, genetiska, mentala, ekonomiska, kulturella eller sociala identitet.<br>All personlig information som samlas in p\u00e5 webbplatsen anv\u00e4nds huvudsakligen av redakt\u00f6ren f\u00f6r att hantera relationer med dig och, i f\u00f6rekommande fall, f\u00f6r att behandla dina best\u00e4llningar.<\/p>\n\n\n\n<p><br>De personuppgifter som samlas in \u00e4r f\u00f6ljande:<br>\u2013 F\u00f6rnamn<br>\u2013 Efternamn<br>\u2013 Postadress<br>\u2013 Adress<\/p>\n\n\n\n<p>\u2013 E-postadress<br>\u2013 Telefon<br>Finansiell data: n\u00e4r du betalar f\u00f6r de produkter och tj\u00e4nster som erbjuds p\u00e5 plattformen, registrerar plattformen finansiella data som h\u00e4nf\u00f6r sig till anv\u00e4ndarens kreditkort.<\/p>\n\n\n\n<p><strong>Artikel 8 \u2013 R\u00e4tt till tillg\u00e5ng, r\u00e4ttelse och radering av dina uppgifter<\/strong><\/p>\n\n\n\n<p>Vid till\u00e4mpning av de regler som g\u00e4ller f\u00f6r personuppgifter har anv\u00e4ndare f\u00f6ljande r\u00e4ttigheter:<br>r\u00e4tt till tillg\u00e5ng: anv\u00e4ndare kan ut\u00f6va sin r\u00e4tt till tillg\u00e5ng till sina personuppgifter genom att skriva till e-postadressen nedan. <\/p>\n\n\n\n<p>I det h\u00e4r fallet innan du tr\u00e4nar <\/p>\n\n\n\n<p>\u2013 denna r\u00e4ttighet kan Plattformen beg\u00e4ra bevis p\u00e5 anv\u00e4ndarens identitet f\u00f6r att verifiera dess riktighet;<br>\u2013 r\u00e4tten till r\u00e4ttelse: om de personuppgifter som plattformen innehar \u00e4r felaktiga kan de beg\u00e4ra att informationen uppdateras;<br>\u2013 R\u00e4tten till radering av data: anv\u00e4ndare kan beg\u00e4ra radering av sina personuppgifter i enlighet med till\u00e4mpliga dataskyddslagar;<br>\u2013 r\u00e4tten till begr\u00e4nsning av behandling: anv\u00e4ndare kan beg\u00e4ra att plattformen begr\u00e4nsar behandlingen av personuppgifter i enlighet med de antaganden som anges i RGPD;<br>\u2013 R\u00e4tten att inv\u00e4nda mot databehandling: anv\u00e4ndare kan inv\u00e4nda mot att deras uppgifter behandlas i enlighet med de antaganden som anges i RGPD;<br>\u2013 R\u00e4tten till portabilitet: de kan beg\u00e4ra att Plattformen ger dem de personuppgifter de har l\u00e4mnat f\u00f6r att kunna \u00f6verf\u00f6ra dem till en ny Plattform.<\/p>\n\n\n\n<p>Du kan ut\u00f6va denna r\u00e4ttighet genom att kontakta oss p\u00e5 f\u00f6ljande adress: Onixxx - 78 avenue des champs Elys\u00e9e - bureau 562 - 75008 PARIS. eller via e-post, p\u00e5 f\u00f6ljande adress: contact@onixxx.com<\/p>\n\n\n\n<p>Alla f\u00f6rfr\u00e5gningar ska \u00e5tf\u00f6ljas av en undertecknad fotokopia av en giltig identitetshandling och ska ange den adress p\u00e5 vilken f\u00f6rlaget kan kontakta den s\u00f6kande. Ett svar kommer att skickas inom en m\u00e5nad efter mottagandet av beg\u00e4ran.<\/p>\n\n\n\n<p>Denna period p\u00e5 en m\u00e5nad kan f\u00f6rl\u00e4ngas med tv\u00e5 m\u00e5nader om beg\u00e4rans komplexitet och\/eller antalet f\u00f6rfr\u00e5gningar kr\u00e4ver det.<br>Dessutom, och sedan lagen nr 2016-1321 av den 7 oktober 2016, har personer som s\u00e5 \u00f6nskar m\u00f6jlighet att organisera \u00f6det f\u00f6r sina uppgifter efter sin d\u00f6d. F\u00f6r mer information om \u00e4mnet kan du konsultera CNIL:s webbplats: https:\/\/www.cnil.fr\/.<\/p>\n\n\n\n<p>Anv\u00e4ndare kan ocks\u00e5 l\u00e4mna in ett klagom\u00e5l till CNIL p\u00e5 CNIL:s webbplats: https:\/\/www.cnil.fr.<br>Vi rekommenderar att du kontaktar oss f\u00f6rst innan du l\u00e4mnar in ett klagom\u00e5l till CNIL, eftersom vi st\u00e5r helt till ditt f\u00f6rfogande f\u00f6r att l\u00f6sa ditt problem.<\/p>","protected":false},"excerpt":{"rendered":"<p>Article 1 &#8211; Legal information 1.1 Site (hereinafter &#8220;the site&#8221;): onixxx.com1.2 Publisher (hereinafter &#8220;the Publisher&#8221;):\u2028The present legal notice applies to all sales concluded on the https:\/\/onixxx.com website.\u2028The company&#8217;s contact details are as follows: Website link: [&hellip;]<\/p>\n","protected":false},"author":4,"featured_media":0,"parent":0,"menu_order":0,"comment_status":"closed","ping_status":"closed","template":"","meta":{"_seopress_robots_primary_cat":"","_seopress_titles_title":"Terms of use | Onixxx","_seopress_titles_desc":"Article 1 &#8211; Legal information 1.1 Site (hereinafter &#8220;the site&#8221;): onixxx.com1.2 Publisher (hereinafter &#8220;the Publisher&#8221;): Th...","_seopress_robots_index":"","site-sidebar-layout":"default","site-content-layout":"","ast-site-content-layout":"default","site-content-style":"default","site-sidebar-style":"default","ast-global-header-display":"","ast-banner-title-visibility":"","ast-main-header-display":"","ast-hfb-above-header-display":"","ast-hfb-below-header-display":"","ast-hfb-mobile-header-display":"","site-post-title":"","ast-breadcrumbs-content":"","ast-featured-img":"","footer-sml-layout":"","ast-disable-related-posts":"","theme-transparent-header-meta":"","adv-header-id-meta":"","stick-header-meta":"","header-above-stick-meta":"","header-main-stick-meta":"","header-below-stick-meta":"","astra-migrate-meta-layouts":"set","ast-page-background-enabled":"default","ast-page-background-meta":{"desktop":{"background-color":"","background-image":"","background-repeat":"repeat","background-position":"center center","background-size":"auto","background-attachment":"scroll","background-type":"","background-media":"","overlay-type":"","overlay-color":"","overlay-opacity":"","overlay-gradient":""},"tablet":{"background-color":"","background-image":"","background-repeat":"repeat","background-position":"center center","background-size":"auto","background-attachment":"scroll","background-type":"","background-media":"","overlay-type":"","overlay-color":"","overlay-opacity":"","overlay-gradient":""},"mobile":{"background-color":"","background-image":"","background-repeat":"repeat","background-position":"center center","background-size":"auto","background-attachment":"scroll","background-type":"","background-media":"","overlay-type":"","overlay-color":"","overlay-opacity":"","overlay-gradient":""}},"ast-content-background-meta":{"desktop":{"background-color":"var(--ast-global-color-5)","background-image":"","background-repeat":"repeat","background-position":"center center","background-size":"auto","background-attachment":"scroll","background-type":"","background-media":"","overlay-type":"","overlay-color":"","overlay-opacity":"","overlay-gradient":""},"tablet":{"background-color":"var(--ast-global-color-5)","background-image":"","background-repeat":"repeat","background-position":"center center","background-size":"auto","background-attachment":"scroll","background-type":"","background-media":"","overlay-type":"","overlay-color":"","overlay-opacity":"","overlay-gradient":""},"mobile":{"background-color":"var(--ast-global-color-5)","background-image":"","background-repeat":"repeat","background-position":"center center","background-size":"auto","background-attachment":"scroll","background-type":"","background-media":"","overlay-type":"","overlay-color":"","overlay-opacity":"","overlay-gradient":""}},"footnotes":""},"class_list":["post-7126","page","type-page","status-publish","hentry"],"_links":{"self":[{"href":"https:\/\/onixxx.com\/sv\/wp-json\/wp\/v2\/pages\/7126","targetHints":{"allow":["GET"]}}],"collection":[{"href":"https:\/\/onixxx.com\/sv\/wp-json\/wp\/v2\/pages"}],"about":[{"href":"https:\/\/onixxx.com\/sv\/wp-json\/wp\/v2\/types\/page"}],"author":[{"embeddable":true,"href":"https:\/\/onixxx.com\/sv\/wp-json\/wp\/v2\/users\/4"}],"replies":[{"embeddable":true,"href":"https:\/\/onixxx.com\/sv\/wp-json\/wp\/v2\/comments?post=7126"}],"version-history":[{"count":2,"href":"https:\/\/onixxx.com\/sv\/wp-json\/wp\/v2\/pages\/7126\/revisions"}],"predecessor-version":[{"id":15850,"href":"https:\/\/onixxx.com\/sv\/wp-json\/wp\/v2\/pages\/7126\/revisions\/15850"}],"wp:attachment":[{"href":"https:\/\/onixxx.com\/sv\/wp-json\/wp\/v2\/media?parent=7126"}],"curies":[{"name":"wp","href":"https:\/\/api.w.org\/{rel}","templated":true}]}}