{"id":7139,"date":"2024-03-18T08:17:53","date_gmt":"2024-03-18T16:17:53","guid":{"rendered":"https:\/\/darkslategrey-otter-798920.hostingersite.com\/?page_id=7139"},"modified":"2026-03-20T04:03:56","modified_gmt":"2026-03-20T03:03:56","slug":"frakt-och-aterbetalningspolicy","status":"publish","type":"page","link":"https:\/\/onixxx.com\/sv\/shipping-and-refund-policy\/","title":{"rendered":"Frakt- och \u00e5terbetalningspolicy"},"content":{"rendered":"<p><strong>Inledning<\/strong><\/p>\n\n\n\n<p>Du kommer att st\u00e5 f\u00f6r fraktkostnaderna i samband med returen av din vara. Vi ansvarar inte f\u00f6r f\u00f6rlust eller skada under transporten.<\/p>\n\n\n\n<p>Du m\u00e5ste ocks\u00e5 f\u00f6rskottsbetala frakt och f\u00f6rs\u00e4kring (om till\u00e4mpligt) f\u00f6r alla returer. Om din retur \u00e4r ber\u00e4ttigad till \u00e5terbetalning kommer den inte att inkludera frakt- och hanteringskostnader som kan visas p\u00e5 f\u00f6ljesedeln eller fakturan.<\/p>\n\n\n\n<p>N\u00e4r vi har tagit emot den returnerade produkten kommer vi att unders\u00f6ka den och meddela dig via e-post, inom rimlig tid, om du har r\u00e4tt till \u00e5terbetalning eller byte. Om du har r\u00e4tt till byte eller \u00e5terbetalning kommer vi att ers\u00e4tta produkten eller \u00e5terbetala k\u00f6peskillingen (beroende p\u00e5 den ursprungliga betalningsmetoden).<\/p>\n\n\n\n<p>Kontaktuppgifter:<\/p>\n\n\n\n<p>L\u00e4nk till webbplatsen: <a href=\"https:\/\/onixxx.com\/sv\/\" title=\"Hem\" data-wpil-monitor-id=\"6\">onixxx.com<\/a><br>F\u00f6retagets namn: Brand Success <\/p>\n\n\n\n<p>Siret: 83353766500022<br>Postadress: 78 avenue des champs Elys\u00e9e \u2013 bureau 562 \u2013 75008 PARIS \u2013 FRANKRIKE<br>Telefonnummer: 0767010363<br>E-postadress: contact@onixxx.com<\/p>\n\n\n\n<p><strong>Artikel 1 \u2013 Retur av o\u00f6ppnade varor:<\/strong><\/p>\n\n\n\n<p>Vi accepterar endast retur av varor som returneras inom 14 dagar efter leverans, vilket framg\u00e5r av den ursprungliga sp\u00e5rningsinformationen.<\/p>\n\n\n\n<p><strong>Artikel 2 \u2013 Utbyten<\/strong><\/p>\n\n\n\n<p>Vi byter endast defekta eller skadade varor. Om du anser att en produkt \u00e4r defekt, v\u00e4nligen kontakta oss inom 14 dagar efter ditt k\u00f6p p\u00e5 telefonnumret eller e-postadressen som visas \u00f6verst p\u00e5 sidan och ange detaljer om produkten och defekten. Vi kommer sedan att ge dig r\u00e5d om hur du returnerar produkten.<\/p>\n\n\n\n<p><strong>Artikel 3 \u2013 Frakt<\/strong><\/p>\n\n\n\n<p>Om kunden av n\u00e5gon anledning vill returnera produkten som k\u00f6pts p\u00e5 sajten till s\u00e4ljaren, m\u00e5ste kunden informera s\u00e4ljaren i f\u00f6rv\u00e4g, s\u00e5 att denne kan kommunicera instruktionerna f\u00f6r produktreturen. Om kunden returnerar produkten till s\u00e4ljaren p\u00e5 eget initiativ kan s\u00e4ljaren neka paketet och inte forts\u00e4tta med \u00e5terbetalningen.<\/p>\n\n\n\n<p>Vi ansvarar inte f\u00f6r f\u00f6rlust eller skada under transporten. Om din retur \u00e4r ber\u00e4ttigad till \u00e5terbetalning kommer den inte att inkludera frakt- och hanteringskostnader som kan visas p\u00e5 f\u00f6ljesedeln eller fakturan.<\/p>\n\n\n\n<p>F\u00f6r att returnera eller byta varan du har k\u00f6pt, v\u00e4nligen posta den, tillsammans med en kopia av ditt kvitto och annan information om ditt k\u00f6p, till adressen som anges nedan:<\/p>\n\n\n\n<p>Brand Success - 78 avenue des champs Elys\u00e9e - bureau 562 - 75008 PARIS - FRANKRIKE<\/p>\n\n\n\n<p><strong>Artikel 4 \u2013 Behandling<\/strong><\/p>\n\n\n\n<p>N\u00e4r vi tar emot din vara kommer vi att unders\u00f6ka den och meddela dig via e-post, inom rimlig tid, om du har r\u00e4tt till \u00e5terbetalning eller byte.<\/p>\n\n\n\n<p>Om du har r\u00e4tt till \u00e5terbetalning kommer vi att \u00e5terbetala k\u00f6peskillingen och en kredit kommer att till\u00e4mpas p\u00e5 det ursprungliga betalningss\u00e4ttet. Frakt- och hanteringsavgifter som du redan har betalat \u00e4r ej \u00e5terbetalningsbara och \u00e5terbetalda belopp inkluderar inte fraktkostnaden.<br>H\u00f6gst 14 arbetsdagar efter mottagandet av v\u00e5rt e-postmeddelande kan f\u00f6rflyta innan \u00e5terbetalningen har mottagits.<\/p>\n\n\n\n<p>Om du har r\u00e4tt till byte skickar vi en ny vara till den ursprungliga leveransadressen.<\/p>\n\n\n\n<p><strong>Artikel 5 \u2013 G\u00e5vor<\/strong><\/p>\n\n\n\n<p>Om den returnerade varan identifierades som en g\u00e5va vid k\u00f6ptillf\u00e4llet och skickades direkt till dig, kommer du att f\u00e5 en presentkredit motsvarande v\u00e4rdet av din retur. Om f\u00f6rem\u00e5let inte identifierades som en g\u00e5va vid k\u00f6ptillf\u00e4llet, eller om g\u00e5vogivaren f\u00f6redrog att ta emot f\u00f6rem\u00e5let f\u00f6rst och erbjuda det till dig senare, skickar vi en \u00e5terbetalning till g\u00e5vogivaren och han kommer att veta att du har returnerat f\u00f6rem\u00e5let.<\/p>\n\n\n\n<p><strong>Artikel 6 \u2013 Undantag fr\u00e5n \u00e5nger- och \u00e5terbetalningsr\u00e4tten<\/strong><\/p>\n\n\n\n<p>Alla personliga f\u00f6rem\u00e5l gjorda p\u00e5 best\u00e4llning fr\u00e5n v\u00e5r produktkatalog \u00e4r inte ber\u00e4ttigade till retur eller \u00e5terbetalning. Dessa f\u00f6rem\u00e5l anses inte vara \u00e5terbetalningsbara eller en del av en slutlig f\u00f6rs\u00e4ljning.<\/p>\n\n\n\n<p>\u00c4nd\u00e5 gynnas personliga produkter av r\u00e4tten till \u00f6verensst\u00e4mmelse enligt definitionen i v\u00e5ra allm\u00e4nna f\u00f6rs\u00e4ljningsvillkor. F\u00f6retaget \u00e4r inte skyldigt att ers\u00e4tta merkostnader om konsumenten uttryckligen har valt ett leveranss\u00e4tt som \u00e4r dyrare \u00e4n det standardleveranss\u00e4tt som yrkesut\u00f6varen f\u00f6reslagit.<\/p>","protected":false},"excerpt":{"rendered":"<p>Preamble You will be responsible for the shipping costs associated with the return of your item. We are not responsible for loss or damage in transit. You must also prepay shipping and insurance (if applicable) [&hellip;]<\/p>\n","protected":false},"author":4,"featured_media":0,"parent":0,"menu_order":0,"comment_status":"closed","ping_status":"closed","template":"","meta":{"_seopress_robots_primary_cat":"","_seopress_titles_title":"Shipping and refund policy | Onixxx","_seopress_titles_desc":"Preamble You will be responsible for the shipping costs associated with the return of your item. We are not responsible for loss or damage in transit. Y...","_seopress_robots_index":"","site-sidebar-layout":"default","site-content-layout":"","ast-site-content-layout":"default","site-content-style":"default","site-sidebar-style":"default","ast-global-header-display":"","ast-banner-title-visibility":"","ast-main-header-display":"","ast-hfb-above-header-display":"","ast-hfb-below-header-display":"","ast-hfb-mobile-header-display":"","site-post-title":"","ast-breadcrumbs-content":"","ast-featured-img":"","footer-sml-layout":"","ast-disable-related-posts":"","theme-transparent-header-meta":"","adv-header-id-meta":"","stick-header-meta":"","header-above-stick-meta":"","header-main-stick-meta":"","header-below-stick-meta":"","astra-migrate-meta-layouts":"set","ast-page-background-enabled":"default","ast-page-background-meta":{"desktop":{"background-color":"","background-image":"","background-repeat":"repeat","background-position":"center center","background-size":"auto","background-attachment":"scroll","background-type":"","background-media":"","overlay-type":"","overlay-color":"","overlay-opacity":"","overlay-gradient":""},"tablet":{"background-color":"","background-image":"","background-repeat":"repeat","background-position":"center center","background-size":"auto","background-attachment":"scroll","background-type":"","background-media":"","overlay-type":"","overlay-color":"","overlay-opacity":"","overlay-gradient":""},"mobile":{"background-color":"","background-image":"","background-repeat":"repeat","background-position":"center center","background-size":"auto","background-attachment":"scroll","background-type":"","background-media":"","overlay-type":"","overlay-color":"","overlay-opacity":"","overlay-gradient":""}},"ast-content-background-meta":{"desktop":{"background-color":"var(--ast-global-color-5)","background-image":"","background-repeat":"repeat","background-position":"center center","background-size":"auto","background-attachment":"scroll","background-type":"","background-media":"","overlay-type":"","overlay-color":"","overlay-opacity":"","overlay-gradient":""},"tablet":{"background-color":"var(--ast-global-color-5)","background-image":"","background-repeat":"repeat","background-position":"center center","background-size":"auto","background-attachment":"scroll","background-type":"","background-media":"","overlay-type":"","overlay-color":"","overlay-opacity":"","overlay-gradient":""},"mobile":{"background-color":"var(--ast-global-color-5)","background-image":"","background-repeat":"repeat","background-position":"center center","background-size":"auto","background-attachment":"scroll","background-type":"","background-media":"","overlay-type":"","overlay-color":"","overlay-opacity":"","overlay-gradient":""}},"footnotes":""},"class_list":["post-7139","page","type-page","status-publish","hentry"],"_links":{"self":[{"href":"https:\/\/onixxx.com\/sv\/wp-json\/wp\/v2\/pages\/7139","targetHints":{"allow":["GET"]}}],"collection":[{"href":"https:\/\/onixxx.com\/sv\/wp-json\/wp\/v2\/pages"}],"about":[{"href":"https:\/\/onixxx.com\/sv\/wp-json\/wp\/v2\/types\/page"}],"author":[{"embeddable":true,"href":"https:\/\/onixxx.com\/sv\/wp-json\/wp\/v2\/users\/4"}],"replies":[{"embeddable":true,"href":"https:\/\/onixxx.com\/sv\/wp-json\/wp\/v2\/comments?post=7139"}],"version-history":[{"count":2,"href":"https:\/\/onixxx.com\/sv\/wp-json\/wp\/v2\/pages\/7139\/revisions"}],"predecessor-version":[{"id":15847,"href":"https:\/\/onixxx.com\/sv\/wp-json\/wp\/v2\/pages\/7139\/revisions\/15847"}],"wp:attachment":[{"href":"https:\/\/onixxx.com\/sv\/wp-json\/wp\/v2\/media?parent=7139"}],"curies":[{"name":"wp","href":"https:\/\/api.w.org\/{rel}","templated":true}]}}